{"id":4727,"date":"2023-05-10T20:33:56","date_gmt":"2023-05-10T20:33:56","guid":{"rendered":"https:\/\/chibolita.es\/?post_type=product&#038;p=4727"},"modified":"2024-02-10T17:11:23","modified_gmt":"2024-02-10T17:11:23","slug":"chicle-climax-10-units","status":"publish","type":"product","link":"https:\/\/chibolita.es\/index.php\/product\/chicle-climax-10-units\/","title":{"rendered":"Chicle CLIMAX 10 UNITS"},"content":{"rendered":"<p><span>WUG Climax se consume diez minutos antes de tener una relaci\u00f3n de pareja.\u00a0Para personas que pesen m\u00e1s de 80 kg, tomar dos chicles para conseguir el efecto deseado.<\/span><\/p>\n<p><span>Ingredientes<\/span><\/p>\n<p><span>Maca Andina \u00b7 Ginseng \u00b7 Damiana \u00b7 Muira Puama \u00b7 Tribulus Terrestris<\/span><\/p>\n<p><span>Principios activos<\/span><\/p>\n<p><span>camilla andina<\/span><\/p>\n<p><span>La maca, adem\u00e1s de revitalizar el cuerpo y la mente, es un poderoso afrodis\u00edaco y restaurador sexual.\u00a0La investigaci\u00f3n sobre su composici\u00f3n qu\u00edmica ha demostrado que la ra\u00edz de maca contiene una sustancia llamada isotiocianato de p-metoxibencilo, que aumenta la libido femenina y ayuda a resolver los problemas de impotencia.<\/span><\/p>\n<p><span>Damiana<\/span><\/p>\n<p><span>La Damiana es una planta de origen mexicano reconocida principalmente como un estimulante natural sin toxicidad, eficaz para aumentar el vigor sexual en ambos sexos.<\/span><\/p>\n<p><span>Ginseng<\/span><\/p>\n<p><span>El efecto m\u00e1s conocido del ginseng es la estimulaci\u00f3n de la libido en las gl\u00e1ndulas sexuales.\u00a0En mujeres, es beneficioso para aquellas que se encuentran en las primeras etapas de la menopausia.\u00a0Asimismo, en los hombres aumenta el flujo de sangre al pene.<\/span><\/p>\n<p><span>muira puama<\/span><\/p>\n<p><span>El uso a corto plazo de Muira Puama aumenta el flujo de sangre al \u00e1rea p\u00e9lvica, lo que ayuda a prolongar la sensaci\u00f3n de placer y el orgasmo en las mujeres, as\u00ed como las erecciones en los hombres.\u00a0El uso a largo plazo aumenta la producci\u00f3n de hormonas sexuales en ambos sexos.\u00a0Muira Puama es un verdadero afrodis\u00edaco natural y puede proporcionar el m\u00e9todo terap\u00e9utico natural m\u00e1s eficaz para la p\u00e9rdida de la libido en ambos sexos.<\/span><\/p>\n","protected":false},"excerpt":{"rendered":"<p>WUG Climax se consume diez minutos antes de tener una relaci\u00f3n de pareja.\u00a0Para personas que pesen m\u00e1s de 80 kg, tomar dos chicles para conseguir el efecto deseado. Ingredientes Maca Andina \u00b7 Ginseng \u00b7 Damiana \u00b7 Muira Puama \u00b7 Tribulus Terrestris Principios activos camilla andina La maca, adem\u00e1s de revitalizar el cuerpo y la mente, [&hellip;]<\/p>\n","protected":false},"featured_media":4728,"comment_status":"open","ping_status":"closed","template":"","meta":{"_eb_attr":"","site-sidebar-layout":"default","site-content-layout":"default","ast-site-content-layout":"default","site-content-style":"default","site-sidebar-style":"default","ast-global-header-display":"","ast-banner-title-visibility":"","ast-main-header-display":"","ast-hfb-above-header-display":"","ast-hfb-below-header-display":"","ast-hfb-mobile-header-display":"","site-post-title":"","ast-breadcrumbs-content":"","ast-featured-img":"","footer-sml-layout":"","ast-disable-related-posts":"","theme-transparent-header-meta":"default","adv-header-id-meta":"","stick-header-meta":"","header-above-stick-meta":"","header-main-stick-meta":"","header-below-stick-meta":"","astra-migrate-meta-layouts":"default","ast-page-background-enabled":"default","ast-page-background-meta":{"desktop":{"background-color":"var(--ast-global-color-4)","background-image":"","background-repeat":"repeat","background-position":"center center","background-size":"auto","background-attachment":"scroll","background-type":"","background-media":"","overlay-type":"","overlay-color":"","overlay-opacity":"","overlay-gradient":""},"tablet":{"background-color":"","background-image":"","background-repeat":"repeat","background-position":"center center","background-size":"auto","background-attachment":"scroll","background-type":"","background-media":"","overlay-type":"","overlay-color":"","overlay-opacity":"","overlay-gradient":""},"mobile":{"background-color":"","background-image":"","background-repeat":"repeat","background-position":"center center","background-size":"auto","background-attachment":"scroll","background-type":"","background-media":"","overlay-type":"","overlay-color":"","overlay-opacity":"","overlay-gradient":""}},"ast-content-background-meta":{"desktop":{"background-color":"var(--ast-global-color-5)","background-image":"","background-repeat":"repeat","background-position":"center center","background-size":"auto","background-attachment":"scroll","background-type":"","background-media":"","overlay-type":"","overlay-color":"","overlay-opacity":"","overlay-gradient":""},"tablet":{"background-color":"var(--ast-global-color-5)","background-image":"","background-repeat":"repeat","background-position":"center center","background-size":"auto","background-attachment":"scroll","background-type":"","background-media":"","overlay-type":"","overlay-color":"","overlay-opacity":"","overlay-gradient":""},"mobile":{"background-color":"var(--ast-global-color-5)","background-image":"","background-repeat":"repeat","background-position":"center center","background-size":"auto","background-attachment":"scroll","background-type":"","background-media":"","overlay-type":"","overlay-color":"","overlay-opacity":"","overlay-gradient":""}}},"product_brand":[],"product_cat":[233,230,255],"product_tag":[],"class_list":{"0":"post-4727","1":"product","2":"type-product","3":"status-publish","4":"has-post-thumbnail","6":"product_cat-afrodisiacos-para-mujeres","7":"product_cat-farmacia","8":"product_cat-vida-sexual-saludable","9":"desktop-align-left","10":"tablet-align-left","11":"mobile-align-left","13":"first","14":"instock","15":"shipping-taxable","16":"purchasable","17":"product-type-simple"},"_links":{"self":[{"href":"https:\/\/chibolita.es\/index.php\/wp-json\/wp\/v2\/product\/4727","targetHints":{"allow":["GET"]}}],"collection":[{"href":"https:\/\/chibolita.es\/index.php\/wp-json\/wp\/v2\/product"}],"about":[{"href":"https:\/\/chibolita.es\/index.php\/wp-json\/wp\/v2\/types\/product"}],"replies":[{"embeddable":true,"href":"https:\/\/chibolita.es\/index.php\/wp-json\/wp\/v2\/comments?post=4727"}],"wp:featuredmedia":[{"embeddable":true,"href":"https:\/\/chibolita.es\/index.php\/wp-json\/wp\/v2\/media\/4728"}],"wp:attachment":[{"href":"https:\/\/chibolita.es\/index.php\/wp-json\/wp\/v2\/media?parent=4727"}],"wp:term":[{"taxonomy":"product_brand","embeddable":true,"href":"https:\/\/chibolita.es\/index.php\/wp-json\/wp\/v2\/product_brand?post=4727"},{"taxonomy":"product_cat","embeddable":true,"href":"https:\/\/chibolita.es\/index.php\/wp-json\/wp\/v2\/product_cat?post=4727"},{"taxonomy":"product_tag","embeddable":true,"href":"https:\/\/chibolita.es\/index.php\/wp-json\/wp\/v2\/product_tag?post=4727"}],"curies":[{"name":"wp","href":"https:\/\/api.w.org\/{rel}","templated":true}]}}