{"id":4723,"date":"2023-05-10T07:17:47","date_gmt":"2023-05-10T07:17:47","guid":{"rendered":"https:\/\/chibolita.es\/?post_type=product&#038;p=4723"},"modified":"2025-07-17T19:50:41","modified_gmt":"2025-07-17T19:50:41","slug":"vigoron-10-caps","status":"publish","type":"product","link":"https:\/\/chibolita.es\/index.php\/product\/vigoron-10-caps\/","title":{"rendered":"VIGORON \/ VIGOUR ON 10 CAPS"},"content":{"rendered":"<p><span>Vigoron es un afrodis\u00edaco extremadamente potente 100% natural que ha sido estudiado para aumentar la salud sexual y la vitalidad masculina.<\/span><\/p>\n<p><span>Con Vigoron puedes:<\/span><\/p>\n<p><span>\u2013 \u00a1Elimina la eyaculaci\u00f3n precoz!<\/span><br \/>\n<span>\u2013 \u00a1Genera intensos orgasmos m\u00faltiples!<\/span><br \/>\n<span>\u2013 \u00a1Aumenta el deseo sexual y la excitaci\u00f3n!<\/span><br \/>\n<span>\u2013 \u00a1Prolongue la resistencia sexual durante horas!<\/span><br \/>\n<span>\u2013 \u00a1Act\u00faa en aproximadamente 30 minutos!<\/span><br \/>\n<span>\u2013 \u00a1Es seguro incluso con bebidas alcoh\u00f3licas!<\/span><br \/>\n<span>\u2013 \u00a1Aumenta la sensibilidad y el placer sexual!<\/span><br \/>\n<span>\u2013 \u00a1Es 100% natural y con una f\u00f3rmula saludable!<\/span><br \/>\n<span>\u2013 \u00a1Dale a los hombres una erecci\u00f3n m\u00e1s duradera!<\/span><\/p>\n<h4><span>\u00bfQu\u00e9 hace que Vigoron sea un suplemento tan eficaz?<\/span><\/h4>\n<p><span>Durante cientos de a\u00f1os, las civilizaciones de todo el mundo han aprendido que las hierbas que crecen naturalmente logran resultados maravillosos con muchos menos efectos secundarios que los medicamentos recetados, por lo que los investigadores de Vigoron probaron varias docenas de estas hierbas y extractos antiguos para determinar la dosis y la combinaci\u00f3n ideales para que Vigoron sea producido con propiedades afrodis\u00edacas y libre de efectos secundarios.<\/span><br \/>\n<span>La combinaci\u00f3n perfecta de afrodis\u00edacos naturales a base de plantas para el desempe\u00f1o sexual masculino, por ejemplo, permite que Vigoron sea utilizado de manera efectiva por personas que sufren de ansiedad y por todos los hombres que solo buscan un impulso adicional y una mayor resistencia en el acto sexual de una manera saludable. ..<\/span><\/p>\n<p><span>Modo de Empleo: Tomar 1 c\u00e1psula al d\u00eda, con agua, 30 minutos antes de la actividad sexual.\u00a0Para obtener el m\u00e1ximo efecto, le recomendamos que lo tome con el est\u00f3mago vac\u00edo o 2 horas despu\u00e9s de las comidas, y preferiblemente 2 horas antes de la actividad sexual.\u00a0El efecto de Vigoron puede durar hasta 4 d\u00edas.<\/span><\/p>\n<h3><span>Advertencias<\/span><\/h3>\n<p><span>No se debe exceder la ingesta diaria recomendada.<\/span><\/p>\n<p><span>Los complementos alimenticios no deben considerarse como un sustituto de una dieta variada en este sentido, deben utilizarse con precauci\u00f3n.<\/span><\/p>\n<p><span>Los resultados pueden variar de un individuo a otro.<\/span><\/p>\n<p><span>Almacenar en un lugar fresco lejos de la luz solar.<\/span><\/p>\n<p><span>Mantener fuera del alcance de los ni\u00f1os.<\/span><\/p>\n","protected":false},"excerpt":{"rendered":"<p>Vigoron es un afrodis\u00edaco extremadamente potente 100% natural que ha sido estudiado para aumentar la salud sexual y la vitalidad masculina. Con Vigoron puedes: \u2013 \u00a1Elimina la eyaculaci\u00f3n precoz! \u2013 \u00a1Genera intensos orgasmos m\u00faltiples! \u2013 \u00a1Aumenta el deseo sexual y la excitaci\u00f3n! \u2013 \u00a1Prolongue la resistencia sexual durante horas! \u2013 \u00a1Act\u00faa en aproximadamente 30 minutos! [&hellip;]<\/p>\n","protected":false},"featured_media":4724,"comment_status":"open","ping_status":"closed","template":"","meta":{"_eb_attr":"","site-sidebar-layout":"default","site-content-layout":"default","ast-site-content-layout":"default","site-content-style":"default","site-sidebar-style":"default","ast-global-header-display":"","ast-banner-title-visibility":"","ast-main-header-display":"","ast-hfb-above-header-display":"","ast-hfb-below-header-display":"","ast-hfb-mobile-header-display":"","site-post-title":"","ast-breadcrumbs-content":"","ast-featured-img":"","footer-sml-layout":"","ast-disable-related-posts":"","theme-transparent-header-meta":"default","adv-header-id-meta":"","stick-header-meta":"","header-above-stick-meta":"","header-main-stick-meta":"","header-below-stick-meta":"","astra-migrate-meta-layouts":"default","ast-page-background-enabled":"default","ast-page-background-meta":{"desktop":{"background-color":"var(--ast-global-color-4)","background-image":"","background-repeat":"repeat","background-position":"center center","background-size":"auto","background-attachment":"scroll","background-type":"","background-media":"","overlay-type":"","overlay-color":"","overlay-opacity":"","overlay-gradient":""},"tablet":{"background-color":"","background-image":"","background-repeat":"repeat","background-position":"center center","background-size":"auto","background-attachment":"scroll","background-type":"","background-media":"","overlay-type":"","overlay-color":"","overlay-opacity":"","overlay-gradient":""},"mobile":{"background-color":"","background-image":"","background-repeat":"repeat","background-position":"center center","background-size":"auto","background-attachment":"scroll","background-type":"","background-media":"","overlay-type":"","overlay-color":"","overlay-opacity":"","overlay-gradient":""}},"ast-content-background-meta":{"desktop":{"background-color":"var(--ast-global-color-5)","background-image":"","background-repeat":"repeat","background-position":"center center","background-size":"auto","background-attachment":"scroll","background-type":"","background-media":"","overlay-type":"","overlay-color":"","overlay-opacity":"","overlay-gradient":""},"tablet":{"background-color":"var(--ast-global-color-5)","background-image":"","background-repeat":"repeat","background-position":"center center","background-size":"auto","background-attachment":"scroll","background-type":"","background-media":"","overlay-type":"","overlay-color":"","overlay-opacity":"","overlay-gradient":""},"mobile":{"background-color":"var(--ast-global-color-5)","background-image":"","background-repeat":"repeat","background-position":"center center","background-size":"auto","background-attachment":"scroll","background-type":"","background-media":"","overlay-type":"","overlay-color":"","overlay-opacity":"","overlay-gradient":""}}},"product_brand":[],"product_cat":[230,308,250,238],"product_tag":[],"class_list":{"0":"post-4723","1":"product","2":"type-product","3":"status-publish","4":"has-post-thumbnail","6":"product_cat-farmacia","7":"product_cat-marca-ultimate-natura","8":"product_cat-marca-vigour","9":"product_cat-todos-los-afrodisiacos-para-hombres","10":"desktop-align-left","11":"tablet-align-left","12":"mobile-align-left","14":"first","15":"instock","16":"sale","17":"shipping-taxable","18":"purchasable","19":"product-type-simple"},"_links":{"self":[{"href":"https:\/\/chibolita.es\/index.php\/wp-json\/wp\/v2\/product\/4723","targetHints":{"allow":["GET"]}}],"collection":[{"href":"https:\/\/chibolita.es\/index.php\/wp-json\/wp\/v2\/product"}],"about":[{"href":"https:\/\/chibolita.es\/index.php\/wp-json\/wp\/v2\/types\/product"}],"replies":[{"embeddable":true,"href":"https:\/\/chibolita.es\/index.php\/wp-json\/wp\/v2\/comments?post=4723"}],"wp:featuredmedia":[{"embeddable":true,"href":"https:\/\/chibolita.es\/index.php\/wp-json\/wp\/v2\/media\/4724"}],"wp:attachment":[{"href":"https:\/\/chibolita.es\/index.php\/wp-json\/wp\/v2\/media?parent=4723"}],"wp:term":[{"taxonomy":"product_brand","embeddable":true,"href":"https:\/\/chibolita.es\/index.php\/wp-json\/wp\/v2\/product_brand?post=4723"},{"taxonomy":"product_cat","embeddable":true,"href":"https:\/\/chibolita.es\/index.php\/wp-json\/wp\/v2\/product_cat?post=4723"},{"taxonomy":"product_tag","embeddable":true,"href":"https:\/\/chibolita.es\/index.php\/wp-json\/wp\/v2\/product_tag?post=4723"}],"curies":[{"name":"wp","href":"https:\/\/api.w.org\/{rel}","templated":true}]}}