{"id":4716,"date":"2023-05-10T07:08:43","date_gmt":"2023-05-10T07:08:43","guid":{"rendered":"https:\/\/chibolita.es\/?post_type=product&#038;p=4716"},"modified":"2024-02-10T17:11:24","modified_gmt":"2024-02-10T17:11:24","slug":"sizegain-plus","status":"publish","type":"product","link":"https:\/\/chibolita.es\/index.php\/product\/sizegain-plus\/","title":{"rendered":"Sizegain Plus"},"content":{"rendered":"<p><span>SizeGain Plus es un complemento alimenticio para aumentar el tama\u00f1o del pene as\u00ed como para fortalecer la masculinidad masculina y mejorar la potencia sexual.\u00a0Sus ingredientes naturales ayudan a conseguir una vida sexual de calidad, permitiendo aumentar la virilidad del miembro.\u00a0Adem\u00e1s, incorpora Piperina\u00ae, ingrediente que facilita la absorci\u00f3n de los principios activos, por lo que es uno de los mejores remedios para alargar y engrosar el pene.<\/span><\/p>\n<p><span>SizeGain Plus est\u00e1 indicado para:<\/span><\/p>\n<ul>\n<li><span>Estirar el miembro masculino<\/span><\/li>\n<li><span>Aumentar el di\u00e1metro del pene.<\/span><\/li>\n<li><span>Aumentar la potencia sexual<\/span><\/li>\n<\/ul>\n<p><span>Como funciona:<\/span><\/p>\n<p><span>SizeGain Plus es un complemento alimenticio compuesto por una combinaci\u00f3n de extractos naturales que aumentan el riego sangu\u00edneo en la zona genital.\u00a0Gracias a los componentes naturales de las pastillas para agrandar el pene SizeGain Plus, los cuerpos cavernosos aumentan su circulaci\u00f3n y con ello su tama\u00f1o a largo plazo, albergando m\u00e1s sangre cada vez que se produce una erecci\u00f3n.<\/span><\/p>\n<p><span>Adem\u00e1s, estos ingredientes favorecen un aumento del tono muscular y del riego sangu\u00edneo de la zona, lo que ayuda a mejorar la actividad de los \u00f3rganos masculinos en su conjunto y aumentar la potencia sexual.<\/span><\/p>\n<p><span>Indicaciones:<\/span><\/p>\n<ul>\n<li><span>Modo de empleo: v\u00eda oral Formato: caja con 30 pastillas<\/span><\/li>\n<li><span>Duraci\u00f3n: 1 mes\/caja Dosis: un comprimido a tomar al d\u00eda.<\/span><\/li>\n<li><span>SizeGain Plus es un complemento alimenticio que no mejora sus efectos cuando se toma en grandes cantidades.\u00a0De lo contrario, el plan podr\u00eda fracasar.<\/span><\/li>\n<li><span>Cu\u00e1ndo tomarlo: se recomienda tomar SizeGain Plus con el est\u00f3mago lleno, preferiblemente despu\u00e9s del desayuno.<\/span><\/li>\n<\/ul>\n<p>&nbsp;<\/p>\n<p><span>\u00bfCu\u00e1ntas pastillas se deben tomar por d\u00eda?<\/span><\/p>\n<ul>\n<li><span>1 tableta al d\u00eda para obtener resultados \u00f3ptimos.\u00a0Es recomendable hacerlo despu\u00e9s del desayuno y no aconsejamos exceder la dosis diaria.\u00a0Recuerde que tomar m\u00e1s pastillas no mejora los resultados.<\/span><\/li>\n<\/ul>\n<p><span>\u00bfEl uso de SizeGain Plus es solo para personas que quieren agrandar su pene?<\/span><\/p>\n<ul>\n<li><span>Entre sus cualidades encontramos no solo la capacidad de alargar el pene de forma natural, SizeGain Plus tambi\u00e9n revitaliza y proporciona una mayor potencia sexual, permiti\u00e9ndote disfrutar de erecciones m\u00e1s fuertes y duraderas.<\/span><\/li>\n<\/ul>\n<p><span>\u00bfEs necesario ser mayor de edad para adquirir el producto?<\/span><\/p>\n<ul>\n<li><span>S\u00ed.\u00a0Debes ser mayor de edad para adquirirlo.<\/span><\/li>\n<\/ul>\n<p><span>\u00bfNecesita una receta para comprar?<\/span><\/p>\n<ul>\n<li><span>No.\u00a0SizeGain Plus es un complemento alimenticio compuesto \u00fanicamente por ingredientes naturales, por lo tanto no es un medicamento y no requiere receta m\u00e9dica para comprarlo.<\/span><\/li>\n<\/ul>\n<p><span>\u00bfTiene alg\u00fan tipo de efecto secundario?<\/span><\/p>\n<ul>\n<li><span>No.\u00a0Por estar elaborado con ingredientes naturales, su consumo no provoca efectos secundarios que puedan ser perjudiciales para la salud.\u00a0Eso s\u00ed, teniendo en cuenta que puedes ser al\u00e9rgico a alguno de los ingredientes, se recomienda no utilizar este producto para evitar posibles reacciones.<\/span><\/li>\n<\/ul>\n<p><span>\u00bfEst\u00e1 contraindicado para alguien el uso de Sizegain Plus?\u00a0\u00bfEn qu\u00e9 casos?<\/span><\/p>\n<ul>\n<li><span>No recomendamos su uso a personas con problemas de hipertensi\u00f3n, pr\u00f3stata o coraz\u00f3n.\u00a0Tampoco se recomienda si est\u00e1 tomando antidepresivos u otros medicamentos recetados para tratar problemas emocionales o psicol\u00f3gicos.\u00a0Si est\u00e1 tomando alg\u00fan tipo de medicaci\u00f3n distinta a las mencionadas o padece alguna otra enfermedad, debe consultar a un m\u00e9dico antes de utilizar el producto.<\/span><\/li>\n<\/ul>\n","protected":false},"excerpt":{"rendered":"<p>SizeGain Plus es un complemento alimenticio para aumentar el tama\u00f1o del pene as\u00ed como para fortalecer la masculinidad masculina y mejorar la potencia sexual.\u00a0Sus ingredientes naturales ayudan a conseguir una vida sexual de calidad, permitiendo aumentar la virilidad del miembro.\u00a0Adem\u00e1s, incorpora Piperina\u00ae, ingrediente que facilita la absorci\u00f3n de los principios activos, por lo que es [&hellip;]<\/p>\n","protected":false},"featured_media":4718,"comment_status":"open","ping_status":"closed","template":"","meta":{"_eb_attr":"","site-sidebar-layout":"default","site-content-layout":"default","ast-site-content-layout":"default","site-content-style":"default","site-sidebar-style":"default","ast-global-header-display":"","ast-banner-title-visibility":"","ast-main-header-display":"","ast-hfb-above-header-display":"","ast-hfb-below-header-display":"","ast-hfb-mobile-header-display":"","site-post-title":"","ast-breadcrumbs-content":"","ast-featured-img":"","footer-sml-layout":"","ast-disable-related-posts":"","theme-transparent-header-meta":"default","adv-header-id-meta":"","stick-header-meta":"","header-above-stick-meta":"","header-main-stick-meta":"","header-below-stick-meta":"","astra-migrate-meta-layouts":"default","ast-page-background-enabled":"default","ast-page-background-meta":{"desktop":{"background-color":"var(--ast-global-color-4)","background-image":"","background-repeat":"repeat","background-position":"center center","background-size":"auto","background-attachment":"scroll","background-type":"","background-media":"","overlay-type":"","overlay-color":"","overlay-opacity":"","overlay-gradient":""},"tablet":{"background-color":"","background-image":"","background-repeat":"repeat","background-position":"center center","background-size":"auto","background-attachment":"scroll","background-type":"","background-media":"","overlay-type":"","overlay-color":"","overlay-opacity":"","overlay-gradient":""},"mobile":{"background-color":"","background-image":"","background-repeat":"repeat","background-position":"center center","background-size":"auto","background-attachment":"scroll","background-type":"","background-media":"","overlay-type":"","overlay-color":"","overlay-opacity":"","overlay-gradient":""}},"ast-content-background-meta":{"desktop":{"background-color":"var(--ast-global-color-5)","background-image":"","background-repeat":"repeat","background-position":"center center","background-size":"auto","background-attachment":"scroll","background-type":"","background-media":"","overlay-type":"","overlay-color":"","overlay-opacity":"","overlay-gradient":""},"tablet":{"background-color":"var(--ast-global-color-5)","background-image":"","background-repeat":"repeat","background-position":"center center","background-size":"auto","background-attachment":"scroll","background-type":"","background-media":"","overlay-type":"","overlay-color":"","overlay-opacity":"","overlay-gradient":""},"mobile":{"background-color":"var(--ast-global-color-5)","background-image":"","background-repeat":"repeat","background-position":"center center","background-size":"auto","background-attachment":"scroll","background-type":"","background-media":"","overlay-type":"","overlay-color":"","overlay-opacity":"","overlay-gradient":""}}},"product_brand":[],"product_cat":[243,230,244,238],"product_tag":[],"class_list":{"0":"post-4716","1":"product","2":"type-product","3":"status-publish","4":"has-post-thumbnail","6":"product_cat-aumento-del-pene","7":"product_cat-farmacia","8":"product_cat-pastillas-para-agrandar-el-pene","9":"product_cat-todos-los-afrodisiacos-para-hombres","10":"desktop-align-left","11":"tablet-align-left","12":"mobile-align-left","14":"first","15":"instock","16":"shipping-taxable","17":"purchasable","18":"product-type-simple"},"_links":{"self":[{"href":"https:\/\/chibolita.es\/index.php\/wp-json\/wp\/v2\/product\/4716","targetHints":{"allow":["GET"]}}],"collection":[{"href":"https:\/\/chibolita.es\/index.php\/wp-json\/wp\/v2\/product"}],"about":[{"href":"https:\/\/chibolita.es\/index.php\/wp-json\/wp\/v2\/types\/product"}],"replies":[{"embeddable":true,"href":"https:\/\/chibolita.es\/index.php\/wp-json\/wp\/v2\/comments?post=4716"}],"wp:featuredmedia":[{"embeddable":true,"href":"https:\/\/chibolita.es\/index.php\/wp-json\/wp\/v2\/media\/4718"}],"wp:attachment":[{"href":"https:\/\/chibolita.es\/index.php\/wp-json\/wp\/v2\/media?parent=4716"}],"wp:term":[{"taxonomy":"product_brand","embeddable":true,"href":"https:\/\/chibolita.es\/index.php\/wp-json\/wp\/v2\/product_brand?post=4716"},{"taxonomy":"product_cat","embeddable":true,"href":"https:\/\/chibolita.es\/index.php\/wp-json\/wp\/v2\/product_cat?post=4716"},{"taxonomy":"product_tag","embeddable":true,"href":"https:\/\/chibolita.es\/index.php\/wp-json\/wp\/v2\/product_tag?post=4716"}],"curies":[{"name":"wp","href":"https:\/\/api.w.org\/{rel}","templated":true}]}}