{"id":4710,"date":"2023-05-10T06:58:09","date_gmt":"2023-05-10T06:58:09","guid":{"rendered":"https:\/\/chibolita.es\/?post_type=product&#038;p=4710"},"modified":"2026-04-23T22:10:47","modified_gmt":"2026-04-23T22:10:47","slug":"king-wolf-plus","status":"publish","type":"product","link":"https:\/\/chibolita.es\/index.php\/product\/king-wolf-plus\/","title":{"rendered":"King Wolf Plus"},"content":{"rendered":"<div><strong><span>DESCRIPCI\u00d3N:<\/span><\/strong><\/div>\n<div><span>KING WOLF PLUS con 7000 mg de extractos naturales, cient\u00edficamente probados para ser efectivos para mejorar r\u00e1pidamente el rendimiento sexual y la fuerza de las erecciones.\u00a0Reduce la eyaculaci\u00f3n precoz al prolongar el acto sexual por mucho m\u00e1s tiempo.<\/span><\/div>\n<div><\/div>\n<div><span>KING WOLF PLUS aumenta el suministro de sangre al pene, como consecuencia directa del aumento de la libido y el deseo sexual por mucho m\u00e1s tiempo, el efecto se nota en los primeros 15 minutos y se puede sentir durante 3 d\u00edas.\u00a0\u00a1Y lo mejor de todo es que se puede tomar incluso despu\u00e9s de haber ingerido unas cuantas (pocas) bebidas alcoh\u00f3licas!<\/span><\/div>\n<div><\/div>\n<div><strong><span>BENEFICIOS:<\/span><\/strong><\/div>\n<div><span>&gt; Mayor resistencia sexual;<\/span><\/div>\n<div><span>&gt; Sin efectos adversos;<\/span><\/div>\n<div><span>&gt; Mejora el rendimiento y el deseo sexual.<\/span><\/div>\n<div><\/div>\n<div><strong><span>PRECAUCIONES:<\/span><\/strong><\/div>\n<div><span>&gt; Este producto no reemplaza una dieta variada;<\/span><\/div>\n<div><span>&gt; Mantener fuera del alcance de los ni\u00f1os;<\/span><\/div>\n<div><span>&gt; No exceda la dosis recomendada.<\/span><\/div>\n<div><\/div>\n<div><strong><span>INGREDIENTES:<\/span><\/strong><\/div>\n<div><span>Panax quinguefolium, ra\u00edz de astr\u00e1galo, herba epimedium, extracto de semilla, bayas de palma enana americana, n\u00edspero y maicena.<\/span><\/div>\n<div><\/div>\n<div><strong><span>Modo de consumo:<\/span><\/strong><\/div>\n<div><span>Tome 1 tableta 15 minutos antes del sexo;<\/span><\/div>\n<div><span>No exceda de la porci\u00f3n recomendada.<\/span><\/div>\n<div><span>El paquete contiene 10 pastillas.<\/span><\/div>\n","protected":false},"excerpt":{"rendered":"<p>DESCRIPCI\u00d3N: KING WOLF PLUS con 7000 mg de extractos naturales, cient\u00edficamente probados para ser efectivos para mejorar r\u00e1pidamente el rendimiento sexual y la fuerza de las erecciones.\u00a0Reduce la eyaculaci\u00f3n precoz al prolongar el acto sexual por mucho m\u00e1s tiempo. KING WOLF PLUS aumenta el suministro de sangre al pene, como consecuencia directa del aumento de [&hellip;]<\/p>\n","protected":false},"featured_media":4711,"comment_status":"open","ping_status":"closed","template":"","meta":{"_eb_attr":"","site-sidebar-layout":"default","site-content-layout":"default","ast-site-content-layout":"default","site-content-style":"default","site-sidebar-style":"default","ast-global-header-display":"","ast-banner-title-visibility":"","ast-main-header-display":"","ast-hfb-above-header-display":"","ast-hfb-below-header-display":"","ast-hfb-mobile-header-display":"","site-post-title":"","ast-breadcrumbs-content":"","ast-featured-img":"","footer-sml-layout":"","ast-disable-related-posts":"","theme-transparent-header-meta":"default","adv-header-id-meta":"","stick-header-meta":"","header-above-stick-meta":"","header-main-stick-meta":"","header-below-stick-meta":"","astra-migrate-meta-layouts":"default","ast-page-background-enabled":"default","ast-page-background-meta":{"desktop":{"background-color":"var(--ast-global-color-4)","background-image":"","background-repeat":"repeat","background-position":"center center","background-size":"auto","background-attachment":"scroll","background-type":"","background-media":"","overlay-type":"","overlay-color":"","overlay-opacity":"","overlay-gradient":""},"tablet":{"background-color":"","background-image":"","background-repeat":"repeat","background-position":"center center","background-size":"auto","background-attachment":"scroll","background-type":"","background-media":"","overlay-type":"","overlay-color":"","overlay-opacity":"","overlay-gradient":""},"mobile":{"background-color":"","background-image":"","background-repeat":"repeat","background-position":"center center","background-size":"auto","background-attachment":"scroll","background-type":"","background-media":"","overlay-type":"","overlay-color":"","overlay-opacity":"","overlay-gradient":""}},"ast-content-background-meta":{"desktop":{"background-color":"var(--ast-global-color-5)","background-image":"","background-repeat":"repeat","background-position":"center center","background-size":"auto","background-attachment":"scroll","background-type":"","background-media":"","overlay-type":"","overlay-color":"","overlay-opacity":"","overlay-gradient":""},"tablet":{"background-color":"var(--ast-global-color-5)","background-image":"","background-repeat":"repeat","background-position":"center center","background-size":"auto","background-attachment":"scroll","background-type":"","background-media":"","overlay-type":"","overlay-color":"","overlay-opacity":"","overlay-gradient":""},"mobile":{"background-color":"var(--ast-global-color-5)","background-image":"","background-repeat":"repeat","background-position":"center center","background-size":"auto","background-attachment":"scroll","background-type":"","background-media":"","overlay-type":"","overlay-color":"","overlay-opacity":"","overlay-gradient":""}}},"product_brand":[],"product_cat":[230,252,238],"product_tag":[],"class_list":{"0":"post-4710","1":"product","2":"type-product","3":"status-publish","4":"has-post-thumbnail","6":"product_cat-farmacia","7":"product_cat-marca-vipower","8":"product_cat-todos-los-afrodisiacos-para-hombres","9":"desktop-align-left","10":"tablet-align-left","11":"mobile-align-left","13":"first","14":"instock","15":"sale","16":"shipping-taxable","17":"purchasable","18":"product-type-simple"},"_links":{"self":[{"href":"https:\/\/chibolita.es\/index.php\/wp-json\/wp\/v2\/product\/4710","targetHints":{"allow":["GET"]}}],"collection":[{"href":"https:\/\/chibolita.es\/index.php\/wp-json\/wp\/v2\/product"}],"about":[{"href":"https:\/\/chibolita.es\/index.php\/wp-json\/wp\/v2\/types\/product"}],"replies":[{"embeddable":true,"href":"https:\/\/chibolita.es\/index.php\/wp-json\/wp\/v2\/comments?post=4710"}],"wp:featuredmedia":[{"embeddable":true,"href":"https:\/\/chibolita.es\/index.php\/wp-json\/wp\/v2\/media\/4711"}],"wp:attachment":[{"href":"https:\/\/chibolita.es\/index.php\/wp-json\/wp\/v2\/media?parent=4710"}],"wp:term":[{"taxonomy":"product_brand","embeddable":true,"href":"https:\/\/chibolita.es\/index.php\/wp-json\/wp\/v2\/product_brand?post=4710"},{"taxonomy":"product_cat","embeddable":true,"href":"https:\/\/chibolita.es\/index.php\/wp-json\/wp\/v2\/product_cat?post=4710"},{"taxonomy":"product_tag","embeddable":true,"href":"https:\/\/chibolita.es\/index.php\/wp-json\/wp\/v2\/product_tag?post=4710"}],"curies":[{"name":"wp","href":"https:\/\/api.w.org\/{rel}","templated":true}]}}