{"id":4696,"date":"2023-05-10T06:06:21","date_gmt":"2023-05-10T06:06:21","guid":{"rendered":"https:\/\/chibolita.es\/?post_type=product&#038;p=4696"},"modified":"2024-02-10T17:11:24","modified_gmt":"2024-02-10T17:11:24","slug":"vifire-5200-super-strong-burst-10-uns","status":"publish","type":"product","link":"https:\/\/chibolita.es\/index.php\/product\/vifire-5200-super-strong-burst-10-uns\/","title":{"rendered":"VIFIRE 5200 SUPER STRONG BURST 10 UNS"},"content":{"rendered":"<h3><strong><span>DESCRIPCI\u00d3N DEL PRODUCTO<\/span><\/strong><\/h3>\n<p><strong><span>VIFIRE 5200 SUPER STRONG es un nuevo afrodis\u00edaco sorprendentemente eficaz.\u00a0Este estimulante mejora el rendimiento sexual y aumenta los niveles de libido proporcionando m\u00e1s energ\u00eda.\u00a0VIFIRE 5200 tambi\u00e9n mejora el flujo de sangre al pene, aumenta los niveles de testosterona y oxigena el cerebro para estimular la libido.\u00a0El efecto puede durar hasta 48 horas y mientras tanto mantiene el deseo sexual y ayuda en la recuperaci\u00f3n de la nueva erecci\u00f3n.<\/span><\/strong><\/p>\n<h3><strong><span>USO RECOMENDADO:<\/span><\/strong><\/h3>\n<p><strong><span>Tome 1 tableta de 30 a 45 minutos antes de la actividad sexual.<\/span><\/strong><\/p>\n<h3><strong><span>PRECAUCIONES AL UTILIZAR LA VIFIRE 5200 SUPER FUERTE<\/span><\/strong><\/h3>\n<p><strong><span>\u2013 Producto destinado exclusivamente a adultos.<\/span><\/strong><\/p>\n<p><strong><span>\u2013 No exceder la dosis recomendada (1 comprimido\/24 horas).<\/span><\/strong><\/p>\n<h4><strong><span>Complemento Alimenticio \u2013 Advertencias:<\/span><\/strong><\/h4>\n<p><strong><span>Los complementos alimenticios no deben utilizarse como sustituto de una dieta variada y equilibrada y de un estilo de vida saludable.\u00a0Los efectos de estos pueden variar de persona a persona, por lo que est\u00e1n influenciados por otros factores, como la nutrici\u00f3n y la actividad f\u00edsica.\u00a0No debe exceder la dosis diaria recomendada.\u00a0Mantener fuera del alcance y de la vista de los ni\u00f1os.\u00a0Los complementos alimenticios no son un medicamento.\u00a0No tomar en caso de hipersensibilidad a uno de los ingredientes.\u00a0No usar en caso de embarazo o lactancia.\u00a0Conservar en un lugar fresco, seco y protegido de la luz.\u00a0En caso de duda, consulte a su m\u00e9dico o farmac\u00e9utico.<\/span><\/strong><\/p>\n","protected":false},"excerpt":{"rendered":"<p>DESCRIPCI\u00d3N DEL PRODUCTO VIFIRE 5200 SUPER STRONG es un nuevo afrodis\u00edaco sorprendentemente eficaz.\u00a0Este estimulante mejora el rendimiento sexual y aumenta los niveles de libido proporcionando m\u00e1s energ\u00eda.\u00a0VIFIRE 5200 tambi\u00e9n mejora el flujo de sangre al pene, aumenta los niveles de testosterona y oxigena el cerebro para estimular la libido.\u00a0El efecto puede durar hasta 48 horas [&hellip;]<\/p>\n","protected":false},"featured_media":4697,"comment_status":"open","ping_status":"closed","template":"","meta":{"_eb_attr":"","site-sidebar-layout":"default","site-content-layout":"default","ast-site-content-layout":"default","site-content-style":"default","site-sidebar-style":"default","ast-global-header-display":"","ast-banner-title-visibility":"","ast-main-header-display":"","ast-hfb-above-header-display":"","ast-hfb-below-header-display":"","ast-hfb-mobile-header-display":"","site-post-title":"","ast-breadcrumbs-content":"","ast-featured-img":"","footer-sml-layout":"","ast-disable-related-posts":"","theme-transparent-header-meta":"default","adv-header-id-meta":"","stick-header-meta":"","header-above-stick-meta":"","header-main-stick-meta":"","header-below-stick-meta":"","astra-migrate-meta-layouts":"default","ast-page-background-enabled":"default","ast-page-background-meta":{"desktop":{"background-color":"var(--ast-global-color-4)","background-image":"","background-repeat":"repeat","background-position":"center center","background-size":"auto","background-attachment":"scroll","background-type":"","background-media":"","overlay-type":"","overlay-color":"","overlay-opacity":"","overlay-gradient":""},"tablet":{"background-color":"","background-image":"","background-repeat":"repeat","background-position":"center center","background-size":"auto","background-attachment":"scroll","background-type":"","background-media":"","overlay-type":"","overlay-color":"","overlay-opacity":"","overlay-gradient":""},"mobile":{"background-color":"","background-image":"","background-repeat":"repeat","background-position":"center center","background-size":"auto","background-attachment":"scroll","background-type":"","background-media":"","overlay-type":"","overlay-color":"","overlay-opacity":"","overlay-gradient":""}},"ast-content-background-meta":{"desktop":{"background-color":"var(--ast-global-color-5)","background-image":"","background-repeat":"repeat","background-position":"center center","background-size":"auto","background-attachment":"scroll","background-type":"","background-media":"","overlay-type":"","overlay-color":"","overlay-opacity":"","overlay-gradient":""},"tablet":{"background-color":"var(--ast-global-color-5)","background-image":"","background-repeat":"repeat","background-position":"center center","background-size":"auto","background-attachment":"scroll","background-type":"","background-media":"","overlay-type":"","overlay-color":"","overlay-opacity":"","overlay-gradient":""},"mobile":{"background-color":"var(--ast-global-color-5)","background-image":"","background-repeat":"repeat","background-position":"center center","background-size":"auto","background-attachment":"scroll","background-type":"","background-media":"","overlay-type":"","overlay-color":"","overlay-opacity":"","overlay-gradient":""}}},"product_brand":[],"product_cat":[230,252,238],"product_tag":[],"class_list":{"0":"post-4696","1":"product","2":"type-product","3":"status-publish","4":"has-post-thumbnail","6":"product_cat-farmacia","7":"product_cat-marca-vipower","8":"product_cat-todos-los-afrodisiacos-para-hombres","9":"desktop-align-left","10":"tablet-align-left","11":"mobile-align-left","13":"first","14":"instock","15":"sale","16":"shipping-taxable","17":"purchasable","18":"product-type-simple"},"_links":{"self":[{"href":"https:\/\/chibolita.es\/index.php\/wp-json\/wp\/v2\/product\/4696","targetHints":{"allow":["GET"]}}],"collection":[{"href":"https:\/\/chibolita.es\/index.php\/wp-json\/wp\/v2\/product"}],"about":[{"href":"https:\/\/chibolita.es\/index.php\/wp-json\/wp\/v2\/types\/product"}],"replies":[{"embeddable":true,"href":"https:\/\/chibolita.es\/index.php\/wp-json\/wp\/v2\/comments?post=4696"}],"wp:featuredmedia":[{"embeddable":true,"href":"https:\/\/chibolita.es\/index.php\/wp-json\/wp\/v2\/media\/4697"}],"wp:attachment":[{"href":"https:\/\/chibolita.es\/index.php\/wp-json\/wp\/v2\/media?parent=4696"}],"wp:term":[{"taxonomy":"product_brand","embeddable":true,"href":"https:\/\/chibolita.es\/index.php\/wp-json\/wp\/v2\/product_brand?post=4696"},{"taxonomy":"product_cat","embeddable":true,"href":"https:\/\/chibolita.es\/index.php\/wp-json\/wp\/v2\/product_cat?post=4696"},{"taxonomy":"product_tag","embeddable":true,"href":"https:\/\/chibolita.es\/index.php\/wp-json\/wp\/v2\/product_tag?post=4696"}],"curies":[{"name":"wp","href":"https:\/\/api.w.org\/{rel}","templated":true}]}}