{"id":4674,"date":"2023-05-09T12:26:48","date_gmt":"2023-05-09T12:26:48","guid":{"rendered":"https:\/\/chibolita.es\/?post_type=product&#038;p=4674"},"modified":"2026-04-23T21:47:17","modified_gmt":"2026-04-23T21:47:17","slug":"vigour-800-azul-caja-de-carton","status":"publish","type":"product","link":"https:\/\/chibolita.es\/index.php\/product\/vigour-800-azul-caja-de-carton\/","title":{"rendered":"Vigour 800 \u2013 Azul \u2013 Extrafuerte &#8211; 10 pastillas"},"content":{"rendered":"<p><strong>Vigor 800mg Extrafuerte\u00a0<\/strong>\u00a0\u00a0es un conocido complemento natural que act\u00faa como estimulante sexual proporcionando una erecci\u00f3n intensa y prolongada.<\/p>\n<p>Producido en los Estados Unidos de Am\u00e9rica y distribuido a nivel mundial por la empresa Weile, Vigor revolucion\u00f3 la industria de los suplementos naturales al ser el primer producto comercial de su tipo compuesto 100% de productos naturales.<\/p>\n<p>Con eficacia y seguridad comprobadas, Vigor 800mg no causa dependencia ni aumenta la tolerancia, puedes tomar una pastilla cuando quieras (30 minutos a 1 hora antes de la relaci\u00f3n sexual), sin exceder el l\u00edmite de 1 pastilla cada 24 horas.<\/p>\n<p>Vigor 800mg sin colorantes, fue creado para quienes buscan un producto 100% natural.<\/p>\n<p>Miles de personas en todo el mundo han probado nuestro producto Vigor y sus testimonios hablan por s\u00ed solos.<\/p>\n<p>POSOLOG\u00cdA<\/p>\n<p>Tome una tableta de 30 minutos a 1 hora antes del coito.<br \/>\nNo tome m\u00e1s de una pastilla al d\u00eda.<\/p>\n<p>contiene 10 pastillas<\/p>\n","protected":false},"excerpt":{"rendered":"<p>Vigor 800mg Extrafuerte\u00a0\u00a0\u00a0es un conocido complemento natural que act\u00faa como estimulante sexual proporcionando una erecci\u00f3n intensa y prolongada. Producido en los Estados Unidos de Am\u00e9rica y distribuido a nivel mundial por la empresa Weile, Vigor revolucion\u00f3 la industria de los suplementos naturales al ser el primer producto comercial de su tipo compuesto 100% de productos [&hellip;]<\/p>\n","protected":false},"featured_media":4675,"comment_status":"open","ping_status":"closed","template":"","meta":{"_eb_attr":"","site-sidebar-layout":"default","site-content-layout":"default","ast-site-content-layout":"default","site-content-style":"default","site-sidebar-style":"default","ast-global-header-display":"","ast-banner-title-visibility":"","ast-main-header-display":"","ast-hfb-above-header-display":"","ast-hfb-below-header-display":"","ast-hfb-mobile-header-display":"","site-post-title":"","ast-breadcrumbs-content":"","ast-featured-img":"","footer-sml-layout":"","ast-disable-related-posts":"","theme-transparent-header-meta":"default","adv-header-id-meta":"","stick-header-meta":"","header-above-stick-meta":"","header-main-stick-meta":"","header-below-stick-meta":"","astra-migrate-meta-layouts":"set","ast-page-background-enabled":"default","ast-page-background-meta":{"desktop":{"background-color":"var(--ast-global-color-4)","background-image":"","background-repeat":"repeat","background-position":"center center","background-size":"auto","background-attachment":"scroll","background-type":"","background-media":"","overlay-type":"","overlay-color":"","overlay-opacity":"","overlay-gradient":""},"tablet":{"background-color":"","background-image":"","background-repeat":"repeat","background-position":"center center","background-size":"auto","background-attachment":"scroll","background-type":"","background-media":"","overlay-type":"","overlay-color":"","overlay-opacity":"","overlay-gradient":""},"mobile":{"background-color":"","background-image":"","background-repeat":"repeat","background-position":"center center","background-size":"auto","background-attachment":"scroll","background-type":"","background-media":"","overlay-type":"","overlay-color":"","overlay-opacity":"","overlay-gradient":""}},"ast-content-background-meta":{"desktop":{"background-color":"var(--ast-global-color-5)","background-image":"","background-repeat":"repeat","background-position":"center center","background-size":"auto","background-attachment":"scroll","background-type":"","background-media":"","overlay-type":"","overlay-color":"","overlay-opacity":"","overlay-gradient":""},"tablet":{"background-color":"var(--ast-global-color-5)","background-image":"","background-repeat":"repeat","background-position":"center center","background-size":"auto","background-attachment":"scroll","background-type":"","background-media":"","overlay-type":"","overlay-color":"","overlay-opacity":"","overlay-gradient":""},"mobile":{"background-color":"var(--ast-global-color-5)","background-image":"","background-repeat":"repeat","background-position":"center center","background-size":"auto","background-attachment":"scroll","background-type":"","background-media":"","overlay-type":"","overlay-color":"","overlay-opacity":"","overlay-gradient":""}}},"product_brand":[],"product_cat":[230,250,238],"product_tag":[],"class_list":{"0":"post-4674","1":"product","2":"type-product","3":"status-publish","4":"has-post-thumbnail","6":"product_cat-farmacia","7":"product_cat-marca-vigour","8":"product_cat-todos-los-afrodisiacos-para-hombres","9":"desktop-align-left","10":"tablet-align-left","11":"mobile-align-left","13":"first","14":"instock","15":"shipping-taxable","16":"purchasable","17":"product-type-simple"},"_links":{"self":[{"href":"https:\/\/chibolita.es\/index.php\/wp-json\/wp\/v2\/product\/4674","targetHints":{"allow":["GET"]}}],"collection":[{"href":"https:\/\/chibolita.es\/index.php\/wp-json\/wp\/v2\/product"}],"about":[{"href":"https:\/\/chibolita.es\/index.php\/wp-json\/wp\/v2\/types\/product"}],"replies":[{"embeddable":true,"href":"https:\/\/chibolita.es\/index.php\/wp-json\/wp\/v2\/comments?post=4674"}],"wp:featuredmedia":[{"embeddable":true,"href":"https:\/\/chibolita.es\/index.php\/wp-json\/wp\/v2\/media\/4675"}],"wp:attachment":[{"href":"https:\/\/chibolita.es\/index.php\/wp-json\/wp\/v2\/media?parent=4674"}],"wp:term":[{"taxonomy":"product_brand","embeddable":true,"href":"https:\/\/chibolita.es\/index.php\/wp-json\/wp\/v2\/product_brand?post=4674"},{"taxonomy":"product_cat","embeddable":true,"href":"https:\/\/chibolita.es\/index.php\/wp-json\/wp\/v2\/product_cat?post=4674"},{"taxonomy":"product_tag","embeddable":true,"href":"https:\/\/chibolita.es\/index.php\/wp-json\/wp\/v2\/product_tag?post=4674"}],"curies":[{"name":"wp","href":"https:\/\/api.w.org\/{rel}","templated":true}]}}