{"id":4661,"date":"2023-05-09T08:57:05","date_gmt":"2023-05-09T08:57:05","guid":{"rendered":"https:\/\/chibolita.es\/?post_type=product&#038;p=4661"},"modified":"2024-02-10T17:11:25","modified_gmt":"2024-02-10T17:11:25","slug":"super-vigour-6800-3-frascos","status":"publish","type":"product","link":"https:\/\/chibolita.es\/index.php\/product\/super-vigour-6800-3-frascos\/","title":{"rendered":"Super Vigour 6800 \u2013 3 FRASCOS"},"content":{"rendered":"<p><strong><span>\u2013 La \u00faltima novedad de la gama Vigor pero optimizada, una \u201cbomba\u201d de potencia para tus actividades sexuales a base de extractos puros extremadamente fuertes y afrodis\u00edacos que te proporcionar\u00e1 SUPER erecciones y SUPER VIGOR en cada est\u00edmulo sexual.\u00a0Todo esto y mucho m\u00e1s lo encontrar\u00e1s en SUPER VIGOUR.<\/span><\/strong><\/p>\n<p><strong><span>BENEFICIOS:<\/span><\/strong><\/p>\n<p><strong><span>\u2013 SUPER potencia sexual;<\/span><\/strong><br \/>\n<strong><span>\u2013 Rapidez para hacer efecto SUPER;<\/span><\/strong><br \/>\n<strong><span>\u2013 S\u00daPER orgasmos;<\/span><\/strong><br \/>\n<strong><span>\u2013 SUPER control de la eyaculaci\u00f3n;<\/span><\/strong><br \/>\n<strong><span>\u2013 Duraci\u00f3n para varios d\u00edas SUPER.<\/span><\/strong><\/p>\n<p><strong><span>DOSIS:<\/span><\/strong><\/p>\n<p><strong><span>\u2013 Tomar 1 comprimido de 30 a 45 minutos antes del acto sexual;<\/span><\/strong><\/p>\n<p><strong><span>\u2013 El efecto puede durar hasta 72 horas;<\/span><\/strong><\/p>\n<p><strong><span>\u2013 No exceder de 1 comprimido en 24 horas.<\/span><\/strong><\/p>\n<p><strong><span>CANTIDAD:<\/span><\/strong><\/p>\n<p><strong><span>10 gorras<\/span><\/strong><\/p>\n<p>&nbsp;<\/p>\n<p><strong><span>Anuncio de 3 botellas de SUPER VIGOR 6800<\/span><\/strong><\/p>\n","protected":false},"excerpt":{"rendered":"<p>\u2013 La \u00faltima novedad de la gama Vigor pero optimizada, una \u201cbomba\u201d de potencia para tus actividades sexuales a base de extractos puros extremadamente fuertes y afrodis\u00edacos que te proporcionar\u00e1 SUPER erecciones y SUPER VIGOR en cada est\u00edmulo sexual.\u00a0Todo esto y mucho m\u00e1s lo encontrar\u00e1s en SUPER VIGOUR. BENEFICIOS: \u2013 SUPER potencia sexual; \u2013 Rapidez [&hellip;]<\/p>\n","protected":false},"featured_media":4618,"comment_status":"open","ping_status":"closed","template":"","meta":{"_eb_attr":"","site-sidebar-layout":"default","site-content-layout":"default","ast-site-content-layout":"default","site-content-style":"default","site-sidebar-style":"default","ast-global-header-display":"","ast-banner-title-visibility":"","ast-main-header-display":"","ast-hfb-above-header-display":"","ast-hfb-below-header-display":"","ast-hfb-mobile-header-display":"","site-post-title":"","ast-breadcrumbs-content":"","ast-featured-img":"","footer-sml-layout":"","ast-disable-related-posts":"","theme-transparent-header-meta":"default","adv-header-id-meta":"","stick-header-meta":"","header-above-stick-meta":"","header-main-stick-meta":"","header-below-stick-meta":"","astra-migrate-meta-layouts":"default","ast-page-background-enabled":"default","ast-page-background-meta":{"desktop":{"background-color":"var(--ast-global-color-4)","background-image":"","background-repeat":"repeat","background-position":"center center","background-size":"auto","background-attachment":"scroll","background-type":"","background-media":"","overlay-type":"","overlay-color":"","overlay-opacity":"","overlay-gradient":""},"tablet":{"background-color":"","background-image":"","background-repeat":"repeat","background-position":"center center","background-size":"auto","background-attachment":"scroll","background-type":"","background-media":"","overlay-type":"","overlay-color":"","overlay-opacity":"","overlay-gradient":""},"mobile":{"background-color":"","background-image":"","background-repeat":"repeat","background-position":"center center","background-size":"auto","background-attachment":"scroll","background-type":"","background-media":"","overlay-type":"","overlay-color":"","overlay-opacity":"","overlay-gradient":""}},"ast-content-background-meta":{"desktop":{"background-color":"var(--ast-global-color-5)","background-image":"","background-repeat":"repeat","background-position":"center center","background-size":"auto","background-attachment":"scroll","background-type":"","background-media":"","overlay-type":"","overlay-color":"","overlay-opacity":"","overlay-gradient":""},"tablet":{"background-color":"var(--ast-global-color-5)","background-image":"","background-repeat":"repeat","background-position":"center center","background-size":"auto","background-attachment":"scroll","background-type":"","background-media":"","overlay-type":"","overlay-color":"","overlay-opacity":"","overlay-gradient":""},"mobile":{"background-color":"var(--ast-global-color-5)","background-image":"","background-repeat":"repeat","background-position":"center center","background-size":"auto","background-attachment":"scroll","background-type":"","background-media":"","overlay-type":"","overlay-color":"","overlay-opacity":"","overlay-gradient":""}}},"product_brand":[],"product_cat":[230,250,232,238],"product_tag":[],"class_list":{"0":"post-4661","1":"product","2":"type-product","3":"status-publish","4":"has-post-thumbnail","6":"product_cat-farmacia","7":"product_cat-marca-vigour","8":"product_cat-super-ahorros","9":"product_cat-todos-los-afrodisiacos-para-hombres","10":"desktop-align-left","11":"tablet-align-left","12":"mobile-align-left","14":"first","15":"instock","16":"shipping-taxable","17":"purchasable","18":"product-type-simple"},"_links":{"self":[{"href":"https:\/\/chibolita.es\/index.php\/wp-json\/wp\/v2\/product\/4661","targetHints":{"allow":["GET"]}}],"collection":[{"href":"https:\/\/chibolita.es\/index.php\/wp-json\/wp\/v2\/product"}],"about":[{"href":"https:\/\/chibolita.es\/index.php\/wp-json\/wp\/v2\/types\/product"}],"replies":[{"embeddable":true,"href":"https:\/\/chibolita.es\/index.php\/wp-json\/wp\/v2\/comments?post=4661"}],"wp:featuredmedia":[{"embeddable":true,"href":"https:\/\/chibolita.es\/index.php\/wp-json\/wp\/v2\/media\/4618"}],"wp:attachment":[{"href":"https:\/\/chibolita.es\/index.php\/wp-json\/wp\/v2\/media?parent=4661"}],"wp:term":[{"taxonomy":"product_brand","embeddable":true,"href":"https:\/\/chibolita.es\/index.php\/wp-json\/wp\/v2\/product_brand?post=4661"},{"taxonomy":"product_cat","embeddable":true,"href":"https:\/\/chibolita.es\/index.php\/wp-json\/wp\/v2\/product_cat?post=4661"},{"taxonomy":"product_tag","embeddable":true,"href":"https:\/\/chibolita.es\/index.php\/wp-json\/wp\/v2\/product_tag?post=4661"}],"curies":[{"name":"wp","href":"https:\/\/api.w.org\/{rel}","templated":true}]}}