{"id":4655,"date":"2023-05-09T08:51:26","date_gmt":"2023-05-09T08:51:26","guid":{"rendered":"https:\/\/chibolita.es\/?post_type=product&#038;p=4655"},"modified":"2024-02-10T17:11:26","modified_gmt":"2024-02-10T17:11:26","slug":"vigour-vip-8200-30-caps","status":"publish","type":"product","link":"https:\/\/chibolita.es\/index.php\/product\/vigour-vip-8200-30-caps\/","title":{"rendered":"VIGOUR VIP 8200 \u2013 30 caps"},"content":{"rendered":"<div>\n<div><span>100% Natural altamente concentrado y r\u00e1pido &#8211; no contiene qu\u00edmicos ni drogas en su composici\u00f3n.<\/span><\/div>\n<div><\/div>\n<\/div>\n<div><\/div>\n<div><span>VIGOR VIP 8200<\/span><\/div>\n<div><\/div>\n<div><span>\u00bfPara qu\u00e9 se utiliza VIGOR VIP 8200mg?<\/span><\/div>\n<div><\/div>\n<div><span>-Permite una erecci\u00f3n r\u00e1pida y consistente<\/span><\/div>\n<div><\/div>\n<div><span>-Mejora el rendimiento y el deseo sexual<\/span><\/div>\n<div><\/div>\n<div><span>-Reduce la fatiga sexual, allanando el camino para m\u00e1s eyaculaciones<\/span><\/div>\n<div><\/div>\n<div><span>-Retrasa la fase de eyaculaci\u00f3n<\/span><\/div>\n<div><\/div>\n<div><span>-Activa la funci\u00f3n renal<\/span><\/div>\n<div><\/div>\n<div><span>-Aumenta la secreci\u00f3n testicular<\/span><\/div>\n<div><\/div>\n<div><span>-Ayuda a prevenir enfermedades de la pr\u00f3stata y enfermedades similares.<\/span><\/div>\n<div><\/div>\n<div><span>-La eficacia de este poderoso Afrodis\u00edaco Natural puede sin embargo variar de un organismo a otro, no teniendo, en general, la misma eficacia en todas las personas.<\/span><\/div>\n<div><\/div>\n<div><span>\u00a0Especificaciones:<\/span><\/div>\n<div><\/div>\n<div><span>Una Caja de VIGOR VIP 8200mg contiene: 10 comprimidos.<\/span><\/div>\n<div><\/div>\n<div><\/div>\n<div><\/div>\n<div><span>\u00a0Administraci\u00f3n y posolog\u00eda:<\/span><\/div>\n<div><\/div>\n<div><span>Tomar media tableta de 10 a 30 minutos antes del acto sexual (Su efecto dura 72 horas) No tiene efectos secundarios.<\/span><\/div>\n<div><\/div>\n<div><span>\u00a0\u00bfVIGOR VIP 8200mg tiene efectos secundarios?<\/span><\/div>\n<div><\/div>\n<div><span>En casos excepcionales puede manifestar efectos secundarios, por ejemplo dolor de cabeza, problemas estomacales, secreci\u00f3n nasal o cierto calor en la cara o el cuerpo.\u00a0Estos efectos secundarios desaparecer\u00e1n en unas pocas horas una vez que deje de recibir estimulaci\u00f3n sexual.<\/span><\/div>\n<div><\/div>\n<div><span>\u00a0\u00bfPuedo tomar VIGOR VIP 8200mg con alcohol o alimentos?<\/span><\/div>\n<div><\/div>\n<div><span>S\u00ed puede.\u00a0Sin embargo, al mezclar alcohol y VIGOR VIP 8200 mg, es posible que no obtenga una erecci\u00f3n efectiva.\u00a0Para mejores resultados, no beba grandes cantidades de alcohol antes o mientras toma VIGOR VIP 8200mg.<\/span><\/div>\n<div><\/div>\n<div><strong><span>3 cajas de 10 pastillas cada una<\/span><\/strong><\/div>\n","protected":false},"excerpt":{"rendered":"<p>100% Natural altamente concentrado y r\u00e1pido &#8211; no contiene qu\u00edmicos ni drogas en su composici\u00f3n. VIGOR VIP 8200 \u00bfPara qu\u00e9 se utiliza VIGOR VIP 8200mg? -Permite una erecci\u00f3n r\u00e1pida y consistente -Mejora el rendimiento y el deseo sexual -Reduce la fatiga sexual, allanando el camino para m\u00e1s eyaculaciones -Retrasa la fase de eyaculaci\u00f3n -Activa la [&hellip;]<\/p>\n","protected":false},"featured_media":4620,"comment_status":"open","ping_status":"closed","template":"","meta":{"_eb_attr":"","site-sidebar-layout":"default","site-content-layout":"default","ast-site-content-layout":"default","site-content-style":"default","site-sidebar-style":"default","ast-global-header-display":"","ast-banner-title-visibility":"","ast-main-header-display":"","ast-hfb-above-header-display":"","ast-hfb-below-header-display":"","ast-hfb-mobile-header-display":"","site-post-title":"","ast-breadcrumbs-content":"","ast-featured-img":"","footer-sml-layout":"","ast-disable-related-posts":"","theme-transparent-header-meta":"default","adv-header-id-meta":"","stick-header-meta":"","header-above-stick-meta":"","header-main-stick-meta":"","header-below-stick-meta":"","astra-migrate-meta-layouts":"default","ast-page-background-enabled":"default","ast-page-background-meta":{"desktop":{"background-color":"var(--ast-global-color-4)","background-image":"","background-repeat":"repeat","background-position":"center center","background-size":"auto","background-attachment":"scroll","background-type":"","background-media":"","overlay-type":"","overlay-color":"","overlay-opacity":"","overlay-gradient":""},"tablet":{"background-color":"","background-image":"","background-repeat":"repeat","background-position":"center center","background-size":"auto","background-attachment":"scroll","background-type":"","background-media":"","overlay-type":"","overlay-color":"","overlay-opacity":"","overlay-gradient":""},"mobile":{"background-color":"","background-image":"","background-repeat":"repeat","background-position":"center center","background-size":"auto","background-attachment":"scroll","background-type":"","background-media":"","overlay-type":"","overlay-color":"","overlay-opacity":"","overlay-gradient":""}},"ast-content-background-meta":{"desktop":{"background-color":"var(--ast-global-color-5)","background-image":"","background-repeat":"repeat","background-position":"center center","background-size":"auto","background-attachment":"scroll","background-type":"","background-media":"","overlay-type":"","overlay-color":"","overlay-opacity":"","overlay-gradient":""},"tablet":{"background-color":"var(--ast-global-color-5)","background-image":"","background-repeat":"repeat","background-position":"center center","background-size":"auto","background-attachment":"scroll","background-type":"","background-media":"","overlay-type":"","overlay-color":"","overlay-opacity":"","overlay-gradient":""},"mobile":{"background-color":"var(--ast-global-color-5)","background-image":"","background-repeat":"repeat","background-position":"center center","background-size":"auto","background-attachment":"scroll","background-type":"","background-media":"","overlay-type":"","overlay-color":"","overlay-opacity":"","overlay-gradient":""}}},"product_brand":[],"product_cat":[230,250,232,238],"product_tag":[],"class_list":{"0":"post-4655","1":"product","2":"type-product","3":"status-publish","4":"has-post-thumbnail","6":"product_cat-farmacia","7":"product_cat-marca-vigour","8":"product_cat-super-ahorros","9":"product_cat-todos-los-afrodisiacos-para-hombres","10":"desktop-align-left","11":"tablet-align-left","12":"mobile-align-left","14":"first","15":"instock","16":"shipping-taxable","17":"purchasable","18":"product-type-simple"},"_links":{"self":[{"href":"https:\/\/chibolita.es\/index.php\/wp-json\/wp\/v2\/product\/4655","targetHints":{"allow":["GET"]}}],"collection":[{"href":"https:\/\/chibolita.es\/index.php\/wp-json\/wp\/v2\/product"}],"about":[{"href":"https:\/\/chibolita.es\/index.php\/wp-json\/wp\/v2\/types\/product"}],"replies":[{"embeddable":true,"href":"https:\/\/chibolita.es\/index.php\/wp-json\/wp\/v2\/comments?post=4655"}],"wp:featuredmedia":[{"embeddable":true,"href":"https:\/\/chibolita.es\/index.php\/wp-json\/wp\/v2\/media\/4620"}],"wp:attachment":[{"href":"https:\/\/chibolita.es\/index.php\/wp-json\/wp\/v2\/media?parent=4655"}],"wp:term":[{"taxonomy":"product_brand","embeddable":true,"href":"https:\/\/chibolita.es\/index.php\/wp-json\/wp\/v2\/product_brand?post=4655"},{"taxonomy":"product_cat","embeddable":true,"href":"https:\/\/chibolita.es\/index.php\/wp-json\/wp\/v2\/product_cat?post=4655"},{"taxonomy":"product_tag","embeddable":true,"href":"https:\/\/chibolita.es\/index.php\/wp-json\/wp\/v2\/product_tag?post=4655"}],"curies":[{"name":"wp","href":"https:\/\/api.w.org\/{rel}","templated":true}]}}