{"id":4637,"date":"2023-05-08T22:23:01","date_gmt":"2023-05-08T22:23:01","guid":{"rendered":"https:\/\/chibolita.es\/?post_type=product&#038;p=4637"},"modified":"2024-02-10T17:11:26","modified_gmt":"2024-02-10T17:11:26","slug":"vigour-femme","status":"publish","type":"product","link":"https:\/\/chibolita.es\/index.php\/product\/vigour-femme\/","title":{"rendered":"Vigour FEMME"},"content":{"rendered":"<p>The First Vigor para mujer<\/p>\n<p>&nbsp;<\/p>\n<div>Finalmente, algo ha llegado al mercado de las mujeres.\u00a0Vigor FEMME para mujer es el estimulante ideal y por fin nos ha llegado.\u00a0La marca de renombre mundial de la compa\u00f1\u00eda.\u00a0Vigor FEMME debe tomarse una hora antes de la relaci\u00f3n sexual y por placer.\u00a0Este producto funciona muy r\u00e1pido y sentir\u00e1 la m\u00e1xima emoci\u00f3n durante las pr\u00f3ximas 6 a 12 horas, en algunos casos incluso m\u00e1s.<\/div>\n<div>Es un estimulante eficaz que te volver\u00e1 completamente loco y te preparar\u00e1 para una noche interminable llena de sexo.\u00a0No recomendado para mujeres embarazadas y mujeres lactantes.<\/div>\n<div><\/div>\n<div>Paquetes de 10 pastillas.<\/div>\n","protected":false},"excerpt":{"rendered":"<p>The First Vigor para mujer &nbsp; Finalmente, algo ha llegado al mercado de las mujeres.\u00a0Vigor FEMME para mujer es el estimulante ideal y por fin nos ha llegado.\u00a0La marca de renombre mundial de la compa\u00f1\u00eda.\u00a0Vigor FEMME debe tomarse una hora antes de la relaci\u00f3n sexual y por placer.\u00a0Este producto funciona muy r\u00e1pido y sentir\u00e1 la [&hellip;]<\/p>\n","protected":false},"featured_media":4638,"comment_status":"open","ping_status":"closed","template":"","meta":{"_eb_attr":"","site-sidebar-layout":"default","site-content-layout":"default","ast-site-content-layout":"default","site-content-style":"default","site-sidebar-style":"default","ast-global-header-display":"","ast-banner-title-visibility":"","ast-main-header-display":"","ast-hfb-above-header-display":"","ast-hfb-below-header-display":"","ast-hfb-mobile-header-display":"","site-post-title":"","ast-breadcrumbs-content":"","ast-featured-img":"","footer-sml-layout":"","ast-disable-related-posts":"","theme-transparent-header-meta":"default","adv-header-id-meta":"","stick-header-meta":"","header-above-stick-meta":"","header-main-stick-meta":"","header-below-stick-meta":"","astra-migrate-meta-layouts":"default","ast-page-background-enabled":"default","ast-page-background-meta":{"desktop":{"background-color":"var(--ast-global-color-4)","background-image":"","background-repeat":"repeat","background-position":"center center","background-size":"auto","background-attachment":"scroll","background-type":"","background-media":"","overlay-type":"","overlay-color":"","overlay-opacity":"","overlay-gradient":""},"tablet":{"background-color":"","background-image":"","background-repeat":"repeat","background-position":"center center","background-size":"auto","background-attachment":"scroll","background-type":"","background-media":"","overlay-type":"","overlay-color":"","overlay-opacity":"","overlay-gradient":""},"mobile":{"background-color":"","background-image":"","background-repeat":"repeat","background-position":"center center","background-size":"auto","background-attachment":"scroll","background-type":"","background-media":"","overlay-type":"","overlay-color":"","overlay-opacity":"","overlay-gradient":""}},"ast-content-background-meta":{"desktop":{"background-color":"var(--ast-global-color-5)","background-image":"","background-repeat":"repeat","background-position":"center center","background-size":"auto","background-attachment":"scroll","background-type":"","background-media":"","overlay-type":"","overlay-color":"","overlay-opacity":"","overlay-gradient":""},"tablet":{"background-color":"var(--ast-global-color-5)","background-image":"","background-repeat":"repeat","background-position":"center center","background-size":"auto","background-attachment":"scroll","background-type":"","background-media":"","overlay-type":"","overlay-color":"","overlay-opacity":"","overlay-gradient":""},"mobile":{"background-color":"var(--ast-global-color-5)","background-image":"","background-repeat":"repeat","background-position":"center center","background-size":"auto","background-attachment":"scroll","background-type":"","background-media":"","overlay-type":"","overlay-color":"","overlay-opacity":"","overlay-gradient":""}}},"product_brand":[],"product_cat":[233,230,250],"product_tag":[],"class_list":{"0":"post-4637","1":"product","2":"type-product","3":"status-publish","4":"has-post-thumbnail","6":"product_cat-afrodisiacos-para-mujeres","7":"product_cat-farmacia","8":"product_cat-marca-vigour","9":"desktop-align-left","10":"tablet-align-left","11":"mobile-align-left","13":"first","14":"instock","15":"shipping-taxable","16":"purchasable","17":"product-type-simple"},"_links":{"self":[{"href":"https:\/\/chibolita.es\/index.php\/wp-json\/wp\/v2\/product\/4637","targetHints":{"allow":["GET"]}}],"collection":[{"href":"https:\/\/chibolita.es\/index.php\/wp-json\/wp\/v2\/product"}],"about":[{"href":"https:\/\/chibolita.es\/index.php\/wp-json\/wp\/v2\/types\/product"}],"replies":[{"embeddable":true,"href":"https:\/\/chibolita.es\/index.php\/wp-json\/wp\/v2\/comments?post=4637"}],"wp:featuredmedia":[{"embeddable":true,"href":"https:\/\/chibolita.es\/index.php\/wp-json\/wp\/v2\/media\/4638"}],"wp:attachment":[{"href":"https:\/\/chibolita.es\/index.php\/wp-json\/wp\/v2\/media?parent=4637"}],"wp:term":[{"taxonomy":"product_brand","embeddable":true,"href":"https:\/\/chibolita.es\/index.php\/wp-json\/wp\/v2\/product_brand?post=4637"},{"taxonomy":"product_cat","embeddable":true,"href":"https:\/\/chibolita.es\/index.php\/wp-json\/wp\/v2\/product_cat?post=4637"},{"taxonomy":"product_tag","embeddable":true,"href":"https:\/\/chibolita.es\/index.php\/wp-json\/wp\/v2\/product_tag?post=4637"}],"curies":[{"name":"wp","href":"https:\/\/api.w.org\/{rel}","templated":true}]}}