{"id":4635,"date":"2023-05-08T22:21:43","date_gmt":"2023-05-08T22:21:43","guid":{"rendered":"https:\/\/chibolita.es\/?post_type=product&#038;p=4635"},"modified":"2026-04-14T07:57:27","modified_gmt":"2026-04-14T07:57:27","slug":"vigour-red-6800","status":"publish","type":"product","link":"https:\/\/chibolita.es\/index.php\/product\/vigour-red-6800\/","title":{"rendered":"Vigour Red 6800"},"content":{"rendered":"<div><span>Estimulante natural de mayor eficacia, con un efecto m\u00e1s r\u00e1pido, y siendo, adem\u00e1s de estimulante, tambi\u00e9n un extraordinario potenciador, extra\u00eddo de un grupo de plantas y sometido a un riguroso proceso de elaboraci\u00f3n.\u00a0Se utiliza para mejorar los s\u00edntomas de la disfunci\u00f3n er\u00e9ctil y para prolongar las relaciones sexuales.<\/span><\/div>\n<div><\/div>\n<div><strong><span>BENEFICIOS:<\/span><\/strong><\/div>\n<div><span>&gt; Permite una erecci\u00f3n r\u00e1pida y consistente;<\/span><\/div>\n<div><span>&gt; Mejora el rendimiento y el deseo sexual;<\/span><\/div>\n<div><span>&gt; Reduce la fatiga sexual, allanando el camino para otras eyaculaciones;<\/span><\/div>\n<div><span>&gt; Retrasa la fase de eyaculaci\u00f3n;<\/span><\/div>\n<div><span>&gt; Activa la funci\u00f3n renal;<\/span><\/div>\n<div><span>&gt; Aumenta la secreci\u00f3n testicular;<\/span><\/div>\n<div><span>&gt; Ayuda a prevenir la pr\u00f3stata y enfermedades similares.<\/span><\/div>\n<div><\/div>\n<div><strong><span>\u00bfVIGOR RED tiene efectos secundarios?<\/span><\/strong><\/div>\n<div><span>VIGOR RED en casos muy excepcionales puede causar efectos secundarios, por ejemplo dolor de cabeza, problemas estomacales, secreci\u00f3n nasal, o cierto calor en la cara o el cuerpo.\u00a0Estos efectos secundarios desaparecer\u00e1n en unas pocas horas una vez que deje de recibir estimulaci\u00f3n sexual.\u00a0Si experimenta un efecto secundario que le molesta durante mucho tiempo, le recomendamos que se ponga en contacto con su m\u00e9dico.<\/span><\/div>\n<div><\/div>\n<div><strong><span>\u00bfPuedo tomar VIGOR RED con bebidas alcoh\u00f3licas?<\/span><\/strong><\/div>\n<div><span>S\u00ed puede.\u00a0Sin embargo, al mezclar alcohol y VIGOR RED, es posible que no obtenga una erecci\u00f3n efectiva.\u00a0Para obtener los mejores resultados posibles, no beba grandes cantidades de alcohol antes o mientras toma VIGOR RED.<\/span><\/div>\n<div><\/div>\n<div><strong><span>Modo de consumo:<\/span><\/strong><\/div>\n<div><span>Tome una pastilla de 30 a 45 minutos antes del sexo;<\/span><\/div>\n<div><span>No exceda la dosis recomendada de una tableta cada 24 horas<\/span><\/div>\n<div><span>Cada paquete contiene 10 pastillas.<\/span><\/div>\n","protected":false},"excerpt":{"rendered":"<p>Estimulante natural de mayor eficacia, con un efecto m\u00e1s r\u00e1pido, y siendo, adem\u00e1s de estimulante, tambi\u00e9n un extraordinario potenciador, extra\u00eddo de un grupo de plantas y sometido a un riguroso proceso de elaboraci\u00f3n.\u00a0Se utiliza para mejorar los s\u00edntomas de la disfunci\u00f3n er\u00e9ctil y para prolongar las relaciones sexuales. BENEFICIOS: &gt; Permite una erecci\u00f3n r\u00e1pida y [&hellip;]<\/p>\n","protected":false},"featured_media":4636,"comment_status":"open","ping_status":"closed","template":"","meta":{"_eb_attr":"","site-sidebar-layout":"default","site-content-layout":"default","ast-site-content-layout":"default","site-content-style":"default","site-sidebar-style":"default","ast-global-header-display":"","ast-banner-title-visibility":"","ast-main-header-display":"","ast-hfb-above-header-display":"","ast-hfb-below-header-display":"","ast-hfb-mobile-header-display":"","site-post-title":"","ast-breadcrumbs-content":"","ast-featured-img":"","footer-sml-layout":"","ast-disable-related-posts":"","theme-transparent-header-meta":"default","adv-header-id-meta":"","stick-header-meta":"","header-above-stick-meta":"","header-main-stick-meta":"","header-below-stick-meta":"","astra-migrate-meta-layouts":"default","ast-page-background-enabled":"default","ast-page-background-meta":{"desktop":{"background-color":"var(--ast-global-color-4)","background-image":"","background-repeat":"repeat","background-position":"center center","background-size":"auto","background-attachment":"scroll","background-type":"","background-media":"","overlay-type":"","overlay-color":"","overlay-opacity":"","overlay-gradient":""},"tablet":{"background-color":"","background-image":"","background-repeat":"repeat","background-position":"center center","background-size":"auto","background-attachment":"scroll","background-type":"","background-media":"","overlay-type":"","overlay-color":"","overlay-opacity":"","overlay-gradient":""},"mobile":{"background-color":"","background-image":"","background-repeat":"repeat","background-position":"center center","background-size":"auto","background-attachment":"scroll","background-type":"","background-media":"","overlay-type":"","overlay-color":"","overlay-opacity":"","overlay-gradient":""}},"ast-content-background-meta":{"desktop":{"background-color":"var(--ast-global-color-5)","background-image":"","background-repeat":"repeat","background-position":"center center","background-size":"auto","background-attachment":"scroll","background-type":"","background-media":"","overlay-type":"","overlay-color":"","overlay-opacity":"","overlay-gradient":""},"tablet":{"background-color":"var(--ast-global-color-5)","background-image":"","background-repeat":"repeat","background-position":"center center","background-size":"auto","background-attachment":"scroll","background-type":"","background-media":"","overlay-type":"","overlay-color":"","overlay-opacity":"","overlay-gradient":""},"mobile":{"background-color":"var(--ast-global-color-5)","background-image":"","background-repeat":"repeat","background-position":"center center","background-size":"auto","background-attachment":"scroll","background-type":"","background-media":"","overlay-type":"","overlay-color":"","overlay-opacity":"","overlay-gradient":""}}},"product_brand":[],"product_cat":[230,250,238],"product_tag":[],"class_list":{"0":"post-4635","1":"product","2":"type-product","3":"status-publish","4":"has-post-thumbnail","6":"product_cat-farmacia","7":"product_cat-marca-vigour","8":"product_cat-todos-los-afrodisiacos-para-hombres","9":"desktop-align-left","10":"tablet-align-left","11":"mobile-align-left","13":"first","14":"instock","15":"sale","16":"shipping-taxable","17":"purchasable","18":"product-type-simple"},"_links":{"self":[{"href":"https:\/\/chibolita.es\/index.php\/wp-json\/wp\/v2\/product\/4635","targetHints":{"allow":["GET"]}}],"collection":[{"href":"https:\/\/chibolita.es\/index.php\/wp-json\/wp\/v2\/product"}],"about":[{"href":"https:\/\/chibolita.es\/index.php\/wp-json\/wp\/v2\/types\/product"}],"replies":[{"embeddable":true,"href":"https:\/\/chibolita.es\/index.php\/wp-json\/wp\/v2\/comments?post=4635"}],"wp:featuredmedia":[{"embeddable":true,"href":"https:\/\/chibolita.es\/index.php\/wp-json\/wp\/v2\/media\/4636"}],"wp:attachment":[{"href":"https:\/\/chibolita.es\/index.php\/wp-json\/wp\/v2\/media?parent=4635"}],"wp:term":[{"taxonomy":"product_brand","embeddable":true,"href":"https:\/\/chibolita.es\/index.php\/wp-json\/wp\/v2\/product_brand?post=4635"},{"taxonomy":"product_cat","embeddable":true,"href":"https:\/\/chibolita.es\/index.php\/wp-json\/wp\/v2\/product_cat?post=4635"},{"taxonomy":"product_tag","embeddable":true,"href":"https:\/\/chibolita.es\/index.php\/wp-json\/wp\/v2\/product_tag?post=4635"}],"curies":[{"name":"wp","href":"https:\/\/api.w.org\/{rel}","templated":true}]}}