{"id":4625,"date":"2023-05-08T22:11:04","date_gmt":"2023-05-08T22:11:04","guid":{"rendered":"https:\/\/chibolita.es\/?post_type=product&#038;p=4625"},"modified":"2025-07-17T19:53:04","modified_gmt":"2025-07-17T19:53:04","slug":"vigour-vip-800-made-in-usa","status":"publish","type":"product","link":"https:\/\/chibolita.es\/index.php\/product\/vigour-vip-800-made-in-usa\/","title":{"rendered":"Vigour VIP 800 -Made in USA"},"content":{"rendered":"<p><strong><span>VIGOR VIP 800mg es el sustituto natural de la conocida pastilla azul, con una mayor eficacia y, sobre todo, un efecto m\u00e1s r\u00e1pido.<\/span><\/strong><\/p>\n<p><strong><span>Adem\u00e1s, es estimulante y tambi\u00e9n afrodis\u00edaco, este es natural, extra\u00eddo de un conjunto de plantas y sometido a un riguroso proceso de elaboraci\u00f3n.<\/span><\/strong><\/p>\n<p><strong><span>Se utiliza para mejorar los s\u00edntomas de la disfunci\u00f3n er\u00e9ctil e incluso prolongar las relaciones sexuales.<\/span><\/strong><\/p>\n<p><strong><span>100% Natural altamente concentrado y r\u00e1pido &#8211; no contiene qu\u00edmicos ni drogas en su composici\u00f3n.<\/span><\/strong><\/p>\n<p><strong><span>\u00a0\u00bfPara qu\u00e9 se utiliza Vigor VIP 800 mg?<\/span><\/strong><\/p>\n<p><strong><span>-Permite una erecci\u00f3n r\u00e1pida y consistente<\/span><\/strong><\/p>\n<p><strong><span>-Mejora el rendimiento y el deseo sexual<\/span><\/strong><\/p>\n<p><strong><span>-Reduce el cansancio sexual, para dar paso a otras eyaculaciones<\/span><\/strong><\/p>\n<p><strong><span>-Retrasa la fase de eyaculaci\u00f3n<\/span><\/strong><\/p>\n<p><strong><span>-Activa la funci\u00f3n renal<\/span><\/strong><\/p>\n<p><strong><span>-Aumenta la secreci\u00f3n testicular<\/span><\/strong><\/p>\n<p><strong><span>-Ayuda a prevenir la enfermedad de la pr\u00f3stata, as\u00ed como enfermedades similares.<\/span><\/strong><\/p>\n<p><strong><span>-La eficacia de este poderoso Afrodis\u00edaco Natural puede sin embargo variar de un organismo a otro, no teniendo, en general, la misma eficacia en todas las personas.<\/span><\/strong><\/p>\n<p><strong><span>\u00a0Especificaciones:<\/span><\/strong><\/p>\n<p><strong><span>Una Caja de Vigor vip 800mg contiene: 10 pastillas.<\/span><\/strong><\/p>\n<p><strong><span>\u00a0Administraci\u00f3n y posolog\u00eda:<\/span><\/strong><\/p>\n<p><strong><span>Tomar una c\u00e1psula de 10 a 30 minutos antes de tener relaciones sexuales (su efecto dura 72 horas).<\/span><\/strong><\/p>\n<p><strong><span>No tiene efectos secundarios.<\/span><\/strong><\/p>\n<p><strong><span>\u00a0\u00bfPuedo tomar Vigor VIP 800 mg con alcohol o alimentos?<\/span><\/strong><\/p>\n<p><strong><span>S\u00ed puede.<\/span><\/strong><\/p>\n<p><strong><span>Sin embargo, al mezclar alcohol y Vigourvip 800 mg, es posible que no consiga una erecci\u00f3n efectiva.\u00a0Para obtener los mejores resultados posibles, no beba grandes cantidades de alcohol antes o mientras toma Vigor vip 800 mg.<\/span><\/strong><\/p>\n<p><strong><span>Advertencias<\/span><\/strong><\/p>\n<p><strong><span>Se recomienda no superar la dosis diaria mencionada en el prospecto.<\/span><\/strong><\/p>\n<p><strong><span>Los complementos alimenticios no deben considerarse como un sustituto de una dieta variada.<\/span><\/strong><\/p>\n<p><strong><span>Los resultados pueden variar de un individuo a otro.<\/span><\/strong><\/p>\n<p><strong><span>Almacenar en un lugar fresco lejos de la luz solar.<\/span><\/strong><\/p>\n<p><strong><span>Debe mantenerse fuera del alcance de los ni\u00f1os.<\/span><\/strong><\/p>\n","protected":false},"excerpt":{"rendered":"<p>VIGOR VIP 800mg es el sustituto natural de la conocida pastilla azul, con una mayor eficacia y, sobre todo, un efecto m\u00e1s r\u00e1pido. Adem\u00e1s, es estimulante y tambi\u00e9n afrodis\u00edaco, este es natural, extra\u00eddo de un conjunto de plantas y sometido a un riguroso proceso de elaboraci\u00f3n. Se utiliza para mejorar los s\u00edntomas de la disfunci\u00f3n [&hellip;]<\/p>\n","protected":false},"featured_media":4626,"comment_status":"open","ping_status":"closed","template":"","meta":{"_eb_attr":"","site-sidebar-layout":"default","site-content-layout":"default","ast-site-content-layout":"default","site-content-style":"default","site-sidebar-style":"default","ast-global-header-display":"","ast-banner-title-visibility":"","ast-main-header-display":"","ast-hfb-above-header-display":"","ast-hfb-below-header-display":"","ast-hfb-mobile-header-display":"","site-post-title":"","ast-breadcrumbs-content":"","ast-featured-img":"","footer-sml-layout":"","ast-disable-related-posts":"","theme-transparent-header-meta":"default","adv-header-id-meta":"","stick-header-meta":"","header-above-stick-meta":"","header-main-stick-meta":"","header-below-stick-meta":"","astra-migrate-meta-layouts":"default","ast-page-background-enabled":"default","ast-page-background-meta":{"desktop":{"background-color":"var(--ast-global-color-4)","background-image":"","background-repeat":"repeat","background-position":"center center","background-size":"auto","background-attachment":"scroll","background-type":"","background-media":"","overlay-type":"","overlay-color":"","overlay-opacity":"","overlay-gradient":""},"tablet":{"background-color":"","background-image":"","background-repeat":"repeat","background-position":"center center","background-size":"auto","background-attachment":"scroll","background-type":"","background-media":"","overlay-type":"","overlay-color":"","overlay-opacity":"","overlay-gradient":""},"mobile":{"background-color":"","background-image":"","background-repeat":"repeat","background-position":"center center","background-size":"auto","background-attachment":"scroll","background-type":"","background-media":"","overlay-type":"","overlay-color":"","overlay-opacity":"","overlay-gradient":""}},"ast-content-background-meta":{"desktop":{"background-color":"var(--ast-global-color-5)","background-image":"","background-repeat":"repeat","background-position":"center center","background-size":"auto","background-attachment":"scroll","background-type":"","background-media":"","overlay-type":"","overlay-color":"","overlay-opacity":"","overlay-gradient":""},"tablet":{"background-color":"var(--ast-global-color-5)","background-image":"","background-repeat":"repeat","background-position":"center center","background-size":"auto","background-attachment":"scroll","background-type":"","background-media":"","overlay-type":"","overlay-color":"","overlay-opacity":"","overlay-gradient":""},"mobile":{"background-color":"var(--ast-global-color-5)","background-image":"","background-repeat":"repeat","background-position":"center center","background-size":"auto","background-attachment":"scroll","background-type":"","background-media":"","overlay-type":"","overlay-color":"","overlay-opacity":"","overlay-gradient":""}}},"product_brand":[],"product_cat":[230,250,238],"product_tag":[],"class_list":{"0":"post-4625","1":"product","2":"type-product","3":"status-publish","4":"has-post-thumbnail","6":"product_cat-farmacia","7":"product_cat-marca-vigour","8":"product_cat-todos-los-afrodisiacos-para-hombres","9":"desktop-align-left","10":"tablet-align-left","11":"mobile-align-left","13":"first","14":"instock","15":"sale","16":"shipping-taxable","17":"purchasable","18":"product-type-simple"},"_links":{"self":[{"href":"https:\/\/chibolita.es\/index.php\/wp-json\/wp\/v2\/product\/4625","targetHints":{"allow":["GET"]}}],"collection":[{"href":"https:\/\/chibolita.es\/index.php\/wp-json\/wp\/v2\/product"}],"about":[{"href":"https:\/\/chibolita.es\/index.php\/wp-json\/wp\/v2\/types\/product"}],"replies":[{"embeddable":true,"href":"https:\/\/chibolita.es\/index.php\/wp-json\/wp\/v2\/comments?post=4625"}],"wp:featuredmedia":[{"embeddable":true,"href":"https:\/\/chibolita.es\/index.php\/wp-json\/wp\/v2\/media\/4626"}],"wp:attachment":[{"href":"https:\/\/chibolita.es\/index.php\/wp-json\/wp\/v2\/media?parent=4625"}],"wp:term":[{"taxonomy":"product_brand","embeddable":true,"href":"https:\/\/chibolita.es\/index.php\/wp-json\/wp\/v2\/product_brand?post=4625"},{"taxonomy":"product_cat","embeddable":true,"href":"https:\/\/chibolita.es\/index.php\/wp-json\/wp\/v2\/product_cat?post=4625"},{"taxonomy":"product_tag","embeddable":true,"href":"https:\/\/chibolita.es\/index.php\/wp-json\/wp\/v2\/product_tag?post=4625"}],"curies":[{"name":"wp","href":"https:\/\/api.w.org\/{rel}","templated":true}]}}