{"id":4623,"date":"2023-05-08T22:09:01","date_gmt":"2023-05-08T22:09:01","guid":{"rendered":"https:\/\/chibolita.es\/?post_type=product&#038;p=4623"},"modified":"2025-07-17T19:53:13","modified_gmt":"2025-07-17T19:53:13","slug":"vigour-800-gold","status":"publish","type":"product","link":"https:\/\/chibolita.es\/index.php\/product\/vigour-800-gold\/","title":{"rendered":"VIGOUR 800 GOLD"},"content":{"rendered":"<p><span>Vigor 800mg Dourado es el sustituto natural de la conocida P\u00edldora Azul, con mayor eficacia y un efecto m\u00e1s r\u00e1pido, y siendo, adem\u00e1s de estimulante, tambi\u00e9n afrodis\u00edaco, extra\u00eddo de varias plantas y sometido a un riguroso proceso de manufactura.<\/span><\/p>\n<p><span>Se utiliza para mejorar los s\u00edntomas de la disfunci\u00f3n er\u00e9ctil y para prolongar las relaciones sexuales.<\/span><\/p>\n<p><span>100% Natural, altamente concentrado y r\u00e1pido &#8211; No contiene qu\u00edmicos ni drogas en su composici\u00f3n<\/span><\/p>\n<h4><span>\u00bfPara qu\u00e9 se utiliza Vigor 800mg Gold?<\/span><\/h4>\n<ul>\n<li><span>Permite una erecci\u00f3n r\u00e1pida y consistente.<\/span><\/li>\n<li><span>Mejora el rendimiento y el deseo sexual<\/span><\/li>\n<li><span>Reduce la fatiga sexual, allanando el camino para m\u00e1s eyaculaciones<\/span><\/li>\n<li><span>Retrasa la fase de eyaculaci\u00f3n<\/span><\/li>\n<li><span>Activa la funci\u00f3n renal<\/span><\/li>\n<li><span>Aumenta la secreci\u00f3n testicular<\/span><\/li>\n<li><span>Ayuda a prevenir la pr\u00f3stata y enfermedades similares.<\/span><\/li>\n<\/ul>\n<h4><span>administracion y dosificacion<\/span><\/h4>\n<p><span>Tome una tableta de 10 a 30 minutos antes de tener relaciones sexuales (su efecto dura 72 horas).<\/span><\/p>\n<h4><span>\u00bfVigor 800mg tiene efectos secundarios?<\/span><\/h4>\n<p><span>Vigor 800mg en casos excepcionales puede manifestar efectos secundarios, por ejemplo dolor de cabeza, problemas estomacales, secreci\u00f3n nasal, o cierto calor en la cara o el cuerpo.\u00a0Estos efectos secundarios desaparecer\u00e1n en unas pocas horas una vez que deje de recibir estimulaci\u00f3n sexual.\u00a0Si experimenta un efecto secundario que le molesta durante mucho tiempo, le recomendamos que se ponga en contacto con su m\u00e9dico.<\/span><\/p>\n<h4><span>\u00bfPuedo tomar Vigor 800 mg con bebidas alcoh\u00f3licas?<\/span><\/h4>\n<p><span>S\u00ed puede.\u00a0Sin embargo, al mezclar alcohol y Vigor 800 mg, es posible que no obtenga una erecci\u00f3n efectiva.\u00a0Para obtener los mejores resultados posibles, no beba grandes cantidades de alcohol antes o mientras toma Vigor 800 mg.<\/span><\/p>\n<p><span>Advertencias<\/span><\/p>\n<p><span>No se debe exceder la ingesta diaria recomendada.<\/span><\/p>\n<p><span>Los complementos alimenticios no deben considerarse como un sustituto de una dieta variada.<\/span><\/p>\n<p><span>Los resultados pueden variar de un individuo a otro.<\/span><\/p>\n<p><span>Almacenar en un lugar fresco lejos de la luz solar.<\/span><\/p>\n<p><span>Mantener fuera del alcance de los ni\u00f1os.<\/span><\/p>\n","protected":false},"excerpt":{"rendered":"<p>Vigor 800mg Dourado es el sustituto natural de la conocida P\u00edldora Azul, con mayor eficacia y un efecto m\u00e1s r\u00e1pido, y siendo, adem\u00e1s de estimulante, tambi\u00e9n afrodis\u00edaco, extra\u00eddo de varias plantas y sometido a un riguroso proceso de manufactura. Se utiliza para mejorar los s\u00edntomas de la disfunci\u00f3n er\u00e9ctil y para prolongar las relaciones sexuales. [&hellip;]<\/p>\n","protected":false},"featured_media":4624,"comment_status":"open","ping_status":"closed","template":"","meta":{"_eb_attr":"","site-sidebar-layout":"default","site-content-layout":"default","ast-site-content-layout":"default","site-content-style":"default","site-sidebar-style":"default","ast-global-header-display":"","ast-banner-title-visibility":"","ast-main-header-display":"","ast-hfb-above-header-display":"","ast-hfb-below-header-display":"","ast-hfb-mobile-header-display":"","site-post-title":"","ast-breadcrumbs-content":"","ast-featured-img":"","footer-sml-layout":"","ast-disable-related-posts":"","theme-transparent-header-meta":"default","adv-header-id-meta":"","stick-header-meta":"","header-above-stick-meta":"","header-main-stick-meta":"","header-below-stick-meta":"","astra-migrate-meta-layouts":"default","ast-page-background-enabled":"default","ast-page-background-meta":{"desktop":{"background-color":"var(--ast-global-color-4)","background-image":"","background-repeat":"repeat","background-position":"center center","background-size":"auto","background-attachment":"scroll","background-type":"","background-media":"","overlay-type":"","overlay-color":"","overlay-opacity":"","overlay-gradient":""},"tablet":{"background-color":"","background-image":"","background-repeat":"repeat","background-position":"center center","background-size":"auto","background-attachment":"scroll","background-type":"","background-media":"","overlay-type":"","overlay-color":"","overlay-opacity":"","overlay-gradient":""},"mobile":{"background-color":"","background-image":"","background-repeat":"repeat","background-position":"center center","background-size":"auto","background-attachment":"scroll","background-type":"","background-media":"","overlay-type":"","overlay-color":"","overlay-opacity":"","overlay-gradient":""}},"ast-content-background-meta":{"desktop":{"background-color":"var(--ast-global-color-5)","background-image":"","background-repeat":"repeat","background-position":"center center","background-size":"auto","background-attachment":"scroll","background-type":"","background-media":"","overlay-type":"","overlay-color":"","overlay-opacity":"","overlay-gradient":""},"tablet":{"background-color":"var(--ast-global-color-5)","background-image":"","background-repeat":"repeat","background-position":"center center","background-size":"auto","background-attachment":"scroll","background-type":"","background-media":"","overlay-type":"","overlay-color":"","overlay-opacity":"","overlay-gradient":""},"mobile":{"background-color":"var(--ast-global-color-5)","background-image":"","background-repeat":"repeat","background-position":"center center","background-size":"auto","background-attachment":"scroll","background-type":"","background-media":"","overlay-type":"","overlay-color":"","overlay-opacity":"","overlay-gradient":""}}},"product_brand":[],"product_cat":[230,250,238],"product_tag":[],"class_list":{"0":"post-4623","1":"product","2":"type-product","3":"status-publish","4":"has-post-thumbnail","6":"product_cat-farmacia","7":"product_cat-marca-vigour","8":"product_cat-todos-los-afrodisiacos-para-hombres","9":"desktop-align-left","10":"tablet-align-left","11":"mobile-align-left","13":"first","14":"instock","15":"sale","16":"shipping-taxable","17":"purchasable","18":"product-type-simple"},"_links":{"self":[{"href":"https:\/\/chibolita.es\/index.php\/wp-json\/wp\/v2\/product\/4623","targetHints":{"allow":["GET"]}}],"collection":[{"href":"https:\/\/chibolita.es\/index.php\/wp-json\/wp\/v2\/product"}],"about":[{"href":"https:\/\/chibolita.es\/index.php\/wp-json\/wp\/v2\/types\/product"}],"replies":[{"embeddable":true,"href":"https:\/\/chibolita.es\/index.php\/wp-json\/wp\/v2\/comments?post=4623"}],"wp:featuredmedia":[{"embeddable":true,"href":"https:\/\/chibolita.es\/index.php\/wp-json\/wp\/v2\/media\/4624"}],"wp:attachment":[{"href":"https:\/\/chibolita.es\/index.php\/wp-json\/wp\/v2\/media?parent=4623"}],"wp:term":[{"taxonomy":"product_brand","embeddable":true,"href":"https:\/\/chibolita.es\/index.php\/wp-json\/wp\/v2\/product_brand?post=4623"},{"taxonomy":"product_cat","embeddable":true,"href":"https:\/\/chibolita.es\/index.php\/wp-json\/wp\/v2\/product_cat?post=4623"},{"taxonomy":"product_tag","embeddable":true,"href":"https:\/\/chibolita.es\/index.php\/wp-json\/wp\/v2\/product_tag?post=4623"}],"curies":[{"name":"wp","href":"https:\/\/api.w.org\/{rel}","templated":true}]}}