{"id":4621,"date":"2023-05-08T22:07:41","date_gmt":"2023-05-08T22:07:41","guid":{"rendered":"https:\/\/chibolita.es\/?post_type=product&#038;p=4621"},"modified":"2025-07-17T19:53:32","modified_gmt":"2025-07-17T19:53:32","slug":"vigour-5200-super-strong-delay","status":"publish","type":"product","link":"https:\/\/chibolita.es\/index.php\/product\/vigour-5200-super-strong-delay\/","title":{"rendered":"VIGOUR 5200 SUPER STRONG DELAY"},"content":{"rendered":"<div><span>VIGOR 5200 SUPER FUERTE DELAY nueva f\u00f3rmula ahora con retardante y a\u00fan m\u00e1s concentrada.\u00a0La f\u00f3rmula se basa en sus antecedentes pero ahora tiene la ventaja de contener ingredientes que ayudan a retrasar la eyaculaci\u00f3n, con el mismo efecto r\u00e1pido que permanece m\u00e1s tiempo en el cuerpo.<\/span><\/div>\n<div><\/div>\n<div><span>Un estimulante con mayor eficacia, con un efecto m\u00e1s r\u00e1pido y, adem\u00e1s de estimulante, este afrodis\u00edaco tambi\u00e9n es natural, extra\u00eddo de varias plantas y sometido a un riguroso proceso de fabricaci\u00f3n.\u00a0Se utiliza para mejorar los s\u00edntomas de la disfunci\u00f3n er\u00e9ctil y para prolongar las relaciones sexuales.\u00a0100% Natural, altamente concentrado y r\u00e1pido, no contiene qu\u00edmicos ni drogas en su composici\u00f3n.<\/span><\/div>\n<div><\/div>\n<div><span>\u00bfVIGOR 5200 SUPER STRONG DELAY tiene efectos secundarios?<\/span><\/div>\n<div><span>VIGOR 5200 en casos excepcionales puede causar efectos secundarios, por ejemplo dolor de cabeza, problemas estomacales, secreci\u00f3n nasal o cierto calor en la cara o el cuerpo.\u00a0Estos efectos secundarios desaparecer\u00e1n en unas pocas horas una vez que deje de recibir estimulaci\u00f3n sexual.\u00a0Si experimenta un efecto secundario que le molesta durante mucho tiempo, le recomendamos que se ponga en contacto con su m\u00e9dico.<\/span><\/div>\n<div><\/div>\n<div><span>\u00bfPuedo tomar VIGOR 5200 con alcohol o alimentos?<\/span><\/div>\n<div><span>S\u00ed puede.\u00a0Sin embargo, mezclar alcohol con VIGOR 5200 puede resultar en una erecci\u00f3n ineficaz.\u00a0Para mejores resultados, no beba grandes cantidades de alcohol antes o mientras toma VIGOR 5200.<\/span><\/div>\n<div><\/div>\n<div><span>BENEFICIOS:<\/span><\/div>\n<div><span>&gt; Retrasa la fase de eyaculaci\u00f3n;<\/span><\/div>\n<div><span>&gt; Permite una erecci\u00f3n r\u00e1pida y consistente;<\/span><\/div>\n<div><span>&gt; Mejora el rendimiento y el deseo sexual;<\/span><\/div>\n<div><span>&gt; Reduce la fatiga sexual, allanando el camino para otras eyaculaciones;<\/span><\/div>\n<div><span>&gt; Activa la funci\u00f3n renal;<\/span><\/div>\n<div><span>&gt; Aumenta la secreci\u00f3n testicular;<\/span><\/div>\n<div><span>&gt; Ayuda a prevenir la pr\u00f3stata y enfermedades similares.<\/span><\/div>\n","protected":false},"excerpt":{"rendered":"<p>VIGOR 5200 SUPER FUERTE DELAY nueva f\u00f3rmula ahora con retardante y a\u00fan m\u00e1s concentrada.\u00a0La f\u00f3rmula se basa en sus antecedentes pero ahora tiene la ventaja de contener ingredientes que ayudan a retrasar la eyaculaci\u00f3n, con el mismo efecto r\u00e1pido que permanece m\u00e1s tiempo en el cuerpo. Un estimulante con mayor eficacia, con un efecto m\u00e1s [&hellip;]<\/p>\n","protected":false},"featured_media":4622,"comment_status":"open","ping_status":"closed","template":"","meta":{"_eb_attr":"","site-sidebar-layout":"default","site-content-layout":"default","ast-site-content-layout":"default","site-content-style":"default","site-sidebar-style":"default","ast-global-header-display":"","ast-banner-title-visibility":"","ast-main-header-display":"","ast-hfb-above-header-display":"","ast-hfb-below-header-display":"","ast-hfb-mobile-header-display":"","site-post-title":"","ast-breadcrumbs-content":"","ast-featured-img":"","footer-sml-layout":"","ast-disable-related-posts":"","theme-transparent-header-meta":"default","adv-header-id-meta":"","stick-header-meta":"","header-above-stick-meta":"","header-main-stick-meta":"","header-below-stick-meta":"","astra-migrate-meta-layouts":"default","ast-page-background-enabled":"default","ast-page-background-meta":{"desktop":{"background-color":"var(--ast-global-color-4)","background-image":"","background-repeat":"repeat","background-position":"center center","background-size":"auto","background-attachment":"scroll","background-type":"","background-media":"","overlay-type":"","overlay-color":"","overlay-opacity":"","overlay-gradient":""},"tablet":{"background-color":"","background-image":"","background-repeat":"repeat","background-position":"center center","background-size":"auto","background-attachment":"scroll","background-type":"","background-media":"","overlay-type":"","overlay-color":"","overlay-opacity":"","overlay-gradient":""},"mobile":{"background-color":"","background-image":"","background-repeat":"repeat","background-position":"center center","background-size":"auto","background-attachment":"scroll","background-type":"","background-media":"","overlay-type":"","overlay-color":"","overlay-opacity":"","overlay-gradient":""}},"ast-content-background-meta":{"desktop":{"background-color":"var(--ast-global-color-5)","background-image":"","background-repeat":"repeat","background-position":"center center","background-size":"auto","background-attachment":"scroll","background-type":"","background-media":"","overlay-type":"","overlay-color":"","overlay-opacity":"","overlay-gradient":""},"tablet":{"background-color":"var(--ast-global-color-5)","background-image":"","background-repeat":"repeat","background-position":"center center","background-size":"auto","background-attachment":"scroll","background-type":"","background-media":"","overlay-type":"","overlay-color":"","overlay-opacity":"","overlay-gradient":""},"mobile":{"background-color":"var(--ast-global-color-5)","background-image":"","background-repeat":"repeat","background-position":"center center","background-size":"auto","background-attachment":"scroll","background-type":"","background-media":"","overlay-type":"","overlay-color":"","overlay-opacity":"","overlay-gradient":""}}},"product_brand":[],"product_cat":[230,250,236,238],"product_tag":[],"class_list":{"0":"post-4621","1":"product","2":"type-product","3":"status-publish","4":"has-post-thumbnail","6":"product_cat-farmacia","7":"product_cat-marca-vigour","8":"product_cat-retardantes","9":"product_cat-todos-los-afrodisiacos-para-hombres","10":"desktop-align-left","11":"tablet-align-left","12":"mobile-align-left","14":"first","15":"instock","16":"sale","17":"shipping-taxable","18":"purchasable","19":"product-type-simple"},"_links":{"self":[{"href":"https:\/\/chibolita.es\/index.php\/wp-json\/wp\/v2\/product\/4621","targetHints":{"allow":["GET"]}}],"collection":[{"href":"https:\/\/chibolita.es\/index.php\/wp-json\/wp\/v2\/product"}],"about":[{"href":"https:\/\/chibolita.es\/index.php\/wp-json\/wp\/v2\/types\/product"}],"replies":[{"embeddable":true,"href":"https:\/\/chibolita.es\/index.php\/wp-json\/wp\/v2\/comments?post=4621"}],"wp:featuredmedia":[{"embeddable":true,"href":"https:\/\/chibolita.es\/index.php\/wp-json\/wp\/v2\/media\/4622"}],"wp:attachment":[{"href":"https:\/\/chibolita.es\/index.php\/wp-json\/wp\/v2\/media?parent=4621"}],"wp:term":[{"taxonomy":"product_brand","embeddable":true,"href":"https:\/\/chibolita.es\/index.php\/wp-json\/wp\/v2\/product_brand?post=4621"},{"taxonomy":"product_cat","embeddable":true,"href":"https:\/\/chibolita.es\/index.php\/wp-json\/wp\/v2\/product_cat?post=4621"},{"taxonomy":"product_tag","embeddable":true,"href":"https:\/\/chibolita.es\/index.php\/wp-json\/wp\/v2\/product_tag?post=4621"}],"curies":[{"name":"wp","href":"https:\/\/api.w.org\/{rel}","templated":true}]}}