{"id":4617,"date":"2023-05-08T22:02:23","date_gmt":"2023-05-08T22:02:23","guid":{"rendered":"https:\/\/chibolita.es\/?post_type=product&#038;p=4617"},"modified":"2024-02-10T17:11:27","modified_gmt":"2024-02-10T17:11:27","slug":"super-vigour-6800","status":"publish","type":"product","link":"https:\/\/chibolita.es\/index.php\/product\/super-vigour-6800\/","title":{"rendered":"Super Vigour 6800"},"content":{"rendered":"<p><strong>\u00a0A mais recente novidade da gama vigour mas optimizada, uma \u201cbomba\u201d de pot\u00eancia para as suas atividades sexuais de puros extractos extremamente fortes e afrodis\u00edacos que v\u00e3o proporcionar SUPER erec\u00e7\u00f5es e um SUPER VIGOUR a cada estimulo sexual. Tudo isto e muito mais encontra em SUPER VIGOUR.<\/strong><\/p>\n<p><strong>BENEF\u00cdCIOS:<\/strong><\/p>\n<p><strong>\u2013 Pot\u00eancia sexual SUPER;<\/strong><br \/>\n<strong>\u2013\u00a0R\u00e1pidez a fazer efeito SUPER;<\/strong><br \/>\n<strong>\u2013\u00a0Orgasmos SUPER;<\/strong><br \/>\n<strong>\u2013\u00a0Controlo de ejacula\u00e7\u00e3o SUPER;<\/strong><br \/>\n<strong>\u2013\u00a0Dura\u00e7\u00e3o por v\u00e1rios dias SUPER.<\/strong><\/p>\n<p><strong>POSOLOGIA:<\/strong><\/p>\n<p><strong>\u2013 Tomar 1 comprimido 30 a 45 minutos antes do acto sexual;<\/strong><\/p>\n<p><strong>\u2013 O efeito pode prolongar at\u00e9 72 horas;<\/strong><\/p>\n<p><strong>\u2013 N\u00e3o exceder 1 comprimido em 24 horas.<\/strong><\/p>\n<p><strong>QUANTIDADE:<\/strong><\/p>\n<p><strong>10 comprimidos<\/strong><\/p>\n","protected":false},"excerpt":{"rendered":"<p>\u00a0A mais recente novidade da gama vigour mas optimizada, uma \u201cbomba\u201d de pot\u00eancia para as suas atividades sexuais de puros extractos extremamente fortes e afrodis\u00edacos que v\u00e3o proporcionar SUPER erec\u00e7\u00f5es e um SUPER VIGOUR a cada estimulo sexual. Tudo isto e muito mais encontra em SUPER VIGOUR. BENEF\u00cdCIOS: \u2013 Pot\u00eancia sexual SUPER; \u2013\u00a0R\u00e1pidez a fazer [&hellip;]<\/p>\n","protected":false},"featured_media":4618,"comment_status":"open","ping_status":"closed","template":"","meta":{"_eb_attr":"","site-sidebar-layout":"default","site-content-layout":"default","ast-site-content-layout":"default","site-content-style":"default","site-sidebar-style":"default","ast-global-header-display":"","ast-banner-title-visibility":"","ast-main-header-display":"","ast-hfb-above-header-display":"","ast-hfb-below-header-display":"","ast-hfb-mobile-header-display":"","site-post-title":"","ast-breadcrumbs-content":"","ast-featured-img":"","footer-sml-layout":"","ast-disable-related-posts":"","theme-transparent-header-meta":"default","adv-header-id-meta":"","stick-header-meta":"","header-above-stick-meta":"","header-main-stick-meta":"","header-below-stick-meta":"","astra-migrate-meta-layouts":"default","ast-page-background-enabled":"default","ast-page-background-meta":{"desktop":{"background-color":"var(--ast-global-color-4)","background-image":"","background-repeat":"repeat","background-position":"center center","background-size":"auto","background-attachment":"scroll","background-type":"","background-media":"","overlay-type":"","overlay-color":"","overlay-opacity":"","overlay-gradient":""},"tablet":{"background-color":"","background-image":"","background-repeat":"repeat","background-position":"center center","background-size":"auto","background-attachment":"scroll","background-type":"","background-media":"","overlay-type":"","overlay-color":"","overlay-opacity":"","overlay-gradient":""},"mobile":{"background-color":"","background-image":"","background-repeat":"repeat","background-position":"center center","background-size":"auto","background-attachment":"scroll","background-type":"","background-media":"","overlay-type":"","overlay-color":"","overlay-opacity":"","overlay-gradient":""}},"ast-content-background-meta":{"desktop":{"background-color":"var(--ast-global-color-5)","background-image":"","background-repeat":"repeat","background-position":"center center","background-size":"auto","background-attachment":"scroll","background-type":"","background-media":"","overlay-type":"","overlay-color":"","overlay-opacity":"","overlay-gradient":""},"tablet":{"background-color":"var(--ast-global-color-5)","background-image":"","background-repeat":"repeat","background-position":"center center","background-size":"auto","background-attachment":"scroll","background-type":"","background-media":"","overlay-type":"","overlay-color":"","overlay-opacity":"","overlay-gradient":""},"mobile":{"background-color":"var(--ast-global-color-5)","background-image":"","background-repeat":"repeat","background-position":"center center","background-size":"auto","background-attachment":"scroll","background-type":"","background-media":"","overlay-type":"","overlay-color":"","overlay-opacity":"","overlay-gradient":""}}},"product_brand":[],"product_cat":[230,250,238],"product_tag":[],"class_list":{"0":"post-4617","1":"product","2":"type-product","3":"status-publish","4":"has-post-thumbnail","6":"product_cat-farmacia","7":"product_cat-marca-vigour","8":"product_cat-todos-los-afrodisiacos-para-hombres","9":"desktop-align-left","10":"tablet-align-left","11":"mobile-align-left","13":"first","14":"instock","15":"shipping-taxable","16":"purchasable","17":"product-type-simple"},"_links":{"self":[{"href":"https:\/\/chibolita.es\/index.php\/wp-json\/wp\/v2\/product\/4617","targetHints":{"allow":["GET"]}}],"collection":[{"href":"https:\/\/chibolita.es\/index.php\/wp-json\/wp\/v2\/product"}],"about":[{"href":"https:\/\/chibolita.es\/index.php\/wp-json\/wp\/v2\/types\/product"}],"replies":[{"embeddable":true,"href":"https:\/\/chibolita.es\/index.php\/wp-json\/wp\/v2\/comments?post=4617"}],"wp:featuredmedia":[{"embeddable":true,"href":"https:\/\/chibolita.es\/index.php\/wp-json\/wp\/v2\/media\/4618"}],"wp:attachment":[{"href":"https:\/\/chibolita.es\/index.php\/wp-json\/wp\/v2\/media?parent=4617"}],"wp:term":[{"taxonomy":"product_brand","embeddable":true,"href":"https:\/\/chibolita.es\/index.php\/wp-json\/wp\/v2\/product_brand?post=4617"},{"taxonomy":"product_cat","embeddable":true,"href":"https:\/\/chibolita.es\/index.php\/wp-json\/wp\/v2\/product_cat?post=4617"},{"taxonomy":"product_tag","embeddable":true,"href":"https:\/\/chibolita.es\/index.php\/wp-json\/wp\/v2\/product_tag?post=4617"}],"curies":[{"name":"wp","href":"https:\/\/api.w.org\/{rel}","templated":true}]}}