{"id":4615,"date":"2023-05-08T22:00:59","date_gmt":"2023-05-08T22:00:59","guid":{"rendered":"https:\/\/chibolita.es\/?post_type=product&#038;p=4615"},"modified":"2025-01-26T16:21:10","modified_gmt":"2025-01-26T16:21:10","slug":"vigour-800-azul-usa","status":"publish","type":"product","link":"https:\/\/chibolita.es\/index.php\/product\/vigour-800-azul-usa\/","title":{"rendered":"Vigour 800 azul \u2013 USA"},"content":{"rendered":"<p><strong><span>\u00bfQu\u00e9 es Vigor?<\/span><\/strong><br \/>\n<span>Es un afrodis\u00edaco de mayor eficacia, con un efecto m\u00e1s r\u00e1pido, y adem\u00e1s de estimulante, este afrodis\u00edaco es natural, extra\u00eddo de varias plantas y sometido a un riguroso proceso de elaboraci\u00f3n.\u00a0Se utiliza para mejorar los s\u00edntomas de la disfunci\u00f3n er\u00e9ctil y para prolongar las relaciones sexuales.<\/span><\/p>\n<p><span>100% Natural altamente concentrado y r\u00e1pido \u2013 no contiene qu\u00edmicos ni drogas en su composici\u00f3n.<\/span><\/p>\n<p><strong><span>\u00bfPara qu\u00e9 sirve Vigor?<\/span><\/strong><br \/>\n<span>-Permite una erecci\u00f3n r\u00e1pida y consistente<\/span><br \/>\n<span>-Mejora el rendimiento y el deseo sexual<\/span><br \/>\n<span>-Reduce la fatiga sexual, allanando el camino para futuras eyaculaciones<\/span><br \/>\n<span>-Retrasa la fase de eyaculaci\u00f3n<\/span><br \/>\n<span>-Activa la funci\u00f3n renal<\/span><br \/>\n<span>-Aumenta la secreci\u00f3n testicular<\/span><br \/>\n<span>-Ayuda a prevenir la pr\u00f3stata y enfermedades similares.<\/span><\/p>\n<p><strong><span>Especificaciones:<\/span><\/strong><br \/>\n<span>Una Caja de Vigor contiene: 10 pastillas.<\/span><\/p>\n<p><span>\u00bfVigor tiene efectos secundarios?<\/span><br \/>\n<span>Vigor en casos excepcionales puede manifestar efectos secundarios, por ejemplo dolor de cabeza, problemas estomacales, secreci\u00f3n nasal o cierto calor en la cara o el cuerpo.\u00a0Estos efectos secundarios desaparecer\u00e1n en unas pocas horas una vez que deje de recibir estimulaci\u00f3n sexual.\u00a0Si tiene un efecto secundario que le molesta durante mucho tiempo, le recomendamos que se ponga en contacto con su m\u00e9dico.<\/span><\/p>\n<p><strong><span>Administraci\u00f3n y posolog\u00eda:<\/span><\/strong><br \/>\n<span>Tomar una c\u00e1psula de 10 a 30 minutos antes de la relaci\u00f3n sexual.\u00a0(Su efecto dura 72 horas).\u00a0No tiene efectos secundarios.<\/span><\/p>\n<p><strong><span>\u00bfPuedo tomar Vigor con alcohol o alimentos?<\/span><\/strong><br \/>\n<span>S\u00ed puede.\u00a0Sin embargo, al mezclar alcohol y Vigour, es posible que no obtenga una erecci\u00f3n efectiva.\u00a0Para obtener los mejores resultados posibles, no beba grandes cantidades de alcohol antes o durante el tratamiento con Vigour.<\/span><\/p>\n<p><strong><span>\u00bfCu\u00e1l es la diferencia entre Vigor 800mg y Vigor 800mg blue?<\/span><\/strong><br \/>\n<span>Si compara Vigor 800mg y Vigor 800mg etiqueta azul, la diferencia radica en la f\u00f3rmula de cada producto.\u00a0Sin embargo, los ingredientes afectan a diferentes personas de diferentes maneras, recomendamos comenzar con 800 mg para saber si es suficiente, de lo contrario, tome vigor 800 mg azul.<\/span><\/p>\n<p>&nbsp;<\/p>\n","protected":false},"excerpt":{"rendered":"<p>\u00bfQu\u00e9 es Vigor? Es un afrodis\u00edaco de mayor eficacia, con un efecto m\u00e1s r\u00e1pido, y adem\u00e1s de estimulante, este afrodis\u00edaco es natural, extra\u00eddo de varias plantas y sometido a un riguroso proceso de elaboraci\u00f3n.\u00a0Se utiliza para mejorar los s\u00edntomas de la disfunci\u00f3n er\u00e9ctil y para prolongar las relaciones sexuales. 100% Natural altamente concentrado y r\u00e1pido [&hellip;]<\/p>\n","protected":false},"featured_media":4616,"comment_status":"open","ping_status":"closed","template":"","meta":{"_eb_attr":"","site-sidebar-layout":"default","site-content-layout":"default","ast-site-content-layout":"default","site-content-style":"default","site-sidebar-style":"default","ast-global-header-display":"","ast-banner-title-visibility":"","ast-main-header-display":"","ast-hfb-above-header-display":"","ast-hfb-below-header-display":"","ast-hfb-mobile-header-display":"","site-post-title":"","ast-breadcrumbs-content":"","ast-featured-img":"","footer-sml-layout":"","ast-disable-related-posts":"","theme-transparent-header-meta":"default","adv-header-id-meta":"","stick-header-meta":"","header-above-stick-meta":"","header-main-stick-meta":"","header-below-stick-meta":"","astra-migrate-meta-layouts":"default","ast-page-background-enabled":"default","ast-page-background-meta":{"desktop":{"background-color":"var(--ast-global-color-4)","background-image":"","background-repeat":"repeat","background-position":"center center","background-size":"auto","background-attachment":"scroll","background-type":"","background-media":"","overlay-type":"","overlay-color":"","overlay-opacity":"","overlay-gradient":""},"tablet":{"background-color":"","background-image":"","background-repeat":"repeat","background-position":"center center","background-size":"auto","background-attachment":"scroll","background-type":"","background-media":"","overlay-type":"","overlay-color":"","overlay-opacity":"","overlay-gradient":""},"mobile":{"background-color":"","background-image":"","background-repeat":"repeat","background-position":"center center","background-size":"auto","background-attachment":"scroll","background-type":"","background-media":"","overlay-type":"","overlay-color":"","overlay-opacity":"","overlay-gradient":""}},"ast-content-background-meta":{"desktop":{"background-color":"var(--ast-global-color-5)","background-image":"","background-repeat":"repeat","background-position":"center center","background-size":"auto","background-attachment":"scroll","background-type":"","background-media":"","overlay-type":"","overlay-color":"","overlay-opacity":"","overlay-gradient":""},"tablet":{"background-color":"var(--ast-global-color-5)","background-image":"","background-repeat":"repeat","background-position":"center center","background-size":"auto","background-attachment":"scroll","background-type":"","background-media":"","overlay-type":"","overlay-color":"","overlay-opacity":"","overlay-gradient":""},"mobile":{"background-color":"var(--ast-global-color-5)","background-image":"","background-repeat":"repeat","background-position":"center center","background-size":"auto","background-attachment":"scroll","background-type":"","background-media":"","overlay-type":"","overlay-color":"","overlay-opacity":"","overlay-gradient":""}}},"product_brand":[],"product_cat":[230,250,238],"product_tag":[],"class_list":{"0":"post-4615","1":"product","2":"type-product","3":"status-publish","4":"has-post-thumbnail","6":"product_cat-farmacia","7":"product_cat-marca-vigour","8":"product_cat-todos-los-afrodisiacos-para-hombres","9":"desktop-align-left","10":"tablet-align-left","11":"mobile-align-left","13":"first","14":"instock","15":"sale","16":"shipping-taxable","17":"purchasable","18":"product-type-simple"},"_links":{"self":[{"href":"https:\/\/chibolita.es\/index.php\/wp-json\/wp\/v2\/product\/4615","targetHints":{"allow":["GET"]}}],"collection":[{"href":"https:\/\/chibolita.es\/index.php\/wp-json\/wp\/v2\/product"}],"about":[{"href":"https:\/\/chibolita.es\/index.php\/wp-json\/wp\/v2\/types\/product"}],"replies":[{"embeddable":true,"href":"https:\/\/chibolita.es\/index.php\/wp-json\/wp\/v2\/comments?post=4615"}],"wp:featuredmedia":[{"embeddable":true,"href":"https:\/\/chibolita.es\/index.php\/wp-json\/wp\/v2\/media\/4616"}],"wp:attachment":[{"href":"https:\/\/chibolita.es\/index.php\/wp-json\/wp\/v2\/media?parent=4615"}],"wp:term":[{"taxonomy":"product_brand","embeddable":true,"href":"https:\/\/chibolita.es\/index.php\/wp-json\/wp\/v2\/product_brand?post=4615"},{"taxonomy":"product_cat","embeddable":true,"href":"https:\/\/chibolita.es\/index.php\/wp-json\/wp\/v2\/product_cat?post=4615"},{"taxonomy":"product_tag","embeddable":true,"href":"https:\/\/chibolita.es\/index.php\/wp-json\/wp\/v2\/product_tag?post=4615"}],"curies":[{"name":"wp","href":"https:\/\/api.w.org\/{rel}","templated":true}]}}