{"id":4601,"date":"2023-05-08T21:45:38","date_gmt":"2023-05-08T21:45:38","guid":{"rendered":"https:\/\/chibolita.es\/?post_type=product&#038;p=4601"},"modified":"2025-10-12T18:37:46","modified_gmt":"2025-10-12T18:37:46","slug":"vidalista-80mg-black-tadalafil","status":"publish","type":"product","link":"https:\/\/chibolita.es\/index.php\/product\/vidalista-80mg-black-tadalafil\/","title":{"rendered":"Vidalista 80mg Black &#8211; 10 caps"},"content":{"rendered":"<p><span>O Vidalista 80 black viene en forma de 10 tabletas, tiene un tiempo de acci\u00f3n r\u00e1pido.<\/span><\/p>\n<p><span>Comienza a hacer efecto 30 minutos despu\u00e9s de su consumo, proporcionando erecciones incre\u00edblemente mejores que duran desde medio d\u00eda hasta un d\u00eda completo.<\/span><\/p>\n<p><span>Vitalist80 es m\u00e1s efectivo si se consume 60 minutos antes del coito.<\/span><\/p>\n<h4><span>PRECAUCIONES:<\/span><\/h4>\n<p><span>\u2013 Producto destinado exclusivamente a adultos.<\/span><\/p>\n<p><span>\u2013 No exceder la dosis recomendada (1 comprimido\/24 horas)<\/span><\/p>\n<h4><\/h4>\n<p><strong><span>Caja de 10 caps<\/span><\/strong><\/p>\n","protected":false},"excerpt":{"rendered":"<p>O Vidalista 80 black viene en forma de 10 tabletas, tiene un tiempo de acci\u00f3n r\u00e1pido. Comienza a hacer efecto 30 minutos despu\u00e9s de su consumo, proporcionando erecciones incre\u00edblemente mejores que duran desde medio d\u00eda hasta un d\u00eda completo. Vitalist80 es m\u00e1s efectivo si se consume 60 minutos antes del coito. PRECAUCIONES: \u2013 Producto destinado [&hellip;]<\/p>\n","protected":false},"featured_media":4602,"comment_status":"open","ping_status":"closed","template":"","meta":{"_eb_attr":"","site-sidebar-layout":"default","site-content-layout":"default","ast-site-content-layout":"default","site-content-style":"default","site-sidebar-style":"default","ast-global-header-display":"","ast-banner-title-visibility":"","ast-main-header-display":"","ast-hfb-above-header-display":"","ast-hfb-below-header-display":"","ast-hfb-mobile-header-display":"","site-post-title":"","ast-breadcrumbs-content":"","ast-featured-img":"","footer-sml-layout":"","ast-disable-related-posts":"","theme-transparent-header-meta":"default","adv-header-id-meta":"","stick-header-meta":"","header-above-stick-meta":"","header-main-stick-meta":"","header-below-stick-meta":"","astra-migrate-meta-layouts":"default","ast-page-background-enabled":"default","ast-page-background-meta":{"desktop":{"background-color":"var(--ast-global-color-4)","background-image":"","background-repeat":"repeat","background-position":"center center","background-size":"auto","background-attachment":"scroll","background-type":"","background-media":"","overlay-type":"","overlay-color":"","overlay-opacity":"","overlay-gradient":""},"tablet":{"background-color":"","background-image":"","background-repeat":"repeat","background-position":"center center","background-size":"auto","background-attachment":"scroll","background-type":"","background-media":"","overlay-type":"","overlay-color":"","overlay-opacity":"","overlay-gradient":""},"mobile":{"background-color":"","background-image":"","background-repeat":"repeat","background-position":"center center","background-size":"auto","background-attachment":"scroll","background-type":"","background-media":"","overlay-type":"","overlay-color":"","overlay-opacity":"","overlay-gradient":""}},"ast-content-background-meta":{"desktop":{"background-color":"var(--ast-global-color-5)","background-image":"","background-repeat":"repeat","background-position":"center center","background-size":"auto","background-attachment":"scroll","background-type":"","background-media":"","overlay-type":"","overlay-color":"","overlay-opacity":"","overlay-gradient":""},"tablet":{"background-color":"var(--ast-global-color-5)","background-image":"","background-repeat":"repeat","background-position":"center center","background-size":"auto","background-attachment":"scroll","background-type":"","background-media":"","overlay-type":"","overlay-color":"","overlay-opacity":"","overlay-gradient":""},"mobile":{"background-color":"var(--ast-global-color-5)","background-image":"","background-repeat":"repeat","background-position":"center center","background-size":"auto","background-attachment":"scroll","background-type":"","background-media":"","overlay-type":"","overlay-color":"","overlay-opacity":"","overlay-gradient":""}}},"product_brand":[],"product_cat":[230,312,238],"product_tag":[],"class_list":{"0":"post-4601","1":"product","2":"type-product","3":"status-publish","4":"has-post-thumbnail","6":"product_cat-farmacia","7":"product_cat-tadalafilo","8":"product_cat-todos-los-afrodisiacos-para-hombres","9":"desktop-align-left","10":"tablet-align-left","11":"mobile-align-left","13":"first","14":"instock","15":"shipping-taxable","16":"purchasable","17":"product-type-simple"},"_links":{"self":[{"href":"https:\/\/chibolita.es\/index.php\/wp-json\/wp\/v2\/product\/4601","targetHints":{"allow":["GET"]}}],"collection":[{"href":"https:\/\/chibolita.es\/index.php\/wp-json\/wp\/v2\/product"}],"about":[{"href":"https:\/\/chibolita.es\/index.php\/wp-json\/wp\/v2\/types\/product"}],"replies":[{"embeddable":true,"href":"https:\/\/chibolita.es\/index.php\/wp-json\/wp\/v2\/comments?post=4601"}],"wp:featuredmedia":[{"embeddable":true,"href":"https:\/\/chibolita.es\/index.php\/wp-json\/wp\/v2\/media\/4602"}],"wp:attachment":[{"href":"https:\/\/chibolita.es\/index.php\/wp-json\/wp\/v2\/media?parent=4601"}],"wp:term":[{"taxonomy":"product_brand","embeddable":true,"href":"https:\/\/chibolita.es\/index.php\/wp-json\/wp\/v2\/product_brand?post=4601"},{"taxonomy":"product_cat","embeddable":true,"href":"https:\/\/chibolita.es\/index.php\/wp-json\/wp\/v2\/product_cat?post=4601"},{"taxonomy":"product_tag","embeddable":true,"href":"https:\/\/chibolita.es\/index.php\/wp-json\/wp\/v2\/product_tag?post=4601"}],"curies":[{"name":"wp","href":"https:\/\/api.w.org\/{rel}","templated":true}]}}