{"id":4571,"date":"2023-05-08T20:55:21","date_gmt":"2023-05-08T20:55:21","guid":{"rendered":"https:\/\/chibolita.es\/?post_type=product&#038;p=4571"},"modified":"2025-09-02T17:24:29","modified_gmt":"2025-09-02T17:24:29","slug":"retard-pro-10-caps","status":"publish","type":"product","link":"https:\/\/chibolita.es\/index.php\/product\/retard-pro-10-caps\/","title":{"rendered":"RETARD PRO 10 caps"},"content":{"rendered":"<div class=\"row-fluid ty-product-block__wrapper clearfix\">\n<p><span>RETARD PRO 10 es un suplemento de hierbas naturales especialmente dise\u00f1ado para retrasar la eyaculaci\u00f3n masculina y mejorar sustancialmente el rendimiento sexual y la resistencia.\u00a0No solo retrasa la eyaculaci\u00f3n, tambi\u00e9n proporciona erecciones m\u00e1s fuertes y por lo tanto contribuye a que las relaciones sexuales sean mucho m\u00e1s intensas y prolongadas.\u00a0Dura horas y horas!<\/span><\/p>\n<p><span>A trav\u00e9s de su nueva f\u00f3rmula \u00fanica con extractos que prolongan el acto sexual de la m\u00e1s alta calidad y altamente concentrados seg\u00fan las \u00faltimas tecnolog\u00edas, Retard Pro es ideal para hombres que buscan el m\u00e1ximo rendimiento sexual.<\/span><\/p>\n<ul>\n<li><span>Efecto retardante que previene la eyaculaci\u00f3n precoz;<\/span><\/li>\n<li><span>Prolonga significativamente el tiempo de las relaciones sexuales;<\/span><\/li>\n<li><span>Aumento de la resistencia y el deseo sexual;<\/span><\/li>\n<li><span>Orgasmos m\u00e1s intensos y prolongados;<\/span><\/li>\n<li><span>Erecciones m\u00e1s fuertes y duraderas;<\/span><\/li>\n<li><span>Mayor confianza en s\u00ed mismo en la vida \u00edntima;<\/span><\/li>\n<li><span>Producto natural probado sin efectos adversos;<\/span><\/li>\n<li><span>Resistente al efecto del alcohol;<\/span><\/li>\n<li><span>Efectos hasta 2 d\u00edas despu\u00e9s de la ingesti\u00f3n.<\/span><\/li>\n<\/ul>\n<div><\/div>\n<div><strong><span>indicaciones de consumo<\/span><\/strong><\/div>\n<div><span>Tome una tableta, preferiblemente con el est\u00f3mago vac\u00edo, de 40 a 60 minutos antes de cualquier actividad sexual.\u00a0Nunca tome m\u00e1s de una pastilla en un per\u00edodo de 24 horas.\u00a0Los complementos alimenticios no deben considerarse como un sustituto de una dieta variada.<\/span><\/div>\n<div><\/div>\n<div><strong><span>Composici\u00f3n de RETARD PRO 10<\/span><\/strong><\/div>\n<p class=\"ty-product-block-title\"><span>Bombys Mori L 160mg;\u00a0Avena Sativa 140mg;\u00a0Cordyceps sinensis 80 mg;\u00a0Cistanche Desertica 120mg;\u00a0Pausinistalia Macrocera 250 mg;\u00a0ginkgo biloba 150 mg;\u00a0Avena Sativa 100mg.<\/span><\/p>\n<div><\/div>\n<div><strong><span>Cantidad<\/span><\/strong><\/div>\n<p><span>Envase de 10 comprimidos de 1000 mg.<\/span><\/p>\n<\/div>\n<p class=\"accordeon-title active\">\n<h4><span>Complemento Alimenticio \u2013 Advertencias:<\/span><\/h4>\n<p class=\"accordeon-title active\">\n<p><span>Los complementos alimenticios no deben utilizarse como sustituto de una dieta variada y equilibrada y de un estilo de vida saludable.\u00a0Los efectos de estos pueden variar de persona a persona, por lo que est\u00e1n influenciados por otros factores, como la nutrici\u00f3n y la actividad f\u00edsica.\u00a0No debe exceder la dosis diaria recomendada.\u00a0Mantener fuera del alcance y de la vista de los ni\u00f1os.\u00a0Los complementos alimenticios no son un medicamento.\u00a0No tomar en caso de hipersensibilidad a uno de los ingredientes.\u00a0No usar en caso de embarazo o lactancia.\u00a0Conservar en un lugar fresco, seco y protegido de la luz.\u00a0En caso de duda, consulte a su m\u00e9dico o farmac\u00e9utico.<\/span><\/p>\n","protected":false},"excerpt":{"rendered":"<p>RETARD PRO 10 es un suplemento de hierbas naturales especialmente dise\u00f1ado para retrasar la eyaculaci\u00f3n masculina y mejorar sustancialmente el rendimiento sexual y la resistencia.\u00a0No solo retrasa la eyaculaci\u00f3n, tambi\u00e9n proporciona erecciones m\u00e1s fuertes y por lo tanto contribuye a que las relaciones sexuales sean mucho m\u00e1s intensas y prolongadas.\u00a0Dura horas y horas! A trav\u00e9s [&hellip;]<\/p>\n","protected":false},"featured_media":4572,"comment_status":"open","ping_status":"closed","template":"","meta":{"_eb_attr":"","site-sidebar-layout":"default","site-content-layout":"default","ast-site-content-layout":"default","site-content-style":"default","site-sidebar-style":"default","ast-global-header-display":"","ast-banner-title-visibility":"","ast-main-header-display":"","ast-hfb-above-header-display":"","ast-hfb-below-header-display":"","ast-hfb-mobile-header-display":"","site-post-title":"","ast-breadcrumbs-content":"","ast-featured-img":"","footer-sml-layout":"","ast-disable-related-posts":"","theme-transparent-header-meta":"default","adv-header-id-meta":"","stick-header-meta":"","header-above-stick-meta":"","header-main-stick-meta":"","header-below-stick-meta":"","astra-migrate-meta-layouts":"default","ast-page-background-enabled":"default","ast-page-background-meta":{"desktop":{"background-color":"var(--ast-global-color-4)","background-image":"","background-repeat":"repeat","background-position":"center center","background-size":"auto","background-attachment":"scroll","background-type":"","background-media":"","overlay-type":"","overlay-color":"","overlay-opacity":"","overlay-gradient":""},"tablet":{"background-color":"","background-image":"","background-repeat":"repeat","background-position":"center center","background-size":"auto","background-attachment":"scroll","background-type":"","background-media":"","overlay-type":"","overlay-color":"","overlay-opacity":"","overlay-gradient":""},"mobile":{"background-color":"","background-image":"","background-repeat":"repeat","background-position":"center center","background-size":"auto","background-attachment":"scroll","background-type":"","background-media":"","overlay-type":"","overlay-color":"","overlay-opacity":"","overlay-gradient":""}},"ast-content-background-meta":{"desktop":{"background-color":"var(--ast-global-color-5)","background-image":"","background-repeat":"repeat","background-position":"center center","background-size":"auto","background-attachment":"scroll","background-type":"","background-media":"","overlay-type":"","overlay-color":"","overlay-opacity":"","overlay-gradient":""},"tablet":{"background-color":"var(--ast-global-color-5)","background-image":"","background-repeat":"repeat","background-position":"center center","background-size":"auto","background-attachment":"scroll","background-type":"","background-media":"","overlay-type":"","overlay-color":"","overlay-opacity":"","overlay-gradient":""},"mobile":{"background-color":"var(--ast-global-color-5)","background-image":"","background-repeat":"repeat","background-position":"center center","background-size":"auto","background-attachment":"scroll","background-type":"","background-media":"","overlay-type":"","overlay-color":"","overlay-opacity":"","overlay-gradient":""}}},"product_brand":[],"product_cat":[230,236,238],"product_tag":[],"class_list":{"0":"post-4571","1":"product","2":"type-product","3":"status-publish","4":"has-post-thumbnail","6":"product_cat-farmacia","7":"product_cat-retardantes","8":"product_cat-todos-los-afrodisiacos-para-hombres","9":"desktop-align-left","10":"tablet-align-left","11":"mobile-align-left","13":"first","14":"instock","15":"sale","16":"shipping-taxable","17":"purchasable","18":"product-type-simple"},"_links":{"self":[{"href":"https:\/\/chibolita.es\/index.php\/wp-json\/wp\/v2\/product\/4571","targetHints":{"allow":["GET"]}}],"collection":[{"href":"https:\/\/chibolita.es\/index.php\/wp-json\/wp\/v2\/product"}],"about":[{"href":"https:\/\/chibolita.es\/index.php\/wp-json\/wp\/v2\/types\/product"}],"replies":[{"embeddable":true,"href":"https:\/\/chibolita.es\/index.php\/wp-json\/wp\/v2\/comments?post=4571"}],"wp:featuredmedia":[{"embeddable":true,"href":"https:\/\/chibolita.es\/index.php\/wp-json\/wp\/v2\/media\/4572"}],"wp:attachment":[{"href":"https:\/\/chibolita.es\/index.php\/wp-json\/wp\/v2\/media?parent=4571"}],"wp:term":[{"taxonomy":"product_brand","embeddable":true,"href":"https:\/\/chibolita.es\/index.php\/wp-json\/wp\/v2\/product_brand?post=4571"},{"taxonomy":"product_cat","embeddable":true,"href":"https:\/\/chibolita.es\/index.php\/wp-json\/wp\/v2\/product_cat?post=4571"},{"taxonomy":"product_tag","embeddable":true,"href":"https:\/\/chibolita.es\/index.php\/wp-json\/wp\/v2\/product_tag?post=4571"}],"curies":[{"name":"wp","href":"https:\/\/api.w.org\/{rel}","templated":true}]}}