{"id":4558,"date":"2023-05-08T20:39:54","date_gmt":"2023-05-08T20:39:54","guid":{"rendered":"https:\/\/chibolita.es\/?post_type=product&#038;p=4558"},"modified":"2025-11-25T13:12:16","modified_gmt":"2025-11-25T13:12:16","slug":"kamagra-gold","status":"publish","type":"product","link":"https:\/\/chibolita.es\/index.php\/product\/kamagra-gold\/","title":{"rendered":"Kamagra 100 &#8211; 4 caps"},"content":{"rendered":"<div>Kamagra viene en forma de 4 pastillas, tiene un tiempo de acci\u00f3n m\u00e1s r\u00e1pido.<\/div>\n<div>Comienza a hacer efecto a partir de los 60 minutos de su consumo, proporcionando erecciones incre\u00edblemente mejores y con una duraci\u00f3n de medio d\u00eda a un d\u00eda entero.<\/div>\n<div>\u00a0 \u00a0Si padece alguna enfermedad, consulte a su m\u00e9dico o profesional de la salud antes de tomar Kamagra.<\/div>\n<div>Kamagra es m\u00e1s efectivo si se consume 60 minutos antes del coito.<\/div>\n<div>Es recomendable evitar todas las bebidas alcoh\u00f3licas y alimentos grasos si se quiere prolongar la eficacia del producto.<\/div>\n<div>Consumir el producto con agua ayuda a obtener una reacci\u00f3n m\u00e1s prolongada.<\/div>\n<div>Una caja de Kamagra tiene 4 pastillas de 100mg<\/div>\n","protected":false},"excerpt":{"rendered":"<p>Kamagra viene en forma de 4 pastillas, tiene un tiempo de acci\u00f3n m\u00e1s r\u00e1pido. Comienza a hacer efecto a partir de los 60 minutos de su consumo, proporcionando erecciones incre\u00edblemente mejores y con una duraci\u00f3n de medio d\u00eda a un d\u00eda entero. \u00a0 \u00a0Si padece alguna enfermedad, consulte a su m\u00e9dico o profesional de la [&hellip;]<\/p>\n","protected":false},"featured_media":9152,"comment_status":"open","ping_status":"closed","template":"","meta":{"_eb_attr":"","site-sidebar-layout":"default","site-content-layout":"default","ast-site-content-layout":"default","site-content-style":"default","site-sidebar-style":"default","ast-global-header-display":"","ast-banner-title-visibility":"","ast-main-header-display":"","ast-hfb-above-header-display":"","ast-hfb-below-header-display":"","ast-hfb-mobile-header-display":"","site-post-title":"","ast-breadcrumbs-content":"","ast-featured-img":"","footer-sml-layout":"","ast-disable-related-posts":"","theme-transparent-header-meta":"default","adv-header-id-meta":"","stick-header-meta":"","header-above-stick-meta":"","header-main-stick-meta":"","header-below-stick-meta":"","astra-migrate-meta-layouts":"set","ast-page-background-enabled":"default","ast-page-background-meta":{"desktop":{"background-color":"var(--ast-global-color-4)","background-image":"","background-repeat":"repeat","background-position":"center center","background-size":"auto","background-attachment":"scroll","background-type":"","background-media":"","overlay-type":"","overlay-color":"","overlay-opacity":"","overlay-gradient":""},"tablet":{"background-color":"","background-image":"","background-repeat":"repeat","background-position":"center center","background-size":"auto","background-attachment":"scroll","background-type":"","background-media":"","overlay-type":"","overlay-color":"","overlay-opacity":"","overlay-gradient":""},"mobile":{"background-color":"","background-image":"","background-repeat":"repeat","background-position":"center center","background-size":"auto","background-attachment":"scroll","background-type":"","background-media":"","overlay-type":"","overlay-color":"","overlay-opacity":"","overlay-gradient":""}},"ast-content-background-meta":{"desktop":{"background-color":"var(--ast-global-color-5)","background-image":"","background-repeat":"repeat","background-position":"center center","background-size":"auto","background-attachment":"scroll","background-type":"","background-media":"","overlay-type":"","overlay-color":"","overlay-opacity":"","overlay-gradient":""},"tablet":{"background-color":"var(--ast-global-color-5)","background-image":"","background-repeat":"repeat","background-position":"center center","background-size":"auto","background-attachment":"scroll","background-type":"","background-media":"","overlay-type":"","overlay-color":"","overlay-opacity":"","overlay-gradient":""},"mobile":{"background-color":"var(--ast-global-color-5)","background-image":"","background-repeat":"repeat","background-position":"center center","background-size":"auto","background-attachment":"scroll","background-type":"","background-media":"","overlay-type":"","overlay-color":"","overlay-opacity":"","overlay-gradient":""}}},"product_brand":[],"product_cat":[230,311,238],"product_tag":[],"class_list":{"0":"post-4558","1":"product","2":"type-product","3":"status-publish","4":"has-post-thumbnail","6":"product_cat-farmacia","7":"product_cat-sildenafil","8":"product_cat-todos-los-afrodisiacos-para-hombres","9":"desktop-align-left","10":"tablet-align-left","11":"mobile-align-left","13":"first","14":"instock","15":"sale","16":"shipping-taxable","17":"purchasable","18":"product-type-simple"},"_links":{"self":[{"href":"https:\/\/chibolita.es\/index.php\/wp-json\/wp\/v2\/product\/4558","targetHints":{"allow":["GET"]}}],"collection":[{"href":"https:\/\/chibolita.es\/index.php\/wp-json\/wp\/v2\/product"}],"about":[{"href":"https:\/\/chibolita.es\/index.php\/wp-json\/wp\/v2\/types\/product"}],"replies":[{"embeddable":true,"href":"https:\/\/chibolita.es\/index.php\/wp-json\/wp\/v2\/comments?post=4558"}],"wp:featuredmedia":[{"embeddable":true,"href":"https:\/\/chibolita.es\/index.php\/wp-json\/wp\/v2\/media\/9152"}],"wp:attachment":[{"href":"https:\/\/chibolita.es\/index.php\/wp-json\/wp\/v2\/media?parent=4558"}],"wp:term":[{"taxonomy":"product_brand","embeddable":true,"href":"https:\/\/chibolita.es\/index.php\/wp-json\/wp\/v2\/product_brand?post=4558"},{"taxonomy":"product_cat","embeddable":true,"href":"https:\/\/chibolita.es\/index.php\/wp-json\/wp\/v2\/product_cat?post=4558"},{"taxonomy":"product_tag","embeddable":true,"href":"https:\/\/chibolita.es\/index.php\/wp-json\/wp\/v2\/product_tag?post=4558"}],"curies":[{"name":"wp","href":"https:\/\/api.w.org\/{rel}","templated":true}]}}