{"id":4552,"date":"2023-05-08T20:36:16","date_gmt":"2023-05-08T20:36:16","guid":{"rendered":"https:\/\/chibolita.es\/?post_type=product&#038;p=4552"},"modified":"2025-10-12T18:39:25","modified_gmt":"2025-10-12T18:39:25","slug":"lovegra-4-caps","status":"publish","type":"product","link":"https:\/\/chibolita.es\/index.php\/product\/lovegra-4-caps\/","title":{"rendered":"Lovegra &#8211; 4 caps"},"content":{"rendered":"<div><span>Lovegra (p\u00edldora rosa):<\/span><\/div>\n<div><\/div>\n<div><span>Lovegra est\u00e1 cient\u00edficamente formulado para proporcionar una intensa satisfacci\u00f3n sexual a las mujeres que buscan el m\u00e1ximo placer.\u00a0Lovegra funciona aumentando el flujo sangu\u00edneo genital y la flexibilidad vaginal, lo que resulta en un mayor placer durante la actividad sexual.\u00a0Lovegra, la distintiva \u00abp\u00edldora rosa\u00bb est\u00e1 disponible para mujeres solteras y parejas en forma de p\u00edldora conveniente y de bajo costo.<\/span><\/div>\n<div><\/div>\n<div><span>Lovegra est\u00e1 formulado cient\u00edficamente para brindar satisfacci\u00f3n sexual a las mujeres que buscan una satisfacci\u00f3n genuina.\u00a0Lovegra funciona aumentando el flujo sangu\u00edneo genital y la flexibilidad vaginal, lo que resulta en un mayor placer durante la actividad sexual.\u00a0Lovegra, la distintiva \u00abp\u00edldora rosa\u00bb est\u00e1 disponible para mujeres solteras y parejas en forma de p\u00edldora conveniente y de bajo costo.<\/span><\/div>\n<div><\/div>\n<div><span>Lovegra es producido por la empresa Ajanta.\u00a0Lovegra se vuelve efectivo en aproximadamente 45 minutos y sus efectos duran de 4 a 6 horas.<\/span><\/div>\n<div><span>Precauci\u00f3n antes de tomar LOVEGRA: Todos los comprimidos de Lovegra son de 100 mg.\u00a0Las dosis m\u00e1s peque\u00f1as se logran con las poderosas p\u00edldoras.\u00a0Por ejemplo, si tiene m\u00e1s de 65 a\u00f1os o ha tenido problemas de h\u00edgado\/ri\u00f1\u00f3n, la dosis adecuada puede ser de 25 mg.\u00a0Adem\u00e1s, si est\u00e1 tomando bloqueadores alfa, no debe tomar m\u00e1s de 25 mg de Lovegra dentro de las 4 horas posteriores a su dosis de bloqueador alfa.\u00a0Bajo ninguna circunstancia se debe tomar Lovegra m\u00e1s de una vez al d\u00eda.<\/span><\/div>\n<div><\/div>\n<div><span>\u00a0Lo m\u00e1s importante es que Lovegra no debe tomarse si est\u00e1 tomando alg\u00fan medicamento que contenga nitratos.\u00a0Los nitratos generalmente se basan en medicamentos para tratar la angina.\u00a0Ejemplos de estos son la nitroglicerina, el mononitrato de isosorbida y el dinitrato de isosorbida.<\/span><\/div>\n<div><\/div>\n<div><span>Si no sabe qu\u00e9 nitratos se necesitan o para determinar si los medicamentos que est\u00e1 tomando contienen nitratos, consulte a su m\u00e9dico.<\/span><\/div>\n<div><\/div>\n<div><span>Posibles efectos de LOVEGRA:<\/span><\/div>\n<div><span>En circunstancias normales, los efectos secundarios son leves y pueden incluir malestar estomacal, dolor de cabeza y enrojecimiento facial.<\/span><\/div>\n","protected":false},"excerpt":{"rendered":"<p>Lovegra (p\u00edldora rosa): Lovegra est\u00e1 cient\u00edficamente formulado para proporcionar una intensa satisfacci\u00f3n sexual a las mujeres que buscan el m\u00e1ximo placer.\u00a0Lovegra funciona aumentando el flujo sangu\u00edneo genital y la flexibilidad vaginal, lo que resulta en un mayor placer durante la actividad sexual.\u00a0Lovegra, la distintiva \u00abp\u00edldora rosa\u00bb est\u00e1 disponible para mujeres solteras y parejas en forma [&hellip;]<\/p>\n","protected":false},"featured_media":4553,"comment_status":"open","ping_status":"closed","template":"","meta":{"_eb_attr":"","site-sidebar-layout":"default","site-content-layout":"default","ast-site-content-layout":"default","site-content-style":"default","site-sidebar-style":"default","ast-global-header-display":"","ast-banner-title-visibility":"","ast-main-header-display":"","ast-hfb-above-header-display":"","ast-hfb-below-header-display":"","ast-hfb-mobile-header-display":"","site-post-title":"","ast-breadcrumbs-content":"","ast-featured-img":"","footer-sml-layout":"","ast-disable-related-posts":"","theme-transparent-header-meta":"default","adv-header-id-meta":"","stick-header-meta":"","header-above-stick-meta":"","header-main-stick-meta":"","header-below-stick-meta":"","astra-migrate-meta-layouts":"default","ast-page-background-enabled":"default","ast-page-background-meta":{"desktop":{"background-color":"var(--ast-global-color-4)","background-image":"","background-repeat":"repeat","background-position":"center center","background-size":"auto","background-attachment":"scroll","background-type":"","background-media":"","overlay-type":"","overlay-color":"","overlay-opacity":"","overlay-gradient":""},"tablet":{"background-color":"","background-image":"","background-repeat":"repeat","background-position":"center center","background-size":"auto","background-attachment":"scroll","background-type":"","background-media":"","overlay-type":"","overlay-color":"","overlay-opacity":"","overlay-gradient":""},"mobile":{"background-color":"","background-image":"","background-repeat":"repeat","background-position":"center center","background-size":"auto","background-attachment":"scroll","background-type":"","background-media":"","overlay-type":"","overlay-color":"","overlay-opacity":"","overlay-gradient":""}},"ast-content-background-meta":{"desktop":{"background-color":"var(--ast-global-color-5)","background-image":"","background-repeat":"repeat","background-position":"center center","background-size":"auto","background-attachment":"scroll","background-type":"","background-media":"","overlay-type":"","overlay-color":"","overlay-opacity":"","overlay-gradient":""},"tablet":{"background-color":"var(--ast-global-color-5)","background-image":"","background-repeat":"repeat","background-position":"center center","background-size":"auto","background-attachment":"scroll","background-type":"","background-media":"","overlay-type":"","overlay-color":"","overlay-opacity":"","overlay-gradient":""},"mobile":{"background-color":"var(--ast-global-color-5)","background-image":"","background-repeat":"repeat","background-position":"center center","background-size":"auto","background-attachment":"scroll","background-type":"","background-media":"","overlay-type":"","overlay-color":"","overlay-opacity":"","overlay-gradient":""}}},"product_brand":[],"product_cat":[233,230,311],"product_tag":[],"class_list":{"0":"post-4552","1":"product","2":"type-product","3":"status-publish","4":"has-post-thumbnail","6":"product_cat-afrodisiacos-para-mujeres","7":"product_cat-farmacia","8":"product_cat-sildenafil","9":"desktop-align-left","10":"tablet-align-left","11":"mobile-align-left","13":"first","14":"instock","15":"sale","16":"shipping-taxable","17":"purchasable","18":"product-type-simple"},"_links":{"self":[{"href":"https:\/\/chibolita.es\/index.php\/wp-json\/wp\/v2\/product\/4552","targetHints":{"allow":["GET"]}}],"collection":[{"href":"https:\/\/chibolita.es\/index.php\/wp-json\/wp\/v2\/product"}],"about":[{"href":"https:\/\/chibolita.es\/index.php\/wp-json\/wp\/v2\/types\/product"}],"replies":[{"embeddable":true,"href":"https:\/\/chibolita.es\/index.php\/wp-json\/wp\/v2\/comments?post=4552"}],"wp:featuredmedia":[{"embeddable":true,"href":"https:\/\/chibolita.es\/index.php\/wp-json\/wp\/v2\/media\/4553"}],"wp:attachment":[{"href":"https:\/\/chibolita.es\/index.php\/wp-json\/wp\/v2\/media?parent=4552"}],"wp:term":[{"taxonomy":"product_brand","embeddable":true,"href":"https:\/\/chibolita.es\/index.php\/wp-json\/wp\/v2\/product_brand?post=4552"},{"taxonomy":"product_cat","embeddable":true,"href":"https:\/\/chibolita.es\/index.php\/wp-json\/wp\/v2\/product_cat?post=4552"},{"taxonomy":"product_tag","embeddable":true,"href":"https:\/\/chibolita.es\/index.php\/wp-json\/wp\/v2\/product_tag?post=4552"}],"curies":[{"name":"wp","href":"https:\/\/api.w.org\/{rel}","templated":true}]}}