{"id":4543,"date":"2023-05-08T20:28:56","date_gmt":"2023-05-08T20:28:56","guid":{"rendered":"https:\/\/chibolita.es\/?post_type=product&#038;p=4543"},"modified":"2025-10-12T18:40:09","modified_gmt":"2025-10-12T18:40:09","slug":"kamagra-gel","status":"publish","type":"product","link":"https:\/\/chibolita.es\/index.php\/product\/kamagra-gel\/","title":{"rendered":"Kamagra Gel"},"content":{"rendered":"<p><strong><span>Kamagra<\/span><\/strong><span>\u00a0\u00a0Oral Gel 7 sobres se presenta en forma de gel, tiene un tiempo de acci\u00f3n r\u00e1pido.\u00a0<\/span><strong><span>Kamagra<\/span><\/strong><span>\u00a0\u00a0oral es un gel para potenciar erecciones fuertes.\u00a0Comienza a hacer efecto 15 minutos despu\u00e9s de su consumo, proporcionando erecciones incre\u00edblemente mejores que duran desde medio d\u00eda hasta un d\u00eda completo.\u00a0Tiene varios sabores, lo que facilita su consumo para aquellas personas que no les gusta tomar pastillas o para aquellos que buscan un producto que sea r\u00e1pido de usar.<\/span><\/p>\n<p><strong><span>El GEL ORAL KAMAGRA<\/span><\/strong><span>\u00a0\u00a0es m\u00e1s efectivo si se consume 15-30 minutos antes del coito.\u00a0Es recomendable evitar todas las bebidas alcoh\u00f3licas y alimentos grasos si se quiere prolongar la eficacia del producto.<\/span><\/p>\n<h3><span>PRECAUCI\u00d3N:<\/span><\/h3>\n<p><strong><span>&gt;\u00a0<\/span><\/strong><span>\u00a0Si padece alguna enfermedad, consulte a su m\u00e9dico o profesional sanitario antes de tomar\u00a0\u00a0<\/span><strong><span>KAMAGRA\u00a0<\/span><\/strong><span>\u00a0GEL ORAL.<\/span><\/p>\n<p>&nbsp;<\/p>\n<ul>\n<li><span>Abrir un sobre y consumir directamente por v\u00eda oral;<\/span><\/li>\n<li><span>Si lo consume con agua, puede obtener una reacci\u00f3n m\u00e1s larga.<\/span><\/li>\n<\/ul>\n<p><strong><span>El paquete contiene 7 sobres.<\/span><\/strong><\/p>\n","protected":false},"excerpt":{"rendered":"<p>Kamagra\u00a0\u00a0Oral Gel 7 sobres se presenta en forma de gel, tiene un tiempo de acci\u00f3n r\u00e1pido.\u00a0Kamagra\u00a0\u00a0oral es un gel para potenciar erecciones fuertes.\u00a0Comienza a hacer efecto 15 minutos despu\u00e9s de su consumo, proporcionando erecciones incre\u00edblemente mejores que duran desde medio d\u00eda hasta un d\u00eda completo.\u00a0Tiene varios sabores, lo que facilita su consumo para aquellas personas [&hellip;]<\/p>\n","protected":false},"featured_media":4544,"comment_status":"open","ping_status":"closed","template":"","meta":{"_eb_attr":"","site-sidebar-layout":"default","site-content-layout":"default","ast-site-content-layout":"default","site-content-style":"default","site-sidebar-style":"default","ast-global-header-display":"","ast-banner-title-visibility":"","ast-main-header-display":"","ast-hfb-above-header-display":"","ast-hfb-below-header-display":"","ast-hfb-mobile-header-display":"","site-post-title":"","ast-breadcrumbs-content":"","ast-featured-img":"","footer-sml-layout":"","ast-disable-related-posts":"","theme-transparent-header-meta":"default","adv-header-id-meta":"","stick-header-meta":"","header-above-stick-meta":"","header-main-stick-meta":"","header-below-stick-meta":"","astra-migrate-meta-layouts":"default","ast-page-background-enabled":"default","ast-page-background-meta":{"desktop":{"background-color":"var(--ast-global-color-4)","background-image":"","background-repeat":"repeat","background-position":"center center","background-size":"auto","background-attachment":"scroll","background-type":"","background-media":"","overlay-type":"","overlay-color":"","overlay-opacity":"","overlay-gradient":""},"tablet":{"background-color":"","background-image":"","background-repeat":"repeat","background-position":"center center","background-size":"auto","background-attachment":"scroll","background-type":"","background-media":"","overlay-type":"","overlay-color":"","overlay-opacity":"","overlay-gradient":""},"mobile":{"background-color":"","background-image":"","background-repeat":"repeat","background-position":"center center","background-size":"auto","background-attachment":"scroll","background-type":"","background-media":"","overlay-type":"","overlay-color":"","overlay-opacity":"","overlay-gradient":""}},"ast-content-background-meta":{"desktop":{"background-color":"var(--ast-global-color-5)","background-image":"","background-repeat":"repeat","background-position":"center center","background-size":"auto","background-attachment":"scroll","background-type":"","background-media":"","overlay-type":"","overlay-color":"","overlay-opacity":"","overlay-gradient":""},"tablet":{"background-color":"var(--ast-global-color-5)","background-image":"","background-repeat":"repeat","background-position":"center center","background-size":"auto","background-attachment":"scroll","background-type":"","background-media":"","overlay-type":"","overlay-color":"","overlay-opacity":"","overlay-gradient":""},"mobile":{"background-color":"var(--ast-global-color-5)","background-image":"","background-repeat":"repeat","background-position":"center center","background-size":"auto","background-attachment":"scroll","background-type":"","background-media":"","overlay-type":"","overlay-color":"","overlay-opacity":"","overlay-gradient":""}}},"product_brand":[],"product_cat":[230,311,238],"product_tag":[],"class_list":{"0":"post-4543","1":"product","2":"type-product","3":"status-publish","4":"has-post-thumbnail","6":"product_cat-farmacia","7":"product_cat-sildenafil","8":"product_cat-todos-los-afrodisiacos-para-hombres","9":"desktop-align-left","10":"tablet-align-left","11":"mobile-align-left","13":"first","14":"instock","15":"shipping-taxable","16":"purchasable","17":"product-type-simple"},"_links":{"self":[{"href":"https:\/\/chibolita.es\/index.php\/wp-json\/wp\/v2\/product\/4543","targetHints":{"allow":["GET"]}}],"collection":[{"href":"https:\/\/chibolita.es\/index.php\/wp-json\/wp\/v2\/product"}],"about":[{"href":"https:\/\/chibolita.es\/index.php\/wp-json\/wp\/v2\/types\/product"}],"replies":[{"embeddable":true,"href":"https:\/\/chibolita.es\/index.php\/wp-json\/wp\/v2\/comments?post=4543"}],"wp:featuredmedia":[{"embeddable":true,"href":"https:\/\/chibolita.es\/index.php\/wp-json\/wp\/v2\/media\/4544"}],"wp:attachment":[{"href":"https:\/\/chibolita.es\/index.php\/wp-json\/wp\/v2\/media?parent=4543"}],"wp:term":[{"taxonomy":"product_brand","embeddable":true,"href":"https:\/\/chibolita.es\/index.php\/wp-json\/wp\/v2\/product_brand?post=4543"},{"taxonomy":"product_cat","embeddable":true,"href":"https:\/\/chibolita.es\/index.php\/wp-json\/wp\/v2\/product_cat?post=4543"},{"taxonomy":"product_tag","embeddable":true,"href":"https:\/\/chibolita.es\/index.php\/wp-json\/wp\/v2\/product_tag?post=4543"}],"curies":[{"name":"wp","href":"https:\/\/api.w.org\/{rel}","templated":true}]}}