{"id":4540,"date":"2023-05-08T20:22:31","date_gmt":"2023-05-08T20:22:31","guid":{"rendered":"https:\/\/chibolita.es\/?post_type=product&#038;p=4540"},"modified":"2026-04-14T07:57:27","modified_gmt":"2026-04-14T07:57:27","slug":"furunbao-10-caps","status":"publish","type":"product","link":"https:\/\/chibolita.es\/index.php\/product\/furunbao-10-caps\/","title":{"rendered":"FURUNBAO \u2013 10 Caps"},"content":{"rendered":"<div>O que \u00e9 Furunbao?<\/div>\n<div><span>Derivada de las mejores hierbas tibetanas, una de las mejores f\u00f3rmulas para la disfunci\u00f3n er\u00e9ctil finalmente ha llegado desde los Estados Unidos.\u00a0Furunbao es el producto de mejora masculina natural m\u00e1s popular en Asia, Europa, Australia y EE. UU.\u00a0Furunbao es totalmente natural, combinando una combinaci\u00f3n sin\u00e9rgica de hierbas y frutas de una receta oriental secreta, guardada religiosamente y transmitida de generaci\u00f3n en generaci\u00f3n por la familia Tao, una familia de farmac\u00e9uticos conocida por su gran maestr\u00eda en la elaboraci\u00f3n de innumerables f\u00f3rmulas curativas a base de hierbas. .<\/span><\/div>\n<div><span>Furunbao a diferencia de las drogas sint\u00e9ticas como Viagra, Cialis, Levitra que solo tienen un efecto temporal sobre la funci\u00f3n vascular en hombres con problemas de erecci\u00f3n.\u00a0Furunbao tiene un efecto inmediato sobre el sistema cardiovascular, prolongando su efecto hasta 72 horas.\u00a0El uso de Furunbao durante un per\u00edodo prolongado de tiempo puede restaurar de forma permanente las funciones vasculares naturales involucradas en la erecci\u00f3n.\u00a0El uso diario durante aproximadamente dos semanas ha demostrado un aumento de la libido, una erecci\u00f3n constante y un aumento permanente del tama\u00f1o de los \u00f3rganos masculinos.\u00a0Furunbao aumenta la confianza sexual, mejora la calidad de la erecci\u00f3n, aumenta la sensaci\u00f3n de orgasmo, estimula el brillo y la duraci\u00f3n de las sensaciones sexuales.<\/span><\/div>\n<div><\/div>\n<div><span>\u00bfPara qu\u00e9 sirve Furunbao?<\/span><\/div>\n<div><span>\u2013 Produce una erecci\u00f3n consistente<\/span><\/div>\n<div><span>\u2013 Aumenta la sensibilidad y el apetito sexual<\/span><\/div>\n<div><span>\u2013 Aumenta el per\u00edodo de erecci\u00f3n<\/span><\/div>\n<div><span>\u2013 Aumento de la confianza sexual<\/span><\/div>\n<div><span>&#8211; 100% natural<\/span><\/div>\n<div><span>\u2013 No crea habituaci\u00f3n<\/span><\/div>\n<div><span>\u2013 Su duraci\u00f3n puede extenderse hasta 72 horas<\/span><\/div>\n<div><\/div>\n<div><span>Especificaciones<\/span><\/div>\n<div><span>Una Caja de Furunbao contiene: 8 c\u00e1psulas de 300 mg.<\/span><\/div>\n<div><\/div>\n<div><span>Ingredientes<\/span><\/div>\n<div><span>Ginseng (75mg)<\/span><\/div>\n<div><span>Lichi (75mg)<\/span><\/div>\n<div><span>Coix Lagrima (45mg)<\/span><\/div>\n<div><span>Glicirriza glabra (45 mg)<\/span><\/div>\n<div><span>Eur\u00edale Ferox (30 mg)<\/span><\/div>\n<div><span>Linio brownii (30 mg)<\/span><\/div>\n<div><\/div>\n<div><span>administracion y dosificacion<\/span><\/div>\n<div><span>Tomar de 1 a 2 c\u00e1psulas al d\u00eda, de 30 a 60 minutos antes de tener relaciones sexuales.<\/span><\/div>\n<div><\/div>\n<div><span>\u00bfFurunbao tiene efectos secundarios?<\/span><\/div>\n<div><span>Furunbao no est\u00e1 recomendado para menores de 18 a\u00f1os ni para personas hipersensibles a cualquiera de los componentes presentes en su composici\u00f3n.<\/span><\/div>\n<div><\/div>\n<div><span>\u00bfPuedo tomar Furunbao con bebidas alcoh\u00f3licas o alimentos?<\/span><\/div>\n<div><span>S\u00ed puede.\u00a0Sin embargo, al mezclar alcohol y Furunbao en el momento de tomarlo, se puede reducir la acci\u00f3n del producto.\u00a0Para obtener los mejores resultados posibles, no beba alcohol antes o dentro de las 2 horas de haberlo tomado.<\/span><\/div>\n<p>&nbsp;<\/p>\n","protected":false},"excerpt":{"rendered":"<p>O que \u00e9 Furunbao? Derivada de las mejores hierbas tibetanas, una de las mejores f\u00f3rmulas para la disfunci\u00f3n er\u00e9ctil finalmente ha llegado desde los Estados Unidos.\u00a0Furunbao es el producto de mejora masculina natural m\u00e1s popular en Asia, Europa, Australia y EE. UU.\u00a0Furunbao es totalmente natural, combinando una combinaci\u00f3n sin\u00e9rgica de hierbas y frutas de una [&hellip;]<\/p>\n","protected":false},"featured_media":4541,"comment_status":"open","ping_status":"closed","template":"","meta":{"_eb_attr":"","site-sidebar-layout":"default","site-content-layout":"default","ast-site-content-layout":"default","site-content-style":"default","site-sidebar-style":"default","ast-global-header-display":"","ast-banner-title-visibility":"","ast-main-header-display":"","ast-hfb-above-header-display":"","ast-hfb-below-header-display":"","ast-hfb-mobile-header-display":"","site-post-title":"","ast-breadcrumbs-content":"","ast-featured-img":"","footer-sml-layout":"","ast-disable-related-posts":"","theme-transparent-header-meta":"default","adv-header-id-meta":"","stick-header-meta":"","header-above-stick-meta":"","header-main-stick-meta":"","header-below-stick-meta":"","astra-migrate-meta-layouts":"default","ast-page-background-enabled":"default","ast-page-background-meta":{"desktop":{"background-color":"var(--ast-global-color-4)","background-image":"","background-repeat":"repeat","background-position":"center center","background-size":"auto","background-attachment":"scroll","background-type":"","background-media":"","overlay-type":"","overlay-color":"","overlay-opacity":"","overlay-gradient":""},"tablet":{"background-color":"","background-image":"","background-repeat":"repeat","background-position":"center center","background-size":"auto","background-attachment":"scroll","background-type":"","background-media":"","overlay-type":"","overlay-color":"","overlay-opacity":"","overlay-gradient":""},"mobile":{"background-color":"","background-image":"","background-repeat":"repeat","background-position":"center center","background-size":"auto","background-attachment":"scroll","background-type":"","background-media":"","overlay-type":"","overlay-color":"","overlay-opacity":"","overlay-gradient":""}},"ast-content-background-meta":{"desktop":{"background-color":"var(--ast-global-color-5)","background-image":"","background-repeat":"repeat","background-position":"center center","background-size":"auto","background-attachment":"scroll","background-type":"","background-media":"","overlay-type":"","overlay-color":"","overlay-opacity":"","overlay-gradient":""},"tablet":{"background-color":"var(--ast-global-color-5)","background-image":"","background-repeat":"repeat","background-position":"center center","background-size":"auto","background-attachment":"scroll","background-type":"","background-media":"","overlay-type":"","overlay-color":"","overlay-opacity":"","overlay-gradient":""},"mobile":{"background-color":"var(--ast-global-color-5)","background-image":"","background-repeat":"repeat","background-position":"center center","background-size":"auto","background-attachment":"scroll","background-type":"","background-media":"","overlay-type":"","overlay-color":"","overlay-opacity":"","overlay-gradient":""}}},"product_brand":[],"product_cat":[230,308,238],"product_tag":[],"class_list":{"0":"post-4540","1":"product","2":"type-product","3":"status-publish","4":"has-post-thumbnail","6":"product_cat-farmacia","7":"product_cat-marca-ultimate-natura","8":"product_cat-todos-los-afrodisiacos-para-hombres","9":"desktop-align-left","10":"tablet-align-left","11":"mobile-align-left","13":"first","14":"instock","15":"sale","16":"shipping-taxable","17":"purchasable","18":"product-type-simple"},"_links":{"self":[{"href":"https:\/\/chibolita.es\/index.php\/wp-json\/wp\/v2\/product\/4540","targetHints":{"allow":["GET"]}}],"collection":[{"href":"https:\/\/chibolita.es\/index.php\/wp-json\/wp\/v2\/product"}],"about":[{"href":"https:\/\/chibolita.es\/index.php\/wp-json\/wp\/v2\/types\/product"}],"replies":[{"embeddable":true,"href":"https:\/\/chibolita.es\/index.php\/wp-json\/wp\/v2\/comments?post=4540"}],"wp:featuredmedia":[{"embeddable":true,"href":"https:\/\/chibolita.es\/index.php\/wp-json\/wp\/v2\/media\/4541"}],"wp:attachment":[{"href":"https:\/\/chibolita.es\/index.php\/wp-json\/wp\/v2\/media?parent=4540"}],"wp:term":[{"taxonomy":"product_brand","embeddable":true,"href":"https:\/\/chibolita.es\/index.php\/wp-json\/wp\/v2\/product_brand?post=4540"},{"taxonomy":"product_cat","embeddable":true,"href":"https:\/\/chibolita.es\/index.php\/wp-json\/wp\/v2\/product_cat?post=4540"},{"taxonomy":"product_tag","embeddable":true,"href":"https:\/\/chibolita.es\/index.php\/wp-json\/wp\/v2\/product_tag?post=4540"}],"curies":[{"name":"wp","href":"https:\/\/api.w.org\/{rel}","templated":true}]}}