{"id":4510,"date":"2023-05-08T13:53:00","date_gmt":"2023-05-08T13:53:00","guid":{"rendered":"https:\/\/chibolita.es\/?post_type=product&#038;p=4510"},"modified":"2025-10-12T18:40:35","modified_gmt":"2025-10-12T18:40:35","slug":"cenforce-200mg-50-caps","status":"publish","type":"product","link":"https:\/\/chibolita.es\/index.php\/product\/cenforce-200mg-50-caps\/","title":{"rendered":"Cenforce 200mg \u2013 50 pastillas"},"content":{"rendered":"<p><strong>Cenforce 200mg<\/strong>\u00a0\u00a0viene en forma de 10 pastillas, tiene un tiempo de acci\u00f3n r\u00e1pido.<br \/>\n-Permite una erecci\u00f3n r\u00e1pida y consistente<br \/>\n-Mejora el rendimiento y el deseo sexual<br \/>\n-Reduce la fatiga sexual, allanando el camino para m\u00e1s eyaculaciones<br \/>\n-Retrasa la fase de eyaculaci\u00f3n<br \/>\n-Activa la funci\u00f3n renal<br \/>\n-Aumenta la secreci\u00f3n testicular<br \/>\n-Ayuda a prevenir la pr\u00f3stata y enfermedades similares<\/p>\n<p>Comienza a hacer efecto 30 minutos despu\u00e9s de su consumo, proporcionando erecciones incre\u00edblemente mejores que duran desde medio d\u00eda hasta un d\u00eda completo.<br \/>\nSi padece alguna enfermedad, consulte a su m\u00e9dico o t\u00e9cnico sanitario antes de tomarlo.<br \/>\nCenforce es m\u00e1s efectivo si se consume 60 minutos antes del coito.<br \/>\nEs recomendable evitar todas las bebidas alcoh\u00f3licas y alimentos grasos si se quiere prolongar la eficacia del producto.<br \/>\nConsumir el producto en ayunas ayuda a obtener un efecto m\u00e1s efectivo, es decir, antes de una comida o despu\u00e9s de la digesti\u00f3n.<\/p>\n<p><b>50 pastillas<\/b><\/p>\n","protected":false},"excerpt":{"rendered":"<p>Cenforce 200mg\u00a0\u00a0viene en forma de 10 pastillas, tiene un tiempo de acci\u00f3n r\u00e1pido. -Permite una erecci\u00f3n r\u00e1pida y consistente -Mejora el rendimiento y el deseo sexual -Reduce la fatiga sexual, allanando el camino para m\u00e1s eyaculaciones -Retrasa la fase de eyaculaci\u00f3n -Activa la funci\u00f3n renal -Aumenta la secreci\u00f3n testicular -Ayuda a prevenir la pr\u00f3stata y [&hellip;]<\/p>\n","protected":false},"featured_media":9382,"comment_status":"open","ping_status":"closed","template":"","meta":{"_eb_attr":"","site-sidebar-layout":"default","site-content-layout":"default","ast-site-content-layout":"default","site-content-style":"default","site-sidebar-style":"default","ast-global-header-display":"","ast-banner-title-visibility":"","ast-main-header-display":"","ast-hfb-above-header-display":"","ast-hfb-below-header-display":"","ast-hfb-mobile-header-display":"","site-post-title":"","ast-breadcrumbs-content":"","ast-featured-img":"","footer-sml-layout":"","ast-disable-related-posts":"","theme-transparent-header-meta":"default","adv-header-id-meta":"","stick-header-meta":"","header-above-stick-meta":"","header-main-stick-meta":"","header-below-stick-meta":"","astra-migrate-meta-layouts":"set","ast-page-background-enabled":"default","ast-page-background-meta":{"desktop":{"background-color":"var(--ast-global-color-4)","background-image":"","background-repeat":"repeat","background-position":"center center","background-size":"auto","background-attachment":"scroll","background-type":"","background-media":"","overlay-type":"","overlay-color":"","overlay-opacity":"","overlay-gradient":""},"tablet":{"background-color":"","background-image":"","background-repeat":"repeat","background-position":"center center","background-size":"auto","background-attachment":"scroll","background-type":"","background-media":"","overlay-type":"","overlay-color":"","overlay-opacity":"","overlay-gradient":""},"mobile":{"background-color":"","background-image":"","background-repeat":"repeat","background-position":"center center","background-size":"auto","background-attachment":"scroll","background-type":"","background-media":"","overlay-type":"","overlay-color":"","overlay-opacity":"","overlay-gradient":""}},"ast-content-background-meta":{"desktop":{"background-color":"var(--ast-global-color-5)","background-image":"","background-repeat":"repeat","background-position":"center center","background-size":"auto","background-attachment":"scroll","background-type":"","background-media":"","overlay-type":"","overlay-color":"","overlay-opacity":"","overlay-gradient":""},"tablet":{"background-color":"var(--ast-global-color-5)","background-image":"","background-repeat":"repeat","background-position":"center center","background-size":"auto","background-attachment":"scroll","background-type":"","background-media":"","overlay-type":"","overlay-color":"","overlay-opacity":"","overlay-gradient":""},"mobile":{"background-color":"var(--ast-global-color-5)","background-image":"","background-repeat":"repeat","background-position":"center center","background-size":"auto","background-attachment":"scroll","background-type":"","background-media":"","overlay-type":"","overlay-color":"","overlay-opacity":"","overlay-gradient":""}}},"product_brand":[],"product_cat":[230,311,232,238],"product_tag":[],"class_list":{"0":"post-4510","1":"product","2":"type-product","3":"status-publish","4":"has-post-thumbnail","6":"product_cat-farmacia","7":"product_cat-sildenafil","8":"product_cat-super-ahorros","9":"product_cat-todos-los-afrodisiacos-para-hombres","10":"desktop-align-left","11":"tablet-align-left","12":"mobile-align-left","14":"first","15":"instock","16":"sale","17":"shipping-taxable","18":"purchasable","19":"product-type-simple"},"_links":{"self":[{"href":"https:\/\/chibolita.es\/index.php\/wp-json\/wp\/v2\/product\/4510","targetHints":{"allow":["GET"]}}],"collection":[{"href":"https:\/\/chibolita.es\/index.php\/wp-json\/wp\/v2\/product"}],"about":[{"href":"https:\/\/chibolita.es\/index.php\/wp-json\/wp\/v2\/types\/product"}],"replies":[{"embeddable":true,"href":"https:\/\/chibolita.es\/index.php\/wp-json\/wp\/v2\/comments?post=4510"}],"wp:featuredmedia":[{"embeddable":true,"href":"https:\/\/chibolita.es\/index.php\/wp-json\/wp\/v2\/media\/9382"}],"wp:attachment":[{"href":"https:\/\/chibolita.es\/index.php\/wp-json\/wp\/v2\/media?parent=4510"}],"wp:term":[{"taxonomy":"product_brand","embeddable":true,"href":"https:\/\/chibolita.es\/index.php\/wp-json\/wp\/v2\/product_brand?post=4510"},{"taxonomy":"product_cat","embeddable":true,"href":"https:\/\/chibolita.es\/index.php\/wp-json\/wp\/v2\/product_cat?post=4510"},{"taxonomy":"product_tag","embeddable":true,"href":"https:\/\/chibolita.es\/index.php\/wp-json\/wp\/v2\/product_tag?post=4510"}],"curies":[{"name":"wp","href":"https:\/\/api.w.org\/{rel}","templated":true}]}}