{"id":10634,"date":"2026-04-26T18:27:35","date_gmt":"2026-04-26T18:27:35","guid":{"rendered":"https:\/\/chibolita.es\/?post_type=product&#038;p=10634"},"modified":"2026-04-26T18:27:36","modified_gmt":"2026-04-26T18:27:36","slug":"dooz-14000-delay-spray","status":"publish","type":"product","link":"https:\/\/chibolita.es\/index.php\/product\/dooz-14000-delay-spray\/","title":{"rendered":"DOOZ 14000 Delay Spray"},"content":{"rendered":"<p>DOOZ14000<br \/>\n\u00a1Ya distribuimos el spray original Remans DOOZ 14000!<\/p>\n<p>La eyaculaci\u00f3n precoz es una afecci\u00f3n com\u00fan que afecta a millones (75%) de hombres. El spray DOOZ 14000 se recomienda para quienes tienen dificultades para alcanzar la plena satisfacci\u00f3n sexual debido a la eyaculaci\u00f3n precoz.<\/p>\n<p>DOOZ14000: un producto aprobado y de alta calidad, desarrollado espec\u00edficamente para reducir la hipersensibilidad masculina y prolongar el placer sexual. La sensibilidad se reduce temporalmente durante las relaciones sexuales prolongadas.<\/p>\n<p>Se puede aplicar de forma segura directamente en el pene para prevenir la eyaculaci\u00f3n precoz y mantener a su pareja satisfecha.<\/p>\n<p>Instrucciones de uso: Roc\u00ede de 2 a 3 veces sobre el glande y espere 10 minutos.<\/p>\n","protected":false},"excerpt":{"rendered":"<p>DOOZ14000 \u00a1Ya distribuimos el spray original Remans DOOZ 14000! La eyaculaci\u00f3n precoz es una afecci\u00f3n com\u00fan que afecta a millones (75%) de hombres. El spray DOOZ 14000 se recomienda para quienes tienen dificultades para alcanzar la plena satisfacci\u00f3n sexual debido a la eyaculaci\u00f3n precoz. DOOZ14000: un producto aprobado y de alta calidad, desarrollado espec\u00edficamente para [&hellip;]<\/p>\n","protected":false},"featured_media":10635,"comment_status":"open","ping_status":"closed","template":"","meta":{"_eb_attr":"","site-sidebar-layout":"default","site-content-layout":"","ast-site-content-layout":"default","site-content-style":"default","site-sidebar-style":"default","ast-global-header-display":"","ast-banner-title-visibility":"","ast-main-header-display":"","ast-hfb-above-header-display":"","ast-hfb-below-header-display":"","ast-hfb-mobile-header-display":"","site-post-title":"","ast-breadcrumbs-content":"","ast-featured-img":"","footer-sml-layout":"","ast-disable-related-posts":"","theme-transparent-header-meta":"default","adv-header-id-meta":"","stick-header-meta":"","header-above-stick-meta":"","header-main-stick-meta":"","header-below-stick-meta":"","astra-migrate-meta-layouts":"set","ast-page-background-enabled":"default","ast-page-background-meta":{"desktop":{"background-color":"var(--ast-global-color-4)","background-image":"","background-repeat":"repeat","background-position":"center center","background-size":"auto","background-attachment":"scroll","background-type":"","background-media":"","overlay-type":"","overlay-color":"","overlay-opacity":"","overlay-gradient":""},"tablet":{"background-color":"","background-image":"","background-repeat":"repeat","background-position":"center center","background-size":"auto","background-attachment":"scroll","background-type":"","background-media":"","overlay-type":"","overlay-color":"","overlay-opacity":"","overlay-gradient":""},"mobile":{"background-color":"","background-image":"","background-repeat":"repeat","background-position":"center center","background-size":"auto","background-attachment":"scroll","background-type":"","background-media":"","overlay-type":"","overlay-color":"","overlay-opacity":"","overlay-gradient":""}},"ast-content-background-meta":{"desktop":{"background-color":"var(--ast-global-color-5)","background-image":"","background-repeat":"repeat","background-position":"center center","background-size":"auto","background-attachment":"scroll","background-type":"","background-media":"","overlay-type":"","overlay-color":"","overlay-opacity":"","overlay-gradient":""},"tablet":{"background-color":"var(--ast-global-color-5)","background-image":"","background-repeat":"repeat","background-position":"center center","background-size":"auto","background-attachment":"scroll","background-type":"","background-media":"","overlay-type":"","overlay-color":"","overlay-opacity":"","overlay-gradient":""},"mobile":{"background-color":"var(--ast-global-color-5)","background-image":"","background-repeat":"repeat","background-position":"center center","background-size":"auto","background-attachment":"scroll","background-type":"","background-media":"","overlay-type":"","overlay-color":"","overlay-opacity":"","overlay-gradient":""}}},"product_brand":[],"product_cat":[230,236,238],"product_tag":[],"class_list":{"0":"post-10634","1":"product","2":"type-product","3":"status-publish","4":"has-post-thumbnail","6":"product_cat-farmacia","7":"product_cat-retardantes","8":"product_cat-todos-los-afrodisiacos-para-hombres","9":"desktop-align-left","10":"tablet-align-left","11":"mobile-align-left","13":"first","14":"instock","15":"shipping-taxable","16":"purchasable","17":"product-type-simple"},"_links":{"self":[{"href":"https:\/\/chibolita.es\/index.php\/wp-json\/wp\/v2\/product\/10634","targetHints":{"allow":["GET"]}}],"collection":[{"href":"https:\/\/chibolita.es\/index.php\/wp-json\/wp\/v2\/product"}],"about":[{"href":"https:\/\/chibolita.es\/index.php\/wp-json\/wp\/v2\/types\/product"}],"replies":[{"embeddable":true,"href":"https:\/\/chibolita.es\/index.php\/wp-json\/wp\/v2\/comments?post=10634"}],"wp:featuredmedia":[{"embeddable":true,"href":"https:\/\/chibolita.es\/index.php\/wp-json\/wp\/v2\/media\/10635"}],"wp:attachment":[{"href":"https:\/\/chibolita.es\/index.php\/wp-json\/wp\/v2\/media?parent=10634"}],"wp:term":[{"taxonomy":"product_brand","embeddable":true,"href":"https:\/\/chibolita.es\/index.php\/wp-json\/wp\/v2\/product_brand?post=10634"},{"taxonomy":"product_cat","embeddable":true,"href":"https:\/\/chibolita.es\/index.php\/wp-json\/wp\/v2\/product_cat?post=10634"},{"taxonomy":"product_tag","embeddable":true,"href":"https:\/\/chibolita.es\/index.php\/wp-json\/wp\/v2\/product_tag?post=10634"}],"curies":[{"name":"wp","href":"https:\/\/api.w.org\/{rel}","templated":true}]}}