{"id":10627,"date":"2026-04-23T22:27:12","date_gmt":"2026-04-23T22:27:12","guid":{"rendered":"https:\/\/chibolita.es\/?post_type=product&#038;p=10627"},"modified":"2026-04-23T22:27:12","modified_gmt":"2026-04-23T22:27:12","slug":"vigour-dubai-double-black-10-pastillas-ed-limitado","status":"publish","type":"product","link":"https:\/\/chibolita.es\/index.php\/product\/vigour-dubai-double-black-10-pastillas-ed-limitado\/","title":{"rendered":"Vigour Dubai Double Black \u2013 10 pastillas\u2013 (Ed Limitado)"},"content":{"rendered":"<p>VIGOUR DUBAI DOUBLE BLACK, la versi\u00f3n premium y m\u00e1s reciente de la gama Vigour, ya est\u00e1 disponible en tu tienda habitual.<\/p>\n<p>M\u00e1xima eficacia<br \/>\nEfecto r\u00e1pido<br \/>\nEfectos duraderos<br \/>\nUn Vigour optimizado, un potenciador para tu vida sexual con una alta concentraci\u00f3n de extractos naturales afrodis\u00edacos y extremadamente potentes que te proporcionar\u00e1n erecciones firmes y una estimulaci\u00f3n sexual intensa. \u00a1Compru\u00e9balo t\u00fa mismo y \u00fanete a la \u00e9lite!<\/p>\n<p>BENEFICIOS<\/p>\n<p>Mayor potencia y deseo sexual;<\/p>\n<p>Acci\u00f3n r\u00e1pida;<\/p>\n<p>Orgasmos intensos;<\/p>\n<p>M\u00e1ximo control de la eyaculaci\u00f3n;<\/p>\n<p>Hasta 72 horas de efecto.<\/p>\n<p>PRECAUCIONES<\/p>\n<p>Este producto no sustituye una dieta variada;<\/p>\n<p>No exceda la dosis recomendada.<\/p>\n<p>MODO DE EMPLEO<\/p>\n<p>Tomar 1 comprimido 1 hora antes de la actividad sexual.<\/p>\n<p>No mezclar con bebidas alcoh\u00f3licas;<br \/>\nNunca tomar con el est\u00f3mago lleno;<\/p>\n<p>(No exceda la dosis recomendada).<\/p>\n<p>El envase contiene 10 pastillas.<\/p>\n","protected":false},"excerpt":{"rendered":"<p>VIGOUR DUBAI DOUBLE BLACK, la versi\u00f3n premium y m\u00e1s reciente de la gama Vigour, ya est\u00e1 disponible en tu tienda habitual. M\u00e1xima eficacia Efecto r\u00e1pido Efectos duraderos Un Vigour optimizado, un potenciador para tu vida sexual con una alta concentraci\u00f3n de extractos naturales afrodis\u00edacos y extremadamente potentes que te proporcionar\u00e1n erecciones firmes y una estimulaci\u00f3n [&hellip;]<\/p>\n","protected":false},"featured_media":10628,"comment_status":"open","ping_status":"closed","template":"","meta":{"_eb_attr":"","site-sidebar-layout":"default","site-content-layout":"","ast-site-content-layout":"default","site-content-style":"default","site-sidebar-style":"default","ast-global-header-display":"","ast-banner-title-visibility":"","ast-main-header-display":"","ast-hfb-above-header-display":"","ast-hfb-below-header-display":"","ast-hfb-mobile-header-display":"","site-post-title":"","ast-breadcrumbs-content":"","ast-featured-img":"","footer-sml-layout":"","ast-disable-related-posts":"","theme-transparent-header-meta":"default","adv-header-id-meta":"","stick-header-meta":"","header-above-stick-meta":"","header-main-stick-meta":"","header-below-stick-meta":"","astra-migrate-meta-layouts":"set","ast-page-background-enabled":"default","ast-page-background-meta":{"desktop":{"background-color":"var(--ast-global-color-4)","background-image":"","background-repeat":"repeat","background-position":"center center","background-size":"auto","background-attachment":"scroll","background-type":"","background-media":"","overlay-type":"","overlay-color":"","overlay-opacity":"","overlay-gradient":""},"tablet":{"background-color":"","background-image":"","background-repeat":"repeat","background-position":"center center","background-size":"auto","background-attachment":"scroll","background-type":"","background-media":"","overlay-type":"","overlay-color":"","overlay-opacity":"","overlay-gradient":""},"mobile":{"background-color":"","background-image":"","background-repeat":"repeat","background-position":"center center","background-size":"auto","background-attachment":"scroll","background-type":"","background-media":"","overlay-type":"","overlay-color":"","overlay-opacity":"","overlay-gradient":""}},"ast-content-background-meta":{"desktop":{"background-color":"var(--ast-global-color-5)","background-image":"","background-repeat":"repeat","background-position":"center center","background-size":"auto","background-attachment":"scroll","background-type":"","background-media":"","overlay-type":"","overlay-color":"","overlay-opacity":"","overlay-gradient":""},"tablet":{"background-color":"var(--ast-global-color-5)","background-image":"","background-repeat":"repeat","background-position":"center center","background-size":"auto","background-attachment":"scroll","background-type":"","background-media":"","overlay-type":"","overlay-color":"","overlay-opacity":"","overlay-gradient":""},"mobile":{"background-color":"var(--ast-global-color-5)","background-image":"","background-repeat":"repeat","background-position":"center center","background-size":"auto","background-attachment":"scroll","background-type":"","background-media":"","overlay-type":"","overlay-color":"","overlay-opacity":"","overlay-gradient":""}}},"product_brand":[],"product_cat":[230,250,298],"product_tag":[],"class_list":{"0":"post-10627","1":"product","2":"type-product","3":"status-publish","4":"has-post-thumbnail","6":"product_cat-farmacia","7":"product_cat-marca-vigour","8":"product_cat-potenciadores-sexuales-vendidos-por-unidad","9":"desktop-align-left","10":"tablet-align-left","11":"mobile-align-left","13":"first","14":"instock","15":"sale","16":"shipping-taxable","17":"purchasable","18":"product-type-simple"},"_links":{"self":[{"href":"https:\/\/chibolita.es\/index.php\/wp-json\/wp\/v2\/product\/10627","targetHints":{"allow":["GET"]}}],"collection":[{"href":"https:\/\/chibolita.es\/index.php\/wp-json\/wp\/v2\/product"}],"about":[{"href":"https:\/\/chibolita.es\/index.php\/wp-json\/wp\/v2\/types\/product"}],"replies":[{"embeddable":true,"href":"https:\/\/chibolita.es\/index.php\/wp-json\/wp\/v2\/comments?post=10627"}],"wp:featuredmedia":[{"embeddable":true,"href":"https:\/\/chibolita.es\/index.php\/wp-json\/wp\/v2\/media\/10628"}],"wp:attachment":[{"href":"https:\/\/chibolita.es\/index.php\/wp-json\/wp\/v2\/media?parent=10627"}],"wp:term":[{"taxonomy":"product_brand","embeddable":true,"href":"https:\/\/chibolita.es\/index.php\/wp-json\/wp\/v2\/product_brand?post=10627"},{"taxonomy":"product_cat","embeddable":true,"href":"https:\/\/chibolita.es\/index.php\/wp-json\/wp\/v2\/product_cat?post=10627"},{"taxonomy":"product_tag","embeddable":true,"href":"https:\/\/chibolita.es\/index.php\/wp-json\/wp\/v2\/product_tag?post=10627"}],"curies":[{"name":"wp","href":"https:\/\/api.w.org\/{rel}","templated":true}]}}