{"id":10623,"date":"2026-04-23T22:20:36","date_gmt":"2026-04-23T22:20:36","guid":{"rendered":"https:\/\/chibolita.es\/?post_type=product&#038;p=10623"},"modified":"2026-04-23T22:20:43","modified_gmt":"2026-04-23T22:20:43","slug":"careforce-100-tiras-linguales-de-accion-rapida-10-unidades","status":"publish","type":"product","link":"https:\/\/chibolita.es\/index.php\/product\/careforce-100-tiras-linguales-de-accion-rapida-10-unidades\/","title":{"rendered":"Careforce 100 &#8211; Tiras linguales de acci\u00f3n r\u00e1pida &#8211; 10 unidades"},"content":{"rendered":"<p>CAREFORCE son tiras orales que se colocan sobre la lengua y se disuelven en 10 minutos. Se ha comprobado que comienzan a hacer efecto entre 15 y 20 minutos despu\u00e9s de su administraci\u00f3n y su efecto puede durar hasta 36 horas.<\/p>\n<p>Las tiras tienen un agradable sabor a mentol y tambi\u00e9n refrescan el aliento. El envase contiene 10 tiras, para 10 usos.<\/p>\n<p>Careforce act\u00faa relajando los vasos sangu\u00edneos del pene, lo que permite una mayor circulaci\u00f3n sangu\u00ednea y, en consecuencia, aumenta la erecci\u00f3n.<\/p>\n<p>BENEFICIOS<\/p>\n<p>Acci\u00f3n r\u00e1pida;<\/p>\n<p>Erecciones fuertes y duraderas;<\/p>\n<p>Mayor resistencia y deseo sexual.<\/p>\n<p>PRECAUCIONES<\/p>\n<p>Este producto no sustituye una dieta variada;<\/p>\n<p>Mantener fuera del alcance de los ni\u00f1os;<\/p>\n<p>No exceder la dosis recomendada.<\/p>\n<p>MODO DE EMPLEO<\/p>\n<p>Colocar 1 tira sobre la lengua y dejar que se disuelva;<\/p>\n<p>No mezclar con bebidas alcoh\u00f3licas;<\/p>\n<p>Nunca tomar con el est\u00f3mago lleno;<\/p>\n<p>(No exceder la dosis recomendada).<\/p>\n<p>El envase contiene 10 tiras.<\/p>\n","protected":false},"excerpt":{"rendered":"<p>CAREFORCE son tiras orales que se colocan sobre la lengua y se disuelven en 10 minutos. Se ha comprobado que comienzan a hacer efecto entre 15 y 20 minutos despu\u00e9s de su administraci\u00f3n y su efecto puede durar hasta 36 horas. Las tiras tienen un agradable sabor a mentol y tambi\u00e9n refrescan el aliento. El [&hellip;]<\/p>\n","protected":false},"featured_media":10624,"comment_status":"open","ping_status":"closed","template":"","meta":{"_eb_attr":"","site-sidebar-layout":"default","site-content-layout":"","ast-site-content-layout":"default","site-content-style":"default","site-sidebar-style":"default","ast-global-header-display":"","ast-banner-title-visibility":"","ast-main-header-display":"","ast-hfb-above-header-display":"","ast-hfb-below-header-display":"","ast-hfb-mobile-header-display":"","site-post-title":"","ast-breadcrumbs-content":"","ast-featured-img":"","footer-sml-layout":"","ast-disable-related-posts":"","theme-transparent-header-meta":"default","adv-header-id-meta":"","stick-header-meta":"","header-above-stick-meta":"","header-main-stick-meta":"","header-below-stick-meta":"","astra-migrate-meta-layouts":"set","ast-page-background-enabled":"default","ast-page-background-meta":{"desktop":{"background-color":"var(--ast-global-color-4)","background-image":"","background-repeat":"repeat","background-position":"center center","background-size":"auto","background-attachment":"scroll","background-type":"","background-media":"","overlay-type":"","overlay-color":"","overlay-opacity":"","overlay-gradient":""},"tablet":{"background-color":"","background-image":"","background-repeat":"repeat","background-position":"center center","background-size":"auto","background-attachment":"scroll","background-type":"","background-media":"","overlay-type":"","overlay-color":"","overlay-opacity":"","overlay-gradient":""},"mobile":{"background-color":"","background-image":"","background-repeat":"repeat","background-position":"center center","background-size":"auto","background-attachment":"scroll","background-type":"","background-media":"","overlay-type":"","overlay-color":"","overlay-opacity":"","overlay-gradient":""}},"ast-content-background-meta":{"desktop":{"background-color":"var(--ast-global-color-5)","background-image":"","background-repeat":"repeat","background-position":"center center","background-size":"auto","background-attachment":"scroll","background-type":"","background-media":"","overlay-type":"","overlay-color":"","overlay-opacity":"","overlay-gradient":""},"tablet":{"background-color":"var(--ast-global-color-5)","background-image":"","background-repeat":"repeat","background-position":"center center","background-size":"auto","background-attachment":"scroll","background-type":"","background-media":"","overlay-type":"","overlay-color":"","overlay-opacity":"","overlay-gradient":""},"mobile":{"background-color":"var(--ast-global-color-5)","background-image":"","background-repeat":"repeat","background-position":"center center","background-size":"auto","background-attachment":"scroll","background-type":"","background-media":"","overlay-type":"","overlay-color":"","overlay-opacity":"","overlay-gradient":""}}},"product_brand":[],"product_cat":[230,311,238],"product_tag":[],"class_list":{"0":"post-10623","1":"product","2":"type-product","3":"status-publish","4":"has-post-thumbnail","6":"product_cat-farmacia","7":"product_cat-sildenafil","8":"product_cat-todos-los-afrodisiacos-para-hombres","9":"desktop-align-left","10":"tablet-align-left","11":"mobile-align-left","13":"first","14":"instock","15":"sale","16":"shipping-taxable","17":"purchasable","18":"product-type-simple"},"_links":{"self":[{"href":"https:\/\/chibolita.es\/index.php\/wp-json\/wp\/v2\/product\/10623","targetHints":{"allow":["GET"]}}],"collection":[{"href":"https:\/\/chibolita.es\/index.php\/wp-json\/wp\/v2\/product"}],"about":[{"href":"https:\/\/chibolita.es\/index.php\/wp-json\/wp\/v2\/types\/product"}],"replies":[{"embeddable":true,"href":"https:\/\/chibolita.es\/index.php\/wp-json\/wp\/v2\/comments?post=10623"}],"wp:featuredmedia":[{"embeddable":true,"href":"https:\/\/chibolita.es\/index.php\/wp-json\/wp\/v2\/media\/10624"}],"wp:attachment":[{"href":"https:\/\/chibolita.es\/index.php\/wp-json\/wp\/v2\/media?parent=10623"}],"wp:term":[{"taxonomy":"product_brand","embeddable":true,"href":"https:\/\/chibolita.es\/index.php\/wp-json\/wp\/v2\/product_brand?post=10623"},{"taxonomy":"product_cat","embeddable":true,"href":"https:\/\/chibolita.es\/index.php\/wp-json\/wp\/v2\/product_cat?post=10623"},{"taxonomy":"product_tag","embeddable":true,"href":"https:\/\/chibolita.es\/index.php\/wp-json\/wp\/v2\/product_tag?post=10623"}],"curies":[{"name":"wp","href":"https:\/\/api.w.org\/{rel}","templated":true}]}}