{"id":10621,"date":"2026-04-23T22:15:15","date_gmt":"2026-04-23T22:15:15","guid":{"rendered":"https:\/\/chibolita.es\/?post_type=product&#038;p=10621"},"modified":"2026-04-23T22:17:00","modified_gmt":"2026-04-23T22:17:00","slug":"ultra-caps-blue-afrodisiaco-y-potenciador-sexual-10-pastillas","status":"publish","type":"product","link":"https:\/\/chibolita.es\/index.php\/product\/ultra-caps-blue-afrodisiaco-y-potenciador-sexual-10-pastillas\/","title":{"rendered":"Ultra Caps Blue \u2013 Afrodis\u00edaco y potenciador sexual \u2013 10 pastillas"},"content":{"rendered":"<p>Ultra Caps Blue es un potenciador que no requiere esperar semanas ni meses para sentir sus efectos. Solo necesitas unos minutos para sentir su efecto revitalizante.<\/p>\n<p>Ultra Caps Blue es un potenciador masculino que aumenta r\u00e1pidamente la capacidad sexual, ya que contiene ingredientes de alt\u00edsima calidad que ayudan a incrementar el flujo sangu\u00edneo al pene.<\/p>\n<p>Beneficios:<\/p>\n<p>Favorece erecciones firmes;<\/p>\n<p>Ayuda a aumentar el tama\u00f1o del pene;<\/p>\n<p>Efecto retardante;<\/p>\n<p>Previene la eyaculaci\u00f3n precoz;<\/p>\n<p>Resistente a los efectos del alcohol.<\/p>\n<p>Ultra Caps est\u00e1 disponible en paquetes de 10 c\u00e1psulas.<\/p>\n<p>Modo de empleo:<\/p>\n<p>Tomar 1 c\u00e1psula, preferiblemente con el est\u00f3mago vac\u00edo o 2 horas despu\u00e9s de comer, de 30 a 50 minutos antes de la actividad sexual. No tomar m\u00e1s de 1 c\u00e1psula al d\u00eda.<\/p>\n<p>Los efectos pueden durar hasta 3 d\u00edas despu\u00e9s de la ingesta.<\/p>\n<p>Composici\u00f3n:<\/p>\n<p>Sales magn\u00e9sicas de \u00e1cido c\u00edtrico (citrato de magnesio) \u2013 magnesio, agente de carga \u2013 celulosa microcristalina, extracto de ra\u00edz de ashwagandha KSM-66 (Withania somnifera L.), bisglicinato de zinc \u2013 zinc, agentes de recubrimiento \u2013 alcohol polivin\u00edlico (PVA), polietilenglicol, talco, silicato de potasio y aluminio, monooleato de sorbit\u00e1n polioxim\u00e9nico; selenato de sodio (IV) \u2013 selenio, agente antiaglomerante \u2013 sales magn\u00e9sicas de \u00e1cidos grasos, hidrocloruro de piridoxina \u2013 vitamina B6, pigmentos \u2013 di\u00f3xido de tanino, \u00f3xidos e hidr\u00f3xidos de hierro.<\/p>\n<p>\u00bfC\u00f3mo funcionan los potenciadores masculinos?<\/p>\n<p>Su funcionamiento es sencillo. Estos productos naturales aumentan los niveles de \u00f3xido n\u00edtrico en el cuerpo, lo que provoca la dilataci\u00f3n de los vasos sangu\u00edneos del pene y, en consecuencia, un mayor flujo sangu\u00edneo en la zona. Sin embargo, la erecci\u00f3n se produce tras alg\u00fan tipo de estimulaci\u00f3n sexual.<\/p>\n<p>Los estimulantes sexuales existen para ser utilizados y para proporcionar un mayor bienestar a quienes los usan, contribuyendo a un mejor desempe\u00f1o en la relaci\u00f3n de pareja y aumentando la autoestima del hombre.<\/p>\n<p>10 pastillas<\/p>\n","protected":false},"excerpt":{"rendered":"<p>Ultra Caps Blue es un potenciador que no requiere esperar semanas ni meses para sentir sus efectos. Solo necesitas unos minutos para sentir su efecto revitalizante. Ultra Caps Blue es un potenciador masculino que aumenta r\u00e1pidamente la capacidad sexual, ya que contiene ingredientes de alt\u00edsima calidad que ayudan a incrementar el flujo sangu\u00edneo al pene. [&hellip;]<\/p>\n","protected":false},"featured_media":10622,"comment_status":"open","ping_status":"closed","template":"","meta":{"_eb_attr":"","site-sidebar-layout":"default","site-content-layout":"","ast-site-content-layout":"default","site-content-style":"default","site-sidebar-style":"default","ast-global-header-display":"","ast-banner-title-visibility":"","ast-main-header-display":"","ast-hfb-above-header-display":"","ast-hfb-below-header-display":"","ast-hfb-mobile-header-display":"","site-post-title":"","ast-breadcrumbs-content":"","ast-featured-img":"","footer-sml-layout":"","ast-disable-related-posts":"","theme-transparent-header-meta":"default","adv-header-id-meta":"","stick-header-meta":"","header-above-stick-meta":"","header-main-stick-meta":"","header-below-stick-meta":"","astra-migrate-meta-layouts":"set","ast-page-background-enabled":"default","ast-page-background-meta":{"desktop":{"background-color":"var(--ast-global-color-4)","background-image":"","background-repeat":"repeat","background-position":"center center","background-size":"auto","background-attachment":"scroll","background-type":"","background-media":"","overlay-type":"","overlay-color":"","overlay-opacity":"","overlay-gradient":""},"tablet":{"background-color":"","background-image":"","background-repeat":"repeat","background-position":"center center","background-size":"auto","background-attachment":"scroll","background-type":"","background-media":"","overlay-type":"","overlay-color":"","overlay-opacity":"","overlay-gradient":""},"mobile":{"background-color":"","background-image":"","background-repeat":"repeat","background-position":"center center","background-size":"auto","background-attachment":"scroll","background-type":"","background-media":"","overlay-type":"","overlay-color":"","overlay-opacity":"","overlay-gradient":""}},"ast-content-background-meta":{"desktop":{"background-color":"var(--ast-global-color-5)","background-image":"","background-repeat":"repeat","background-position":"center center","background-size":"auto","background-attachment":"scroll","background-type":"","background-media":"","overlay-type":"","overlay-color":"","overlay-opacity":"","overlay-gradient":""},"tablet":{"background-color":"var(--ast-global-color-5)","background-image":"","background-repeat":"repeat","background-position":"center center","background-size":"auto","background-attachment":"scroll","background-type":"","background-media":"","overlay-type":"","overlay-color":"","overlay-opacity":"","overlay-gradient":""},"mobile":{"background-color":"var(--ast-global-color-5)","background-image":"","background-repeat":"repeat","background-position":"center center","background-size":"auto","background-attachment":"scroll","background-type":"","background-media":"","overlay-type":"","overlay-color":"","overlay-opacity":"","overlay-gradient":""}}},"product_brand":[],"product_cat":[230,308,238],"product_tag":[],"class_list":{"0":"post-10621","1":"product","2":"type-product","3":"status-publish","4":"has-post-thumbnail","6":"product_cat-farmacia","7":"product_cat-marca-ultimate-natura","8":"product_cat-todos-los-afrodisiacos-para-hombres","9":"desktop-align-left","10":"tablet-align-left","11":"mobile-align-left","13":"first","14":"instock","15":"sale","16":"shipping-taxable","17":"purchasable","18":"product-type-simple"},"_links":{"self":[{"href":"https:\/\/chibolita.es\/index.php\/wp-json\/wp\/v2\/product\/10621","targetHints":{"allow":["GET"]}}],"collection":[{"href":"https:\/\/chibolita.es\/index.php\/wp-json\/wp\/v2\/product"}],"about":[{"href":"https:\/\/chibolita.es\/index.php\/wp-json\/wp\/v2\/types\/product"}],"replies":[{"embeddable":true,"href":"https:\/\/chibolita.es\/index.php\/wp-json\/wp\/v2\/comments?post=10621"}],"wp:featuredmedia":[{"embeddable":true,"href":"https:\/\/chibolita.es\/index.php\/wp-json\/wp\/v2\/media\/10622"}],"wp:attachment":[{"href":"https:\/\/chibolita.es\/index.php\/wp-json\/wp\/v2\/media?parent=10621"}],"wp:term":[{"taxonomy":"product_brand","embeddable":true,"href":"https:\/\/chibolita.es\/index.php\/wp-json\/wp\/v2\/product_brand?post=10621"},{"taxonomy":"product_cat","embeddable":true,"href":"https:\/\/chibolita.es\/index.php\/wp-json\/wp\/v2\/product_cat?post=10621"},{"taxonomy":"product_tag","embeddable":true,"href":"https:\/\/chibolita.es\/index.php\/wp-json\/wp\/v2\/product_tag?post=10621"}],"curies":[{"name":"wp","href":"https:\/\/api.w.org\/{rel}","templated":true}]}}