{"id":10619,"date":"2026-04-23T22:14:39","date_gmt":"2026-04-23T22:14:39","guid":{"rendered":"https:\/\/chibolita.es\/?post_type=product&#038;p=10619"},"modified":"2026-04-23T22:14:39","modified_gmt":"2026-04-23T22:14:39","slug":"super-red-power-10-pastillas","status":"publish","type":"product","link":"https:\/\/chibolita.es\/index.php\/product\/super-red-power-10-pastillas\/","title":{"rendered":"SUPER RED POWER \u2013 10 pastillas"},"content":{"rendered":"<p>Descripci\u00f3n<br \/>\nLa f\u00f3rmula de este producto, elaborada con ingredientes naturales, busca mejorar la resistencia sexual aumentando simult\u00e1neamente el tama\u00f1o del pene y la firmeza de la erecci\u00f3n durante la actividad sexual. Adem\u00e1s de estos beneficios, SUPER RED POWER tambi\u00e9n permite erecciones m\u00e1s fuertes y duraderas. No se conocen efectos adversos. Cada comprimido contiene 900 mg.<\/p>\n<p>Uso recomendado:<\/p>\n<p>Tomar 1 comprimido de 10 a 20 minutos antes de la actividad sexual.<\/p>\n<p>Precauciones:<\/p>\n<p>\u2013 Producto destinado exclusivamente a adultos.<\/p>\n<p>\u2013 No exceda la dosis recomendada (1 comprimido cada 24 horas).<\/p>\n<p>\u2013 Mantener fuera del alcance de los ni\u00f1os.<\/p>\n<p>Cantidad:<\/p>\n<p>El envase contiene 10 pastillas.<\/p>\n","protected":false},"excerpt":{"rendered":"<p>Descripci\u00f3n La f\u00f3rmula de este producto, elaborada con ingredientes naturales, busca mejorar la resistencia sexual aumentando simult\u00e1neamente el tama\u00f1o del pene y la firmeza de la erecci\u00f3n durante la actividad sexual. Adem\u00e1s de estos beneficios, SUPER RED POWER tambi\u00e9n permite erecciones m\u00e1s fuertes y duraderas. No se conocen efectos adversos. Cada comprimido contiene 900 mg. [&hellip;]<\/p>\n","protected":false},"featured_media":10620,"comment_status":"open","ping_status":"closed","template":"","meta":{"_eb_attr":"","site-sidebar-layout":"default","site-content-layout":"","ast-site-content-layout":"default","site-content-style":"default","site-sidebar-style":"default","ast-global-header-display":"","ast-banner-title-visibility":"","ast-main-header-display":"","ast-hfb-above-header-display":"","ast-hfb-below-header-display":"","ast-hfb-mobile-header-display":"","site-post-title":"","ast-breadcrumbs-content":"","ast-featured-img":"","footer-sml-layout":"","ast-disable-related-posts":"","theme-transparent-header-meta":"default","adv-header-id-meta":"","stick-header-meta":"","header-above-stick-meta":"","header-main-stick-meta":"","header-below-stick-meta":"","astra-migrate-meta-layouts":"set","ast-page-background-enabled":"default","ast-page-background-meta":{"desktop":{"background-color":"var(--ast-global-color-4)","background-image":"","background-repeat":"repeat","background-position":"center center","background-size":"auto","background-attachment":"scroll","background-type":"","background-media":"","overlay-type":"","overlay-color":"","overlay-opacity":"","overlay-gradient":""},"tablet":{"background-color":"","background-image":"","background-repeat":"repeat","background-position":"center center","background-size":"auto","background-attachment":"scroll","background-type":"","background-media":"","overlay-type":"","overlay-color":"","overlay-opacity":"","overlay-gradient":""},"mobile":{"background-color":"","background-image":"","background-repeat":"repeat","background-position":"center center","background-size":"auto","background-attachment":"scroll","background-type":"","background-media":"","overlay-type":"","overlay-color":"","overlay-opacity":"","overlay-gradient":""}},"ast-content-background-meta":{"desktop":{"background-color":"var(--ast-global-color-5)","background-image":"","background-repeat":"repeat","background-position":"center center","background-size":"auto","background-attachment":"scroll","background-type":"","background-media":"","overlay-type":"","overlay-color":"","overlay-opacity":"","overlay-gradient":""},"tablet":{"background-color":"var(--ast-global-color-5)","background-image":"","background-repeat":"repeat","background-position":"center center","background-size":"auto","background-attachment":"scroll","background-type":"","background-media":"","overlay-type":"","overlay-color":"","overlay-opacity":"","overlay-gradient":""},"mobile":{"background-color":"var(--ast-global-color-5)","background-image":"","background-repeat":"repeat","background-position":"center center","background-size":"auto","background-attachment":"scroll","background-type":"","background-media":"","overlay-type":"","overlay-color":"","overlay-opacity":"","overlay-gradient":""}}},"product_brand":[],"product_cat":[230,308,238],"product_tag":[],"class_list":{"0":"post-10619","1":"product","2":"type-product","3":"status-publish","4":"has-post-thumbnail","6":"product_cat-farmacia","7":"product_cat-marca-ultimate-natura","8":"product_cat-todos-los-afrodisiacos-para-hombres","9":"desktop-align-left","10":"tablet-align-left","11":"mobile-align-left","13":"first","14":"instock","15":"sale","16":"shipping-taxable","17":"purchasable","18":"product-type-simple"},"_links":{"self":[{"href":"https:\/\/chibolita.es\/index.php\/wp-json\/wp\/v2\/product\/10619","targetHints":{"allow":["GET"]}}],"collection":[{"href":"https:\/\/chibolita.es\/index.php\/wp-json\/wp\/v2\/product"}],"about":[{"href":"https:\/\/chibolita.es\/index.php\/wp-json\/wp\/v2\/types\/product"}],"replies":[{"embeddable":true,"href":"https:\/\/chibolita.es\/index.php\/wp-json\/wp\/v2\/comments?post=10619"}],"wp:featuredmedia":[{"embeddable":true,"href":"https:\/\/chibolita.es\/index.php\/wp-json\/wp\/v2\/media\/10620"}],"wp:attachment":[{"href":"https:\/\/chibolita.es\/index.php\/wp-json\/wp\/v2\/media?parent=10619"}],"wp:term":[{"taxonomy":"product_brand","embeddable":true,"href":"https:\/\/chibolita.es\/index.php\/wp-json\/wp\/v2\/product_brand?post=10619"},{"taxonomy":"product_cat","embeddable":true,"href":"https:\/\/chibolita.es\/index.php\/wp-json\/wp\/v2\/product_cat?post=10619"},{"taxonomy":"product_tag","embeddable":true,"href":"https:\/\/chibolita.es\/index.php\/wp-json\/wp\/v2\/product_tag?post=10619"}],"curies":[{"name":"wp","href":"https:\/\/api.w.org\/{rel}","templated":true}]}}