{"id":10614,"date":"2026-04-23T22:08:17","date_gmt":"2026-04-23T22:08:17","guid":{"rendered":"https:\/\/chibolita.es\/?post_type=product&#038;p=10614"},"modified":"2026-04-23T22:08:18","modified_gmt":"2026-04-23T22:08:18","slug":"vigo-ch-xtra-650mg-10-pastillas","status":"publish","type":"product","link":"https:\/\/chibolita.es\/index.php\/product\/vigo-ch-xtra-650mg-10-pastillas\/","title":{"rendered":"VIGO CH XTRA 650mg &#8211; 10 pastillas"},"content":{"rendered":"<p>DESCRIPCI\u00d3N: Uno de los mejores potenciadores del mercado.<br \/>\nVigo ur CH XTRA &#8211; Se utiliza para la prevenci\u00f3n de la disfunci\u00f3n er\u00e9ctil masculina. Elaborado a base de plantas naturales (extracto de 650 mg).<\/p>\n<p>Indicado para: adultos mayores de 18 a\u00f1os.<\/p>\n<p>El producto mejora la erecci\u00f3n y retrasa la eyaculaci\u00f3n. Con el uso regular de Vigo ur CH XTRA 650 mg, puede notar un aumento de tama\u00f1o del pene de unos cent\u00edmetros.<\/p>\n<p>Ayuda a aumentar la producci\u00f3n de esperma.<\/p>\n<p>Aumenta el deseo sexual y la libido.<\/p>\n<p>El efecto de Vigo ur CH XTRA se siente durante 24 horas, aunque el fabricante indica que puede durar hasta 48 horas.<\/p>\n<p>Dosis: 1 comprimido de Vigo ur CH 650 mg, de 30 a 60 minutos antes de la actividad sexual.<\/p>\n<p>Vigo ur CH XTRA 650 mg fabricado con la tecnolog\u00eda patentada de extracci\u00f3n vegetal NANO-HOF por BIORGAN en Albuquerque, Nuevo M\u00e9xico, EE. UU.<br \/>\n\u2013 Solo para adultos.<br \/>\n\u2013 No exceda de 1 comprimido al d\u00eda;<\/p>\n<p>\u2013 Para obtener los mejores resultados de VIGO UR CH, tome el comprimido con el est\u00f3mago vac\u00edo o al menos 2 horas despu\u00e9s de una comida;<\/p>\n<p>\u2013 Este producto no sustituye una dieta variada;<\/p>\n<p>\u2013 Conservar a una temperatura inferior a 25\u00baC<\/p>\n<p>Cada envase contiene 10 pastillas<\/p>\n","protected":false},"excerpt":{"rendered":"<p>DESCRIPCI\u00d3N: Uno de los mejores potenciadores del mercado. Vigo ur CH XTRA &#8211; Se utiliza para la prevenci\u00f3n de la disfunci\u00f3n er\u00e9ctil masculina. Elaborado a base de plantas naturales (extracto de 650 mg). Indicado para: adultos mayores de 18 a\u00f1os. El producto mejora la erecci\u00f3n y retrasa la eyaculaci\u00f3n. Con el uso regular de Vigo [&hellip;]<\/p>\n","protected":false},"featured_media":10615,"comment_status":"open","ping_status":"closed","template":"","meta":{"_eb_attr":"","site-sidebar-layout":"default","site-content-layout":"","ast-site-content-layout":"default","site-content-style":"default","site-sidebar-style":"default","ast-global-header-display":"","ast-banner-title-visibility":"","ast-main-header-display":"","ast-hfb-above-header-display":"","ast-hfb-below-header-display":"","ast-hfb-mobile-header-display":"","site-post-title":"","ast-breadcrumbs-content":"","ast-featured-img":"","footer-sml-layout":"","ast-disable-related-posts":"","theme-transparent-header-meta":"default","adv-header-id-meta":"","stick-header-meta":"","header-above-stick-meta":"","header-main-stick-meta":"","header-below-stick-meta":"","astra-migrate-meta-layouts":"set","ast-page-background-enabled":"default","ast-page-background-meta":{"desktop":{"background-color":"var(--ast-global-color-4)","background-image":"","background-repeat":"repeat","background-position":"center center","background-size":"auto","background-attachment":"scroll","background-type":"","background-media":"","overlay-type":"","overlay-color":"","overlay-opacity":"","overlay-gradient":""},"tablet":{"background-color":"","background-image":"","background-repeat":"repeat","background-position":"center center","background-size":"auto","background-attachment":"scroll","background-type":"","background-media":"","overlay-type":"","overlay-color":"","overlay-opacity":"","overlay-gradient":""},"mobile":{"background-color":"","background-image":"","background-repeat":"repeat","background-position":"center center","background-size":"auto","background-attachment":"scroll","background-type":"","background-media":"","overlay-type":"","overlay-color":"","overlay-opacity":"","overlay-gradient":""}},"ast-content-background-meta":{"desktop":{"background-color":"var(--ast-global-color-5)","background-image":"","background-repeat":"repeat","background-position":"center center","background-size":"auto","background-attachment":"scroll","background-type":"","background-media":"","overlay-type":"","overlay-color":"","overlay-opacity":"","overlay-gradient":""},"tablet":{"background-color":"var(--ast-global-color-5)","background-image":"","background-repeat":"repeat","background-position":"center center","background-size":"auto","background-attachment":"scroll","background-type":"","background-media":"","overlay-type":"","overlay-color":"","overlay-opacity":"","overlay-gradient":""},"mobile":{"background-color":"var(--ast-global-color-5)","background-image":"","background-repeat":"repeat","background-position":"center center","background-size":"auto","background-attachment":"scroll","background-type":"","background-media":"","overlay-type":"","overlay-color":"","overlay-opacity":"","overlay-gradient":""}}},"product_brand":[],"product_cat":[230,308,238],"product_tag":[],"class_list":{"0":"post-10614","1":"product","2":"type-product","3":"status-publish","4":"has-post-thumbnail","6":"product_cat-farmacia","7":"product_cat-marca-ultimate-natura","8":"product_cat-todos-los-afrodisiacos-para-hombres","9":"desktop-align-left","10":"tablet-align-left","11":"mobile-align-left","13":"first","14":"instock","15":"sale","16":"shipping-taxable","17":"purchasable","18":"product-type-simple"},"_links":{"self":[{"href":"https:\/\/chibolita.es\/index.php\/wp-json\/wp\/v2\/product\/10614","targetHints":{"allow":["GET"]}}],"collection":[{"href":"https:\/\/chibolita.es\/index.php\/wp-json\/wp\/v2\/product"}],"about":[{"href":"https:\/\/chibolita.es\/index.php\/wp-json\/wp\/v2\/types\/product"}],"replies":[{"embeddable":true,"href":"https:\/\/chibolita.es\/index.php\/wp-json\/wp\/v2\/comments?post=10614"}],"wp:featuredmedia":[{"embeddable":true,"href":"https:\/\/chibolita.es\/index.php\/wp-json\/wp\/v2\/media\/10615"}],"wp:attachment":[{"href":"https:\/\/chibolita.es\/index.php\/wp-json\/wp\/v2\/media?parent=10614"}],"wp:term":[{"taxonomy":"product_brand","embeddable":true,"href":"https:\/\/chibolita.es\/index.php\/wp-json\/wp\/v2\/product_brand?post=10614"},{"taxonomy":"product_cat","embeddable":true,"href":"https:\/\/chibolita.es\/index.php\/wp-json\/wp\/v2\/product_cat?post=10614"},{"taxonomy":"product_tag","embeddable":true,"href":"https:\/\/chibolita.es\/index.php\/wp-json\/wp\/v2\/product_tag?post=10614"}],"curies":[{"name":"wp","href":"https:\/\/api.w.org\/{rel}","templated":true}]}}