{"id":10592,"date":"2026-04-18T09:51:53","date_gmt":"2026-04-18T09:51:53","guid":{"rendered":"https:\/\/chibolita.es\/?post_type=product&#038;p=10592"},"modified":"2026-04-18T09:52:38","modified_gmt":"2026-04-18T09:52:38","slug":"ultra-black-boost-enhancer-edicion-limitada-10-pastillas","status":"publish","type":"product","link":"https:\/\/chibolita.es\/index.php\/product\/ultra-black-boost-enhancer-edicion-limitada-10-pastillas\/","title":{"rendered":"ULTRA BLACK Boost Enhancer \u2013 EDICI\u00d3N LIMITADA \u2013 10 Pastillas"},"content":{"rendered":"<div>\n<p><span dir=\"auto\">Boost es un suplemento alimenticio para hombres dise\u00f1ado para mejorar el rendimiento y la resistencia sexual. Su f\u00f3rmula, a base de plantas e ingredientes naturales altamente concentrados, utiliza tecnolog\u00eda de vanguardia, lo que permite la producci\u00f3n de extractos de alta calidad con resultados r\u00e1pidos y efectivos.<\/span><\/p>\n<p><span dir=\"auto\">Esta nueva versi\u00f3n Ultra Black promete:<\/span><\/p>\n<div><span dir=\"auto\">\u2013 Para ayudar a aumentar el tama\u00f1o del pene erecto;<\/span><\/div>\n<div><span dir=\"auto\">\u2013 Para ayudar a producir eyaculaciones abundantes;<\/span><\/div>\n<div><span dir=\"auto\">\u2013 Para evitar la eyaculaci\u00f3n precoz;<\/span><\/div>\n<div><span dir=\"auto\">\u2013 Favorece erecciones firmes y prolongadas;<\/span><\/div>\n<div><span dir=\"auto\">\u2013 Capacidad para recuperarse r\u00e1pidamente entre eyaculaciones;<\/span><\/div>\n<div><span dir=\"auto\">\u2013 Con el uso continuado de este producto, el pene aumenta de tama\u00f1o y grosor.<\/span><\/div>\n<div><\/div>\n<div><strong><span dir=\"auto\">Pautas de consumo<\/span><\/strong><\/div>\n<div><span dir=\"auto\">Tome un comprimido, preferiblemente con el est\u00f3mago vac\u00edo, 35 minutos antes de cualquier actividad sexual. Nunca tome m\u00e1s de un comprimido en un per\u00edodo de 24 horas.<\/span><\/div>\n<div><\/div>\n<\/div>\n<div><\/div>\n<div><\/div>\n<div><span dir=\"auto\">Ingredientes: sales de magnesio del \u00e1cido c\u00edtrico (citrato de magnesio) \u2013 magnesio, agente de carga \u2013 celulosa microcristalina, extracto de ra\u00edz de ashwagandha KSM-66 (Withania somnifera L.), bisglicinato de zinc \u2013 zinc, agentes de recubrimiento \u2013 alcohol polivin\u00edlico (PVA), polietilenglicol, talco, silicato de potasio y aluminio, monooleato de sorbit\u00e1n de polioxietileno; selenato de sodio (IV) \u2013 selenio, antiaglomerante \u2013 sales de magnesio de \u00e1cidos grasos, hidrocloruro de piridoxina \u2013 vitamina B6, pigmentos \u2013 di\u00f3xido de titanio,<\/span><\/div>\n<div><span dir=\"auto\">\u00d3xidos e hidr\u00f3xidos de hierro.<\/span><\/div>\n<div><\/div>\n<div><\/div>\n<div><\/div>\n<div><\/div>\n<div>\n<p><span dir=\"auto\">Advertencia: Consulte a un profesional de la salud antes de usar este suplemento diet\u00e9tico si padece hipertensi\u00f3n, enfermedades card\u00edacas, problemas de tiroides, diabetes, infecciones urinarias o dificultades debido al agrandamiento de la pr\u00f3stata, o si est\u00e1 tomando alg\u00fan otro medicamento incompatible.<\/span><br \/>\n<span dir=\"auto\">Este informe no ha sido evaluado por ning\u00fan organismo m\u00e9dico y este producto no est\u00e1 destinado a diagnosticar, tratar, curar ni prevenir ninguna enfermedad. \u00a1<\/span><br \/>\n<span dir=\"auto\">Mant\u00e9ngase fuera del alcance de los ni\u00f1os!<\/span><\/p>\n<p>&nbsp;<\/p>\n<h4><span dir=\"auto\">Complemento alimenticio \u2013 Advertencias:<\/span><\/h4>\n<p>&nbsp;<\/p>\n<p><span dir=\"auto\">Los complementos alimenticios no deben utilizarse como sustituto de una dieta variada y equilibrada ni de un estilo de vida saludable. Sus efectos pueden variar de persona a persona y est\u00e1n influenciados por otros factores como la nutrici\u00f3n y la actividad f\u00edsica. No exceda la dosis diaria recomendada. Mant\u00e9ngalo fuera del alcance y de la vista de los ni\u00f1os. Los complementos alimenticios no son medicamentos. No los tome si es hipersensible a alguno de sus ingredientes. No los utilice si est\u00e1 embarazada o en periodo de lactancia. Cons\u00e9rvelos en un lugar fresco y seco, protegidos de la luz. En caso de duda, consulte a su m\u00e9dico o farmac\u00e9utico.<\/span><\/p>\n<\/div>\n","protected":false},"excerpt":{"rendered":"<p>Boost es un suplemento alimenticio para hombres dise\u00f1ado para mejorar el rendimiento y la resistencia sexual. Su f\u00f3rmula, a base de plantas e ingredientes naturales altamente concentrados, utiliza tecnolog\u00eda de vanguardia, lo que permite la producci\u00f3n de extractos de alta calidad con resultados r\u00e1pidos y efectivos. Esta nueva versi\u00f3n Ultra Black promete: \u2013 Para ayudar [&hellip;]<\/p>\n","protected":false},"featured_media":10593,"comment_status":"open","ping_status":"closed","template":"","meta":{"_eb_attr":"","site-sidebar-layout":"default","site-content-layout":"","ast-site-content-layout":"default","site-content-style":"default","site-sidebar-style":"default","ast-global-header-display":"","ast-banner-title-visibility":"","ast-main-header-display":"","ast-hfb-above-header-display":"","ast-hfb-below-header-display":"","ast-hfb-mobile-header-display":"","site-post-title":"","ast-breadcrumbs-content":"","ast-featured-img":"","footer-sml-layout":"","ast-disable-related-posts":"","theme-transparent-header-meta":"default","adv-header-id-meta":"","stick-header-meta":"","header-above-stick-meta":"","header-main-stick-meta":"","header-below-stick-meta":"","astra-migrate-meta-layouts":"set","ast-page-background-enabled":"default","ast-page-background-meta":{"desktop":{"background-color":"var(--ast-global-color-4)","background-image":"","background-repeat":"repeat","background-position":"center center","background-size":"auto","background-attachment":"scroll","background-type":"","background-media":"","overlay-type":"","overlay-color":"","overlay-opacity":"","overlay-gradient":""},"tablet":{"background-color":"","background-image":"","background-repeat":"repeat","background-position":"center center","background-size":"auto","background-attachment":"scroll","background-type":"","background-media":"","overlay-type":"","overlay-color":"","overlay-opacity":"","overlay-gradient":""},"mobile":{"background-color":"","background-image":"","background-repeat":"repeat","background-position":"center center","background-size":"auto","background-attachment":"scroll","background-type":"","background-media":"","overlay-type":"","overlay-color":"","overlay-opacity":"","overlay-gradient":""}},"ast-content-background-meta":{"desktop":{"background-color":"var(--ast-global-color-5)","background-image":"","background-repeat":"repeat","background-position":"center center","background-size":"auto","background-attachment":"scroll","background-type":"","background-media":"","overlay-type":"","overlay-color":"","overlay-opacity":"","overlay-gradient":""},"tablet":{"background-color":"var(--ast-global-color-5)","background-image":"","background-repeat":"repeat","background-position":"center center","background-size":"auto","background-attachment":"scroll","background-type":"","background-media":"","overlay-type":"","overlay-color":"","overlay-opacity":"","overlay-gradient":""},"mobile":{"background-color":"var(--ast-global-color-5)","background-image":"","background-repeat":"repeat","background-position":"center center","background-size":"auto","background-attachment":"scroll","background-type":"","background-media":"","overlay-type":"","overlay-color":"","overlay-opacity":"","overlay-gradient":""}}},"product_brand":[],"product_cat":[230,308,238],"product_tag":[],"class_list":{"0":"post-10592","1":"product","2":"type-product","3":"status-publish","4":"has-post-thumbnail","6":"product_cat-farmacia","7":"product_cat-marca-ultimate-natura","8":"product_cat-todos-los-afrodisiacos-para-hombres","9":"desktop-align-left","10":"tablet-align-left","11":"mobile-align-left","13":"first","14":"instock","15":"sale","16":"shipping-taxable","17":"purchasable","18":"product-type-simple"},"_links":{"self":[{"href":"https:\/\/chibolita.es\/index.php\/wp-json\/wp\/v2\/product\/10592","targetHints":{"allow":["GET"]}}],"collection":[{"href":"https:\/\/chibolita.es\/index.php\/wp-json\/wp\/v2\/product"}],"about":[{"href":"https:\/\/chibolita.es\/index.php\/wp-json\/wp\/v2\/types\/product"}],"replies":[{"embeddable":true,"href":"https:\/\/chibolita.es\/index.php\/wp-json\/wp\/v2\/comments?post=10592"}],"wp:featuredmedia":[{"embeddable":true,"href":"https:\/\/chibolita.es\/index.php\/wp-json\/wp\/v2\/media\/10593"}],"wp:attachment":[{"href":"https:\/\/chibolita.es\/index.php\/wp-json\/wp\/v2\/media?parent=10592"}],"wp:term":[{"taxonomy":"product_brand","embeddable":true,"href":"https:\/\/chibolita.es\/index.php\/wp-json\/wp\/v2\/product_brand?post=10592"},{"taxonomy":"product_cat","embeddable":true,"href":"https:\/\/chibolita.es\/index.php\/wp-json\/wp\/v2\/product_cat?post=10592"},{"taxonomy":"product_tag","embeddable":true,"href":"https:\/\/chibolita.es\/index.php\/wp-json\/wp\/v2\/product_tag?post=10592"}],"curies":[{"name":"wp","href":"https:\/\/api.w.org\/{rel}","templated":true}]}}