{"id":10586,"date":"2026-04-18T09:39:31","date_gmt":"2026-04-18T09:39:31","guid":{"rendered":"https:\/\/chibolita.es\/?post_type=product&#038;p=10586"},"modified":"2026-04-18T09:39:31","modified_gmt":"2026-04-18T09:39:31","slug":"vigour-800-gold-u-s-a-4-botellas","status":"publish","type":"product","link":"https:\/\/chibolita.es\/index.php\/product\/vigour-800-gold-u-s-a-4-botellas\/","title":{"rendered":"VIGOUR 800 GOLD \u2013 U.S.A \u2013 4 BOTELLAS"},"content":{"rendered":"<p><span dir=\"auto\">Vigour 800mg Gold es el sustituto natural de la conocida pastilla azul, con mayor eficacia y un efecto m\u00e1s r\u00e1pido, y siendo, adem\u00e1s de estimulante, tambi\u00e9n un afrodis\u00edaco, extra\u00eddo de diversas plantas y sometido a un riguroso proceso de fabricaci\u00f3n.<\/span><\/p>\n<p><span dir=\"auto\">Se utiliza para mejorar los s\u00edntomas de la disfunci\u00f3n er\u00e9ctil y prolongar las relaciones sexuales.<\/span><\/p>\n<p><span dir=\"auto\">100% natural, altamente concentrado y de acci\u00f3n r\u00e1pida: no contiene productos qu\u00edmicos ni medicamentos en su composici\u00f3n.<\/span><\/p>\n<h4><span dir=\"auto\">\u00bfPara qu\u00e9 se utiliza Vigour 800mg Gold?<\/span><\/h4>\n<ul>\n<li><span dir=\"auto\">Permite una erecci\u00f3n r\u00e1pida y constante.<\/span><\/li>\n<li><span dir=\"auto\">Mejora el rendimiento y el deseo sexual.<\/span><\/li>\n<li><span dir=\"auto\">Reduce la fatiga sexual, lo que facilita un mayor n\u00famero de eyaculaciones.<\/span><\/li>\n<li><span dir=\"auto\">Retrasa la fase de eyaculaci\u00f3n.<\/span><\/li>\n<li><span dir=\"auto\">Activa la funci\u00f3n renal.<\/span><\/li>\n<li><span dir=\"auto\">Aumenta la secreci\u00f3n testicular.<\/span><\/li>\n<li><span dir=\"auto\">Ayuda a prevenir enfermedades de la pr\u00f3stata y otras similares.<\/span><\/li>\n<\/ul>\n<h4><span dir=\"auto\">administraci\u00f3n y dosificaci\u00f3n<\/span><\/h4>\n<p><span dir=\"auto\">Tome una tableta de 10 a 30 minutos antes de la relaci\u00f3n sexual (su efecto dura 72 horas).<\/span><\/p>\n<h4><span dir=\"auto\">\u00bfTiene Vigor 800 mg efectos secundarios?<\/span><\/h4>\n<p><span dir=\"auto\">Vigour 800 mg puede, en casos excepcionales, causar efectos secundarios como dolor de cabeza, malestar estomacal, secreci\u00f3n nasal o sensaci\u00f3n de calor en la cara o el cuerpo. Estos efectos secundarios desaparecer\u00e1n en pocas horas una vez que cese la estimulaci\u00f3n sexual. Si experimenta alg\u00fan efecto secundario que le resulte molesto durante un tiempo prolongado, le recomendamos que consulte a su m\u00e9dico.<\/span><\/p>\n<h4><span dir=\"auto\">\u00bfPuedo tomar Vigour 800 mg con bebidas alcoh\u00f3licas?<\/span><\/h4>\n<p><span dir=\"auto\">S\u00ed, es posible. Sin embargo, mezclar alcohol con Vigour 800 mg puede impedirle lograr una erecci\u00f3n efectiva. Para obtener mejores resultados, no consuma grandes cantidades de alcohol antes ni durante el tratamiento con Vigour 800 mg.<\/span><\/p>\n<p><span dir=\"auto\">Avisos<\/span><\/p>\n<p><span dir=\"auto\">No exceda la dosis diaria recomendada.<\/span><\/p>\n<p><span dir=\"auto\">Los complementos alimenticios no deben considerarse un sustituto de una dieta variada.<\/span><\/p>\n<p><span dir=\"auto\">Los resultados pueden variar de una persona a otra.<\/span><\/p>\n<p><span dir=\"auto\">Conservar en un lugar fresco y alejado de la luz solar.<\/span><\/p>\n<p><span dir=\"auto\">Mantener fuera del alcance de los ni\u00f1os.<\/span><\/p>\n<p><span dir=\"auto\">4 botellas de Vigour 800 Gold<\/span><\/p>\n","protected":false},"excerpt":{"rendered":"<p>Vigour 800mg Gold es el sustituto natural de la conocida pastilla azul, con mayor eficacia y un efecto m\u00e1s r\u00e1pido, y siendo, adem\u00e1s de estimulante, tambi\u00e9n un afrodis\u00edaco, extra\u00eddo de diversas plantas y sometido a un riguroso proceso de fabricaci\u00f3n. Se utiliza para mejorar los s\u00edntomas de la disfunci\u00f3n er\u00e9ctil y prolongar las relaciones sexuales. [&hellip;]<\/p>\n","protected":false},"featured_media":10587,"comment_status":"open","ping_status":"closed","template":"","meta":{"_eb_attr":"","site-sidebar-layout":"default","site-content-layout":"","ast-site-content-layout":"default","site-content-style":"default","site-sidebar-style":"default","ast-global-header-display":"","ast-banner-title-visibility":"","ast-main-header-display":"","ast-hfb-above-header-display":"","ast-hfb-below-header-display":"","ast-hfb-mobile-header-display":"","site-post-title":"","ast-breadcrumbs-content":"","ast-featured-img":"","footer-sml-layout":"","ast-disable-related-posts":"","theme-transparent-header-meta":"default","adv-header-id-meta":"","stick-header-meta":"","header-above-stick-meta":"","header-main-stick-meta":"","header-below-stick-meta":"","astra-migrate-meta-layouts":"set","ast-page-background-enabled":"default","ast-page-background-meta":{"desktop":{"background-color":"var(--ast-global-color-4)","background-image":"","background-repeat":"repeat","background-position":"center center","background-size":"auto","background-attachment":"scroll","background-type":"","background-media":"","overlay-type":"","overlay-color":"","overlay-opacity":"","overlay-gradient":""},"tablet":{"background-color":"","background-image":"","background-repeat":"repeat","background-position":"center center","background-size":"auto","background-attachment":"scroll","background-type":"","background-media":"","overlay-type":"","overlay-color":"","overlay-opacity":"","overlay-gradient":""},"mobile":{"background-color":"","background-image":"","background-repeat":"repeat","background-position":"center center","background-size":"auto","background-attachment":"scroll","background-type":"","background-media":"","overlay-type":"","overlay-color":"","overlay-opacity":"","overlay-gradient":""}},"ast-content-background-meta":{"desktop":{"background-color":"var(--ast-global-color-5)","background-image":"","background-repeat":"repeat","background-position":"center center","background-size":"auto","background-attachment":"scroll","background-type":"","background-media":"","overlay-type":"","overlay-color":"","overlay-opacity":"","overlay-gradient":""},"tablet":{"background-color":"var(--ast-global-color-5)","background-image":"","background-repeat":"repeat","background-position":"center center","background-size":"auto","background-attachment":"scroll","background-type":"","background-media":"","overlay-type":"","overlay-color":"","overlay-opacity":"","overlay-gradient":""},"mobile":{"background-color":"var(--ast-global-color-5)","background-image":"","background-repeat":"repeat","background-position":"center center","background-size":"auto","background-attachment":"scroll","background-type":"","background-media":"","overlay-type":"","overlay-color":"","overlay-opacity":"","overlay-gradient":""}}},"product_brand":[],"product_cat":[230,250,232,238],"product_tag":[],"class_list":{"0":"post-10586","1":"product","2":"type-product","3":"status-publish","4":"has-post-thumbnail","6":"product_cat-farmacia","7":"product_cat-marca-vigour","8":"product_cat-super-ahorros","9":"product_cat-todos-los-afrodisiacos-para-hombres","10":"desktop-align-left","11":"tablet-align-left","12":"mobile-align-left","14":"first","15":"instock","16":"shipping-taxable","17":"purchasable","18":"product-type-simple"},"_links":{"self":[{"href":"https:\/\/chibolita.es\/index.php\/wp-json\/wp\/v2\/product\/10586","targetHints":{"allow":["GET"]}}],"collection":[{"href":"https:\/\/chibolita.es\/index.php\/wp-json\/wp\/v2\/product"}],"about":[{"href":"https:\/\/chibolita.es\/index.php\/wp-json\/wp\/v2\/types\/product"}],"replies":[{"embeddable":true,"href":"https:\/\/chibolita.es\/index.php\/wp-json\/wp\/v2\/comments?post=10586"}],"wp:featuredmedia":[{"embeddable":true,"href":"https:\/\/chibolita.es\/index.php\/wp-json\/wp\/v2\/media\/10587"}],"wp:attachment":[{"href":"https:\/\/chibolita.es\/index.php\/wp-json\/wp\/v2\/media?parent=10586"}],"wp:term":[{"taxonomy":"product_brand","embeddable":true,"href":"https:\/\/chibolita.es\/index.php\/wp-json\/wp\/v2\/product_brand?post=10586"},{"taxonomy":"product_cat","embeddable":true,"href":"https:\/\/chibolita.es\/index.php\/wp-json\/wp\/v2\/product_cat?post=10586"},{"taxonomy":"product_tag","embeddable":true,"href":"https:\/\/chibolita.es\/index.php\/wp-json\/wp\/v2\/product_tag?post=10586"}],"curies":[{"name":"wp","href":"https:\/\/api.w.org\/{rel}","templated":true}]}}