{"id":10585,"date":"2026-04-18T09:29:24","date_gmt":"2026-04-18T09:29:24","guid":{"rendered":"https:\/\/chibolita.es\/?post_type=product&#038;p=10585"},"modified":"2026-04-18T09:30:56","modified_gmt":"2026-04-18T09:30:56","slug":"tadaga-super-60-mg-50-pastillas","status":"publish","type":"product","link":"https:\/\/chibolita.es\/index.php\/product\/tadaga-super-60-mg-50-pastillas\/","title":{"rendered":"Tadaga Super 60 Mg \u2013  50 Pastillas"},"content":{"rendered":"<div><span dir=\"auto\">Tadaga Super viene en un paquete de 10 comprimidos y tiene una f\u00f3rmula de acci\u00f3n r\u00e1pida.<\/span><\/div>\n<div><\/div>\n<div><span dir=\"auto\">Empieza a hacer efecto 30 minutos despu\u00e9s de su consumo, proporcionando erecciones incre\u00edblemente mejores que duran desde medio d\u00eda hasta un d\u00eda completo.<\/span><\/div>\n<div><\/div>\n<div><span dir=\"auto\">\u00a0 \u00a0Si padece alguna enfermedad, consulte a su m\u00e9dico o profesional sanitario antes de tomarlo.<\/span><\/div>\n<div><\/div>\n<div><span dir=\"auto\">Tadaga es m\u00e1s eficaz si se consume 60 minutos antes de la relaci\u00f3n sexual.<\/span><\/div>\n<div><\/div>\n<div><span dir=\"auto\">Es recomendable evitar las bebidas alcoh\u00f3licas y los alimentos grasos si se desea prolongar la eficacia del producto.<\/span><\/div>\n<div><\/div>\n<div><span dir=\"auto\">Consumir el producto con el est\u00f3mago vac\u00edo ayuda a conseguir un resultado m\u00e1s eficaz, es decir, antes de las comidas o despu\u00e9s de la digesti\u00f3n.<\/span><\/div>\n<div><\/div>\n<div><span dir=\"auto\">un total de 50 comprimidos<\/span><\/div>\n","protected":false},"excerpt":{"rendered":"<p>Tadaga Super viene en un paquete de 10 comprimidos y tiene una f\u00f3rmula de acci\u00f3n r\u00e1pida. Empieza a hacer efecto 30 minutos despu\u00e9s de su consumo, proporcionando erecciones incre\u00edblemente mejores que duran desde medio d\u00eda hasta un d\u00eda completo. \u00a0 \u00a0Si padece alguna enfermedad, consulte a su m\u00e9dico o profesional sanitario antes de tomarlo. Tadaga [&hellip;]<\/p>\n","protected":false},"featured_media":10584,"comment_status":"open","ping_status":"closed","template":"","meta":{"_eb_attr":"","site-sidebar-layout":"default","site-content-layout":"","ast-site-content-layout":"default","site-content-style":"default","site-sidebar-style":"default","ast-global-header-display":"","ast-banner-title-visibility":"","ast-main-header-display":"","ast-hfb-above-header-display":"","ast-hfb-below-header-display":"","ast-hfb-mobile-header-display":"","site-post-title":"","ast-breadcrumbs-content":"","ast-featured-img":"","footer-sml-layout":"","ast-disable-related-posts":"","theme-transparent-header-meta":"default","adv-header-id-meta":"","stick-header-meta":"","header-above-stick-meta":"","header-main-stick-meta":"","header-below-stick-meta":"","astra-migrate-meta-layouts":"set","ast-page-background-enabled":"default","ast-page-background-meta":{"desktop":{"background-color":"var(--ast-global-color-4)","background-image":"","background-repeat":"repeat","background-position":"center center","background-size":"auto","background-attachment":"scroll","background-type":"","background-media":"","overlay-type":"","overlay-color":"","overlay-opacity":"","overlay-gradient":""},"tablet":{"background-color":"","background-image":"","background-repeat":"repeat","background-position":"center center","background-size":"auto","background-attachment":"scroll","background-type":"","background-media":"","overlay-type":"","overlay-color":"","overlay-opacity":"","overlay-gradient":""},"mobile":{"background-color":"","background-image":"","background-repeat":"repeat","background-position":"center center","background-size":"auto","background-attachment":"scroll","background-type":"","background-media":"","overlay-type":"","overlay-color":"","overlay-opacity":"","overlay-gradient":""}},"ast-content-background-meta":{"desktop":{"background-color":"var(--ast-global-color-5)","background-image":"","background-repeat":"repeat","background-position":"center center","background-size":"auto","background-attachment":"scroll","background-type":"","background-media":"","overlay-type":"","overlay-color":"","overlay-opacity":"","overlay-gradient":""},"tablet":{"background-color":"var(--ast-global-color-5)","background-image":"","background-repeat":"repeat","background-position":"center center","background-size":"auto","background-attachment":"scroll","background-type":"","background-media":"","overlay-type":"","overlay-color":"","overlay-opacity":"","overlay-gradient":""},"mobile":{"background-color":"var(--ast-global-color-5)","background-image":"","background-repeat":"repeat","background-position":"center center","background-size":"auto","background-attachment":"scroll","background-type":"","background-media":"","overlay-type":"","overlay-color":"","overlay-opacity":"","overlay-gradient":""}}},"product_brand":[],"product_cat":[230,232,312,238],"product_tag":[],"class_list":{"0":"post-10585","1":"product","2":"type-product","3":"status-publish","4":"has-post-thumbnail","6":"product_cat-farmacia","7":"product_cat-super-ahorros","8":"product_cat-tadalafilo","9":"product_cat-todos-los-afrodisiacos-para-hombres","10":"desktop-align-left","11":"tablet-align-left","12":"mobile-align-left","14":"first","15":"instock","16":"shipping-taxable","17":"purchasable","18":"product-type-simple"},"_links":{"self":[{"href":"https:\/\/chibolita.es\/index.php\/wp-json\/wp\/v2\/product\/10585","targetHints":{"allow":["GET"]}}],"collection":[{"href":"https:\/\/chibolita.es\/index.php\/wp-json\/wp\/v2\/product"}],"about":[{"href":"https:\/\/chibolita.es\/index.php\/wp-json\/wp\/v2\/types\/product"}],"replies":[{"embeddable":true,"href":"https:\/\/chibolita.es\/index.php\/wp-json\/wp\/v2\/comments?post=10585"}],"wp:featuredmedia":[{"embeddable":true,"href":"https:\/\/chibolita.es\/index.php\/wp-json\/wp\/v2\/media\/10584"}],"wp:attachment":[{"href":"https:\/\/chibolita.es\/index.php\/wp-json\/wp\/v2\/media?parent=10585"}],"wp:term":[{"taxonomy":"product_brand","embeddable":true,"href":"https:\/\/chibolita.es\/index.php\/wp-json\/wp\/v2\/product_brand?post=10585"},{"taxonomy":"product_cat","embeddable":true,"href":"https:\/\/chibolita.es\/index.php\/wp-json\/wp\/v2\/product_cat?post=10585"},{"taxonomy":"product_tag","embeddable":true,"href":"https:\/\/chibolita.es\/index.php\/wp-json\/wp\/v2\/product_tag?post=10585"}],"curies":[{"name":"wp","href":"https:\/\/api.w.org\/{rel}","templated":true}]}}