{"id":10414,"date":"2026-02-10T10:43:15","date_gmt":"2026-02-10T10:43:15","guid":{"rendered":"https:\/\/chibolita.es\/?post_type=product&#038;p=10414"},"modified":"2026-02-10T10:43:15","modified_gmt":"2026-02-10T10:43:15","slug":"passion-woman-bs088-bodystocking-negro-talla-unica","status":"publish","type":"product","link":"https:\/\/chibolita.es\/index.php\/product\/passion-woman-bs088-bodystocking-negro-talla-unica\/","title":{"rendered":"PASSION &#8211; WOMAN BS088 BODYSTOCKING NEGRO TALLA \u00daNICA"},"content":{"rendered":"<p>Fabuloso teddy en\u00a0cuerpo en red\u00a0con con un dise\u00f1o espectacularmente sexy. Sus sexys\u00a0encajes y\u00a0transparencias te har\u00e1n completamente irresistible. Fabricado por la prestigiosa marca de lencer\u00eda sexy Passion.<\/p>\n<ul>\n<li>Modelo BS088<\/li>\n<li>Sensual teddy en cuerpo de red<\/li>\n<li>Sexys encajes y transparencias<\/li>\n<li>Espectacular dise\u00f1o<\/li>\n<li>Material el\u00e1stico. Se adapta al cuerpo<\/li>\n<li>Composici\u00f3n: 80% poliamida \/ 20% el\u00e1stano<\/li>\n<li>Talla \u00danica<\/li>\n<\/ul>\n<p>Passion es lenceria fabricada en la Union Europea con estrictos controles de calidad, cuidando el maximo detalle tanto en la fabricacion como en sus elementos decorativos, pensado para el mundo actual, personas dinamicas con ganas de innovar y sentirse siempre al dia.<\/p>\n","protected":false},"excerpt":{"rendered":"<p>Fabuloso teddy en\u00a0cuerpo en red\u00a0con con un dise\u00f1o espectacularmente sexy. Sus sexys\u00a0encajes y\u00a0transparencias te har\u00e1n completamente irresistible. Fabricado por la prestigiosa marca de lencer\u00eda sexy Passion. Modelo BS088 Sensual teddy en cuerpo de red Sexys encajes y transparencias Espectacular dise\u00f1o Material el\u00e1stico. Se adapta al cuerpo Composici\u00f3n: 80% poliamida \/ 20% el\u00e1stano Talla \u00danica Passion [&hellip;]<\/p>\n","protected":false},"featured_media":10416,"comment_status":"open","ping_status":"closed","template":"","meta":{"_eb_attr":"","site-sidebar-layout":"default","site-content-layout":"","ast-site-content-layout":"default","site-content-style":"default","site-sidebar-style":"default","ast-global-header-display":"","ast-banner-title-visibility":"","ast-main-header-display":"","ast-hfb-above-header-display":"","ast-hfb-below-header-display":"","ast-hfb-mobile-header-display":"","site-post-title":"","ast-breadcrumbs-content":"","ast-featured-img":"","footer-sml-layout":"","ast-disable-related-posts":"","theme-transparent-header-meta":"default","adv-header-id-meta":"","stick-header-meta":"","header-above-stick-meta":"","header-main-stick-meta":"","header-below-stick-meta":"","astra-migrate-meta-layouts":"set","ast-page-background-enabled":"default","ast-page-background-meta":{"desktop":{"background-color":"var(--ast-global-color-4)","background-image":"","background-repeat":"repeat","background-position":"center center","background-size":"auto","background-attachment":"scroll","background-type":"","background-media":"","overlay-type":"","overlay-color":"","overlay-opacity":"","overlay-gradient":""},"tablet":{"background-color":"","background-image":"","background-repeat":"repeat","background-position":"center center","background-size":"auto","background-attachment":"scroll","background-type":"","background-media":"","overlay-type":"","overlay-color":"","overlay-opacity":"","overlay-gradient":""},"mobile":{"background-color":"","background-image":"","background-repeat":"repeat","background-position":"center center","background-size":"auto","background-attachment":"scroll","background-type":"","background-media":"","overlay-type":"","overlay-color":"","overlay-opacity":"","overlay-gradient":""}},"ast-content-background-meta":{"desktop":{"background-color":"var(--ast-global-color-5)","background-image":"","background-repeat":"repeat","background-position":"center center","background-size":"auto","background-attachment":"scroll","background-type":"","background-media":"","overlay-type":"","overlay-color":"","overlay-opacity":"","overlay-gradient":""},"tablet":{"background-color":"var(--ast-global-color-5)","background-image":"","background-repeat":"repeat","background-position":"center center","background-size":"auto","background-attachment":"scroll","background-type":"","background-media":"","overlay-type":"","overlay-color":"","overlay-opacity":"","overlay-gradient":""},"mobile":{"background-color":"var(--ast-global-color-5)","background-image":"","background-repeat":"repeat","background-position":"center center","background-size":"auto","background-attachment":"scroll","background-type":"","background-media":"","overlay-type":"","overlay-color":"","overlay-opacity":"","overlay-gradient":""}}},"product_brand":[],"product_cat":[287,289,285],"product_tag":[],"class_list":{"0":"post-10414","1":"product","2":"type-product","3":"status-publish","4":"has-post-thumbnail","6":"product_cat-babydoll","7":"product_cat-conjuntos-varias-piezas","8":"product_cat-lenceria","9":"desktop-align-left","10":"tablet-align-left","11":"mobile-align-left","13":"first","14":"instock","15":"shipping-taxable","16":"purchasable","17":"product-type-simple"},"_links":{"self":[{"href":"https:\/\/chibolita.es\/index.php\/wp-json\/wp\/v2\/product\/10414","targetHints":{"allow":["GET"]}}],"collection":[{"href":"https:\/\/chibolita.es\/index.php\/wp-json\/wp\/v2\/product"}],"about":[{"href":"https:\/\/chibolita.es\/index.php\/wp-json\/wp\/v2\/types\/product"}],"replies":[{"embeddable":true,"href":"https:\/\/chibolita.es\/index.php\/wp-json\/wp\/v2\/comments?post=10414"}],"wp:featuredmedia":[{"embeddable":true,"href":"https:\/\/chibolita.es\/index.php\/wp-json\/wp\/v2\/media\/10416"}],"wp:attachment":[{"href":"https:\/\/chibolita.es\/index.php\/wp-json\/wp\/v2\/media?parent=10414"}],"wp:term":[{"taxonomy":"product_brand","embeddable":true,"href":"https:\/\/chibolita.es\/index.php\/wp-json\/wp\/v2\/product_brand?post=10414"},{"taxonomy":"product_cat","embeddable":true,"href":"https:\/\/chibolita.es\/index.php\/wp-json\/wp\/v2\/product_cat?post=10414"},{"taxonomy":"product_tag","embeddable":true,"href":"https:\/\/chibolita.es\/index.php\/wp-json\/wp\/v2\/product_tag?post=10414"}],"curies":[{"name":"wp","href":"https:\/\/api.w.org\/{rel}","templated":true}]}}