{"id":10349,"date":"2026-01-18T19:35:49","date_gmt":"2026-01-18T19:35:49","guid":{"rendered":"https:\/\/chibolita.es\/?post_type=product&#038;p=10349"},"modified":"2026-04-14T07:56:59","modified_gmt":"2026-04-14T07:56:59","slug":"satisfyer-dreamy-sheep-vibrador-estimulador-air-pulse","status":"publish","type":"product","link":"https:\/\/chibolita.es\/index.php\/product\/satisfyer-dreamy-sheep-vibrador-estimulador-air-pulse\/","title":{"rendered":"SATISFYER &#8211; DREAMY SHEEP VIBRADOR &#038; ESTIMULADOR AIR PULSE"},"content":{"rendered":"<p>\u00bfHora de contar ovejas? \u00a1Con este no! El adorable Satisfyer Dreamy Sheep te mantendr\u00e1 despierto: combina sensuales pulsaciones de aire con potentes vibraciones para una estimulaci\u00f3n del cl\u00edtoris profundamente satisfactoria que no te dejar\u00e1 dormir.<\/p>\n<ul>\n<li>Estimulaci\u00f3n del cl\u00edtoris mediante ondas de presi\u00f3n y vibraci\u00f3n.<\/li>\n<li>Silicona amigable con el cuerpo<\/li>\n<li>Resistente al agua (IPX7)<\/li>\n<li>11 intensidades de ondas de pulso de aire + 13 programas de vibraci\u00f3n<\/li>\n<li>2 motores controlables individualmente<\/li>\n<li>Modo susurro<\/li>\n<li>F\u00e1cil de limpiar<\/li>\n<li>Recargable (USB-C)<\/li>\n<li>Bater\u00eda de iones de litio<\/li>\n<\/ul>\n<p><strong>Vibrador Sweet Air Pulse: Satisfyer Dreamy Sheep<\/strong><\/p>\n<p>Con Dreamy Sheep, obtienes un juguete compacto y con un dise\u00f1o encantador que no solo es discreto y adorable, sino que tambi\u00e9n cumple con lo que realmente necesitas. Gracias a su dise\u00f1o reconfortante y a la combinaci\u00f3n de pulso de aire y vibraci\u00f3n de contacto, esta ovejita es ideal para quienes se inician en los juguetes er\u00f3ticos o est\u00e1n empezando a explorar. Dreamy Sheep ofrece 11 niveles de intensidad de pulso de aire que se pueden combinar con 13 programas de vibraci\u00f3n, para que puedas adaptar la estimulaci\u00f3n a tus preferencias, ya sea que prefieras un comienzo suave o quieras dar el salto a sensaciones intensas.<\/p>\n<p><strong>Satisfyer Dreamy Sheep \u2013 Estimulaci\u00f3n suave del cl\u00edtoris<\/strong><\/p>\n<p>La abertura del vibrador rodea suavemente tu cl\u00edtoris sin contacto directo, brindando sensaciones placenteras mediante suaves pulsos de aire, con o sin vibraci\u00f3n adicional. Puedes recargar f\u00e1cilmente tu nuevo juguete favorito mediante el puerto USB-C. La lana del Dreamy Sheep est\u00e1 hecha de silicona inocua para el cuerpo y f\u00e1cil de limpiar. Y esta ovejita tampoco le teme al agua: gracias a su acabado impermeable IPX7, est\u00e1 lista para acompa\u00f1arte en la ducha o el ba\u00f1o. Descubre el Satisfyer Dreamy Sheep, un suave vibrador de pulsos de aire para quienes desean disfrutar de dulces sue\u00f1os con solo tocar un bot\u00f3n.<\/p>\n","protected":false},"excerpt":{"rendered":"<p>\u00bfHora de contar ovejas? \u00a1Con este no! El adorable Satisfyer Dreamy Sheep te mantendr\u00e1 despierto: combina sensuales pulsaciones de aire con potentes vibraciones para una estimulaci\u00f3n del cl\u00edtoris profundamente satisfactoria que no te dejar\u00e1 dormir. Estimulaci\u00f3n del cl\u00edtoris mediante ondas de presi\u00f3n y vibraci\u00f3n. Silicona amigable con el cuerpo Resistente al agua (IPX7) 11 intensidades [&hellip;]<\/p>\n","protected":false},"featured_media":10351,"comment_status":"open","ping_status":"closed","template":"","meta":{"_eb_attr":"","site-sidebar-layout":"default","site-content-layout":"","ast-site-content-layout":"default","site-content-style":"default","site-sidebar-style":"default","ast-global-header-display":"","ast-banner-title-visibility":"","ast-main-header-display":"","ast-hfb-above-header-display":"","ast-hfb-below-header-display":"","ast-hfb-mobile-header-display":"","site-post-title":"","ast-breadcrumbs-content":"","ast-featured-img":"","footer-sml-layout":"","ast-disable-related-posts":"","theme-transparent-header-meta":"default","adv-header-id-meta":"","stick-header-meta":"","header-above-stick-meta":"","header-main-stick-meta":"","header-below-stick-meta":"","astra-migrate-meta-layouts":"set","ast-page-background-enabled":"default","ast-page-background-meta":{"desktop":{"background-color":"var(--ast-global-color-4)","background-image":"","background-repeat":"repeat","background-position":"center center","background-size":"auto","background-attachment":"scroll","background-type":"","background-media":"","overlay-type":"","overlay-color":"","overlay-opacity":"","overlay-gradient":""},"tablet":{"background-color":"","background-image":"","background-repeat":"repeat","background-position":"center center","background-size":"auto","background-attachment":"scroll","background-type":"","background-media":"","overlay-type":"","overlay-color":"","overlay-opacity":"","overlay-gradient":""},"mobile":{"background-color":"","background-image":"","background-repeat":"repeat","background-position":"center center","background-size":"auto","background-attachment":"scroll","background-type":"","background-media":"","overlay-type":"","overlay-color":"","overlay-opacity":"","overlay-gradient":""}},"ast-content-background-meta":{"desktop":{"background-color":"var(--ast-global-color-5)","background-image":"","background-repeat":"repeat","background-position":"center center","background-size":"auto","background-attachment":"scroll","background-type":"","background-media":"","overlay-type":"","overlay-color":"","overlay-opacity":"","overlay-gradient":""},"tablet":{"background-color":"var(--ast-global-color-5)","background-image":"","background-repeat":"repeat","background-position":"center center","background-size":"auto","background-attachment":"scroll","background-type":"","background-media":"","overlay-type":"","overlay-color":"","overlay-opacity":"","overlay-gradient":""},"mobile":{"background-color":"var(--ast-global-color-5)","background-image":"","background-repeat":"repeat","background-position":"center center","background-size":"auto","background-attachment":"scroll","background-type":"","background-media":"","overlay-type":"","overlay-color":"","overlay-opacity":"","overlay-gradient":""}}},"product_brand":[],"product_cat":[260,262,263],"product_tag":[],"class_list":{"0":"post-10349","1":"product","2":"type-product","3":"status-publish","4":"has-post-thumbnail","6":"product_cat-dildos-y-vibradores","7":"product_cat-vibradores","8":"product_cat-vibradores-lay-on-clitoris","9":"desktop-align-left","10":"tablet-align-left","11":"mobile-align-left","13":"first","14":"instock","15":"sale","16":"shipping-taxable","17":"purchasable","18":"product-type-simple"},"_links":{"self":[{"href":"https:\/\/chibolita.es\/index.php\/wp-json\/wp\/v2\/product\/10349","targetHints":{"allow":["GET"]}}],"collection":[{"href":"https:\/\/chibolita.es\/index.php\/wp-json\/wp\/v2\/product"}],"about":[{"href":"https:\/\/chibolita.es\/index.php\/wp-json\/wp\/v2\/types\/product"}],"replies":[{"embeddable":true,"href":"https:\/\/chibolita.es\/index.php\/wp-json\/wp\/v2\/comments?post=10349"}],"wp:featuredmedia":[{"embeddable":true,"href":"https:\/\/chibolita.es\/index.php\/wp-json\/wp\/v2\/media\/10351"}],"wp:attachment":[{"href":"https:\/\/chibolita.es\/index.php\/wp-json\/wp\/v2\/media?parent=10349"}],"wp:term":[{"taxonomy":"product_brand","embeddable":true,"href":"https:\/\/chibolita.es\/index.php\/wp-json\/wp\/v2\/product_brand?post=10349"},{"taxonomy":"product_cat","embeddable":true,"href":"https:\/\/chibolita.es\/index.php\/wp-json\/wp\/v2\/product_cat?post=10349"},{"taxonomy":"product_tag","embeddable":true,"href":"https:\/\/chibolita.es\/index.php\/wp-json\/wp\/v2\/product_tag?post=10349"}],"curies":[{"name":"wp","href":"https:\/\/api.w.org\/{rel}","templated":true}]}}