{"id":10276,"date":"2025-12-26T15:29:13","date_gmt":"2025-12-26T15:29:13","guid":{"rendered":"https:\/\/chibolita.es\/?post_type=product&#038;p=10276"},"modified":"2025-12-26T15:31:21","modified_gmt":"2025-12-26T15:31:21","slug":"carefil-80-black-10-comprimidos","status":"publish","type":"product","link":"https:\/\/chibolita.es\/index.php\/product\/carefil-80-black-10-comprimidos\/","title":{"rendered":"Carefil 80 Black \u2013 10 comprimidos"},"content":{"rendered":"<p>Carefill 80 Black act\u00faa neutralizando una enzima, el GMPc, lo que provoca la relajaci\u00f3n y expansi\u00f3n de las paredes de los vasos sangu\u00edneos y un mayor flujo sangu\u00edneo al pene.<\/p>\n<p>\u00bfC\u00f3mo usar Carefill?<\/p>\n<p>Carefill no debe tomarse m\u00e1s de una vez al d\u00eda. Las dosis diarias var\u00edan de 20 mg a 80 mg. La dosis indicada var\u00eda seg\u00fan los indicadores de salud y las necesidades personales.<\/p>\n<p>Carefill debe tomarse al menos 45 minutos antes de la actividad sexual. El producto es efectivo hasta 36 horas despu\u00e9s de su consumo, lo que le permite tener una erecci\u00f3n normal durante este per\u00edodo.<\/p>\n<p>Presentaci\u00f3n: Caja con 10 bl\u00edsteres de 10 comprimidos de acci\u00f3n r\u00e1pida.<\/p>\n<p>Las erecciones solo se producen si hay excitaci\u00f3n sexual.<\/p>\n","protected":false},"excerpt":{"rendered":"<p>Carefill 80 Black act\u00faa neutralizando una enzima, el GMPc, lo que provoca la relajaci\u00f3n y expansi\u00f3n de las paredes de los vasos sangu\u00edneos y un mayor flujo sangu\u00edneo al pene. \u00bfC\u00f3mo usar Carefill? Carefill no debe tomarse m\u00e1s de una vez al d\u00eda. Las dosis diarias var\u00edan de 20 mg a 80 mg. La dosis [&hellip;]<\/p>\n","protected":false},"featured_media":10277,"comment_status":"open","ping_status":"closed","template":"","meta":{"_eb_attr":"","site-sidebar-layout":"default","site-content-layout":"","ast-site-content-layout":"default","site-content-style":"default","site-sidebar-style":"default","ast-global-header-display":"","ast-banner-title-visibility":"","ast-main-header-display":"","ast-hfb-above-header-display":"","ast-hfb-below-header-display":"","ast-hfb-mobile-header-display":"","site-post-title":"","ast-breadcrumbs-content":"","ast-featured-img":"","footer-sml-layout":"","ast-disable-related-posts":"","theme-transparent-header-meta":"default","adv-header-id-meta":"","stick-header-meta":"","header-above-stick-meta":"","header-main-stick-meta":"","header-below-stick-meta":"","astra-migrate-meta-layouts":"set","ast-page-background-enabled":"default","ast-page-background-meta":{"desktop":{"background-color":"var(--ast-global-color-4)","background-image":"","background-repeat":"repeat","background-position":"center center","background-size":"auto","background-attachment":"scroll","background-type":"","background-media":"","overlay-type":"","overlay-color":"","overlay-opacity":"","overlay-gradient":""},"tablet":{"background-color":"","background-image":"","background-repeat":"repeat","background-position":"center center","background-size":"auto","background-attachment":"scroll","background-type":"","background-media":"","overlay-type":"","overlay-color":"","overlay-opacity":"","overlay-gradient":""},"mobile":{"background-color":"","background-image":"","background-repeat":"repeat","background-position":"center center","background-size":"auto","background-attachment":"scroll","background-type":"","background-media":"","overlay-type":"","overlay-color":"","overlay-opacity":"","overlay-gradient":""}},"ast-content-background-meta":{"desktop":{"background-color":"var(--ast-global-color-5)","background-image":"","background-repeat":"repeat","background-position":"center center","background-size":"auto","background-attachment":"scroll","background-type":"","background-media":"","overlay-type":"","overlay-color":"","overlay-opacity":"","overlay-gradient":""},"tablet":{"background-color":"var(--ast-global-color-5)","background-image":"","background-repeat":"repeat","background-position":"center center","background-size":"auto","background-attachment":"scroll","background-type":"","background-media":"","overlay-type":"","overlay-color":"","overlay-opacity":"","overlay-gradient":""},"mobile":{"background-color":"var(--ast-global-color-5)","background-image":"","background-repeat":"repeat","background-position":"center center","background-size":"auto","background-attachment":"scroll","background-type":"","background-media":"","overlay-type":"","overlay-color":"","overlay-opacity":"","overlay-gradient":""}}},"product_brand":[],"product_cat":[230,312,238],"product_tag":[],"class_list":{"0":"post-10276","1":"product","2":"type-product","3":"status-publish","4":"has-post-thumbnail","6":"product_cat-farmacia","7":"product_cat-tadalafilo","8":"product_cat-todos-los-afrodisiacos-para-hombres","9":"desktop-align-left","10":"tablet-align-left","11":"mobile-align-left","13":"first","14":"instock","15":"shipping-taxable","16":"purchasable","17":"product-type-simple"},"_links":{"self":[{"href":"https:\/\/chibolita.es\/index.php\/wp-json\/wp\/v2\/product\/10276","targetHints":{"allow":["GET"]}}],"collection":[{"href":"https:\/\/chibolita.es\/index.php\/wp-json\/wp\/v2\/product"}],"about":[{"href":"https:\/\/chibolita.es\/index.php\/wp-json\/wp\/v2\/types\/product"}],"replies":[{"embeddable":true,"href":"https:\/\/chibolita.es\/index.php\/wp-json\/wp\/v2\/comments?post=10276"}],"wp:featuredmedia":[{"embeddable":true,"href":"https:\/\/chibolita.es\/index.php\/wp-json\/wp\/v2\/media\/10277"}],"wp:attachment":[{"href":"https:\/\/chibolita.es\/index.php\/wp-json\/wp\/v2\/media?parent=10276"}],"wp:term":[{"taxonomy":"product_brand","embeddable":true,"href":"https:\/\/chibolita.es\/index.php\/wp-json\/wp\/v2\/product_brand?post=10276"},{"taxonomy":"product_cat","embeddable":true,"href":"https:\/\/chibolita.es\/index.php\/wp-json\/wp\/v2\/product_cat?post=10276"},{"taxonomy":"product_tag","embeddable":true,"href":"https:\/\/chibolita.es\/index.php\/wp-json\/wp\/v2\/product_tag?post=10276"}],"curies":[{"name":"wp","href":"https:\/\/api.w.org\/{rel}","templated":true}]}}