{"id":10256,"date":"2025-12-19T17:03:20","date_gmt":"2025-12-19T17:03:20","guid":{"rendered":"https:\/\/chibolita.es\/?post_type=product&#038;p=10256"},"modified":"2025-12-19T17:03:20","modified_gmt":"2025-12-19T17:03:20","slug":"leg-avenue-86123-set-body-bata-de-liguero-rojo-talla-m","status":"publish","type":"product","link":"https:\/\/chibolita.es\/index.php\/product\/leg-avenue-86123-set-body-bata-de-liguero-rojo-talla-m\/","title":{"rendered":"LEG AVENUE &#8211; 86123 SET BODY + BATA DE LIGUERO ROJO TALLA M"},"content":{"rendered":"<p>Sum\u00e9rgete en la sensualidad y el encanto con el conjunto teddy y bata \u201cLEG AVENUE \u2013 86123\u201d, una pieza dise\u00f1ada para despertar deseo y resaltar tu feminidad con un toque rom\u00e1ntico y provocador. Este exquisito set combina la delicadeza del encaje con la elegancia de una bata ligera, creando un look que envuelve el cuerpo con suavidad y sofisticaci\u00f3n.<\/p>\n<p>El body tipo teddy, confeccionado en un encaje suave y detallado, abraza tus curvas con un acabado transparente que insin\u00faa sin revelar por completo, equilibrando a la perfecci\u00f3n seducci\u00f3n y estilo. Su dise\u00f1o incorpora tirantes ajustables, permitiendo adaptar el ajuste seg\u00fan tu comodidad, realzando el busto y definiendo la silueta de manera favorecedora.\u00a0La bata a juego, ligera y vaporosa, se desliza suavemente sobre la piel, aportando elegancia y misterio con cada movimiento. Su corte fluido envuelve el cuerpo dejando entrever la lencer\u00eda interior, lo que a\u00f1ade un aire irresistiblemente tentador. El vibrante tono rojo, s\u00edmbolo de pasi\u00f3n e intensidad, convierte este conjunto en una elecci\u00f3n ideal para sorprender, seducir y celebrar momentos especiales.<\/p>\n<p>Perfecto para citas rom\u00e1nticas, aniversarios, San Valent\u00edn o simplemente para consentirte y sentirte incre\u00edble,\u00a0es una invitaci\u00f3n a explorar tu lado m\u00e1s sensual con estilo, confianza y un toque de glamour.<\/p>\n<p><u><strong>Materiales y cuidados<\/strong><\/u><\/p>\n<ul>\n<li>M\u00e1ximo 30 grados con cuidado<\/li>\n<li>No planchar<\/li>\n<li>No se permite el blanqueo con cloro<\/li>\n<li>No limpiar en seco<\/li>\n<\/ul>\n<p>&nbsp;<\/p>\n<p><u><strong>Leg Avenue<\/strong><\/u><\/p>\n<p>Los pioneros en lencer\u00eda sexy, calceter\u00eda y disfraces incre\u00edbles. \u00a1Aqu\u00ed se trata de ti! Sabemos que cada cuerpo es \u00fanico y creemos que todas las mujeres deber\u00edan verse y sentirse fant\u00e1sticas, sin importar su talla o forma. Por eso, nuestros dise\u00f1os siempre est\u00e1n enfocados en resaltar tus mejores atributos. Y en serio, lo decimos en serio cuando hablamos de telas ultra suaves y elasticidad de otro nivel. \u00bfComodidad y estilo? \u00a1Recontra s\u00ed!<\/p>\n<p>Leg Avenue est\u00e1 lleno de pasi\u00f3n, diversi\u00f3n y autoexpresi\u00f3n. Queremos que seas completamente t\u00fa misma, con un toque de picard\u00eda y toneladas de confianza. Descubre c\u00f3mo nuestra lencer\u00eda, medias y disfraces elevan tu look al siguiente nivel. Juntos, apuntamos a lo fant\u00e1stico y demostramos que el estilo no tiene talla.<\/p>\n","protected":false},"excerpt":{"rendered":"<p>Sum\u00e9rgete en la sensualidad y el encanto con el conjunto teddy y bata \u201cLEG AVENUE \u2013 86123\u201d, una pieza dise\u00f1ada para despertar deseo y resaltar tu feminidad con un toque rom\u00e1ntico y provocador. Este exquisito set combina la delicadeza del encaje con la elegancia de una bata ligera, creando un look que envuelve el cuerpo [&hellip;]<\/p>\n","protected":false},"featured_media":10263,"comment_status":"open","ping_status":"closed","template":"","meta":{"_eb_attr":"","site-sidebar-layout":"default","site-content-layout":"","ast-site-content-layout":"default","site-content-style":"default","site-sidebar-style":"default","ast-global-header-display":"","ast-banner-title-visibility":"","ast-main-header-display":"","ast-hfb-above-header-display":"","ast-hfb-below-header-display":"","ast-hfb-mobile-header-display":"","site-post-title":"","ast-breadcrumbs-content":"","ast-featured-img":"","footer-sml-layout":"","ast-disable-related-posts":"","theme-transparent-header-meta":"default","adv-header-id-meta":"","stick-header-meta":"","header-above-stick-meta":"","header-main-stick-meta":"","header-below-stick-meta":"","astra-migrate-meta-layouts":"set","ast-page-background-enabled":"default","ast-page-background-meta":{"desktop":{"background-color":"var(--ast-global-color-4)","background-image":"","background-repeat":"repeat","background-position":"center center","background-size":"auto","background-attachment":"scroll","background-type":"","background-media":"","overlay-type":"","overlay-color":"","overlay-opacity":"","overlay-gradient":""},"tablet":{"background-color":"","background-image":"","background-repeat":"repeat","background-position":"center center","background-size":"auto","background-attachment":"scroll","background-type":"","background-media":"","overlay-type":"","overlay-color":"","overlay-opacity":"","overlay-gradient":""},"mobile":{"background-color":"","background-image":"","background-repeat":"repeat","background-position":"center center","background-size":"auto","background-attachment":"scroll","background-type":"","background-media":"","overlay-type":"","overlay-color":"","overlay-opacity":"","overlay-gradient":""}},"ast-content-background-meta":{"desktop":{"background-color":"var(--ast-global-color-5)","background-image":"","background-repeat":"repeat","background-position":"center center","background-size":"auto","background-attachment":"scroll","background-type":"","background-media":"","overlay-type":"","overlay-color":"","overlay-opacity":"","overlay-gradient":""},"tablet":{"background-color":"var(--ast-global-color-5)","background-image":"","background-repeat":"repeat","background-position":"center center","background-size":"auto","background-attachment":"scroll","background-type":"","background-media":"","overlay-type":"","overlay-color":"","overlay-opacity":"","overlay-gradient":""},"mobile":{"background-color":"var(--ast-global-color-5)","background-image":"","background-repeat":"repeat","background-position":"center center","background-size":"auto","background-attachment":"scroll","background-type":"","background-media":"","overlay-type":"","overlay-color":"","overlay-opacity":"","overlay-gradient":""}}},"product_brand":[],"product_cat":[288,289,285],"product_tag":[],"class_list":{"0":"post-10256","1":"product","2":"type-product","3":"status-publish","4":"has-post-thumbnail","6":"product_cat-bodystocking","7":"product_cat-conjuntos-varias-piezas","8":"product_cat-lenceria","9":"desktop-align-left","10":"tablet-align-left","11":"mobile-align-left","13":"first","14":"instock","15":"sale","16":"shipping-taxable","17":"purchasable","18":"product-type-simple"},"_links":{"self":[{"href":"https:\/\/chibolita.es\/index.php\/wp-json\/wp\/v2\/product\/10256","targetHints":{"allow":["GET"]}}],"collection":[{"href":"https:\/\/chibolita.es\/index.php\/wp-json\/wp\/v2\/product"}],"about":[{"href":"https:\/\/chibolita.es\/index.php\/wp-json\/wp\/v2\/types\/product"}],"replies":[{"embeddable":true,"href":"https:\/\/chibolita.es\/index.php\/wp-json\/wp\/v2\/comments?post=10256"}],"wp:featuredmedia":[{"embeddable":true,"href":"https:\/\/chibolita.es\/index.php\/wp-json\/wp\/v2\/media\/10263"}],"wp:attachment":[{"href":"https:\/\/chibolita.es\/index.php\/wp-json\/wp\/v2\/media?parent=10256"}],"wp:term":[{"taxonomy":"product_brand","embeddable":true,"href":"https:\/\/chibolita.es\/index.php\/wp-json\/wp\/v2\/product_brand?post=10256"},{"taxonomy":"product_cat","embeddable":true,"href":"https:\/\/chibolita.es\/index.php\/wp-json\/wp\/v2\/product_cat?post=10256"},{"taxonomy":"product_tag","embeddable":true,"href":"https:\/\/chibolita.es\/index.php\/wp-json\/wp\/v2\/product_tag?post=10256"}],"curies":[{"name":"wp","href":"https:\/\/api.w.org\/{rel}","templated":true}]}}