{"id":10252,"date":"2025-12-19T16:58:52","date_gmt":"2025-12-19T16:58:52","guid":{"rendered":"https:\/\/chibolita.es\/?post_type=product&#038;p=10252"},"modified":"2025-12-19T16:58:52","modified_gmt":"2025-12-19T16:58:52","slug":"fun-factory-abby-g-vibrador-punto-g-morado-claro","status":"publish","type":"product","link":"https:\/\/chibolita.es\/index.php\/product\/fun-factory-abby-g-vibrador-punto-g-morado-claro\/","title":{"rendered":"FUN FACTORY &#8211; ABBY G VIBRADOR PUNTO G MORADO CLARO"},"content":{"rendered":"<p>El ABBY G es tu puerta de entrada a orgasmos sensacionales. Con su punta perfectamente curvada, este vibrador para el punto G est\u00e1 dise\u00f1ado para brindar placer localizado y, como su nombre lo indica, estimular con precisi\u00f3n tu punto G. Con 7,4 pulgadas de largo, alcanza todas tus zonas a\u00fan inexploradas, mientras que su sensual textura acanalada intensifica cada movimiento, creando sensaciones profundas y satisfactorias. A\u00f1ade un poco de lubricante a base de agua para llevar tu experiencia al siguiente nivel.<\/p>\n<p><strong>Dise\u00f1ado a tu medida<\/strong><br \/>\nCon 4 velocidades y 6 ritmos, t\u00fa tienes el control total, ya que puedes ajustar la intensidad seg\u00fan tu estado de \u00e1nimo. Fabricado con materiales seguros para el cuerpo e hipoalerg\u00e9nicos, el ABBY G garantiza comodidad y seguridad. Funciona con 2 pilas AAA (no incluidas), por lo que este juguete de placer siempre est\u00e1 listo cuando t\u00fa lo est\u00e1s: solo inserta las pilas y deja que comience el placer. Y gracias a su dise\u00f1o impermeable (IPX7), es perfecto para jugar en la ducha o en la ba\u00f1era.<\/p>\n<p><strong>Siempre listo cuando t\u00fa lo est\u00e1s<\/strong><br \/>\nEl ABBY G est\u00e1 creado para masajes precisos del punto G. Siente las vibraciones profundas y potentes que se sincronizan perfectamente con tu ritmo, listas para complacerte cuando la pasi\u00f3n llama. Disfruta de una calidad duradera respaldada por la garant\u00eda de 25 a\u00f1os de FUN FACTORY.<\/p>\n","protected":false},"excerpt":{"rendered":"<p>El ABBY G es tu puerta de entrada a orgasmos sensacionales. Con su punta perfectamente curvada, este vibrador para el punto G est\u00e1 dise\u00f1ado para brindar placer localizado y, como su nombre lo indica, estimular con precisi\u00f3n tu punto G. Con 7,4 pulgadas de largo, alcanza todas tus zonas a\u00fan inexploradas, mientras que su sensual [&hellip;]<\/p>\n","protected":false},"featured_media":10254,"comment_status":"open","ping_status":"closed","template":"","meta":{"_eb_attr":"","site-sidebar-layout":"default","site-content-layout":"","ast-site-content-layout":"default","site-content-style":"default","site-sidebar-style":"default","ast-global-header-display":"","ast-banner-title-visibility":"","ast-main-header-display":"","ast-hfb-above-header-display":"","ast-hfb-below-header-display":"","ast-hfb-mobile-header-display":"","site-post-title":"","ast-breadcrumbs-content":"","ast-featured-img":"","footer-sml-layout":"","ast-disable-related-posts":"","theme-transparent-header-meta":"default","adv-header-id-meta":"","stick-header-meta":"","header-above-stick-meta":"","header-main-stick-meta":"","header-below-stick-meta":"","astra-migrate-meta-layouts":"set","ast-page-background-enabled":"default","ast-page-background-meta":{"desktop":{"background-color":"var(--ast-global-color-4)","background-image":"","background-repeat":"repeat","background-position":"center center","background-size":"auto","background-attachment":"scroll","background-type":"","background-media":"","overlay-type":"","overlay-color":"","overlay-opacity":"","overlay-gradient":""},"tablet":{"background-color":"","background-image":"","background-repeat":"repeat","background-position":"center center","background-size":"auto","background-attachment":"scroll","background-type":"","background-media":"","overlay-type":"","overlay-color":"","overlay-opacity":"","overlay-gradient":""},"mobile":{"background-color":"","background-image":"","background-repeat":"repeat","background-position":"center center","background-size":"auto","background-attachment":"scroll","background-type":"","background-media":"","overlay-type":"","overlay-color":"","overlay-opacity":"","overlay-gradient":""}},"ast-content-background-meta":{"desktop":{"background-color":"var(--ast-global-color-5)","background-image":"","background-repeat":"repeat","background-position":"center center","background-size":"auto","background-attachment":"scroll","background-type":"","background-media":"","overlay-type":"","overlay-color":"","overlay-opacity":"","overlay-gradient":""},"tablet":{"background-color":"var(--ast-global-color-5)","background-image":"","background-repeat":"repeat","background-position":"center center","background-size":"auto","background-attachment":"scroll","background-type":"","background-media":"","overlay-type":"","overlay-color":"","overlay-opacity":"","overlay-gradient":""},"mobile":{"background-color":"var(--ast-global-color-5)","background-image":"","background-repeat":"repeat","background-position":"center center","background-size":"auto","background-attachment":"scroll","background-type":"","background-media":"","overlay-type":"","overlay-color":"","overlay-opacity":"","overlay-gradient":""}}},"product_brand":[],"product_cat":[260,262,263],"product_tag":[],"class_list":{"0":"post-10252","1":"product","2":"type-product","3":"status-publish","4":"has-post-thumbnail","6":"product_cat-dildos-y-vibradores","7":"product_cat-vibradores","8":"product_cat-vibradores-lay-on-clitoris","9":"desktop-align-left","10":"tablet-align-left","11":"mobile-align-left","13":"first","14":"instock","15":"sale","16":"shipping-taxable","17":"purchasable","18":"product-type-simple"},"_links":{"self":[{"href":"https:\/\/chibolita.es\/index.php\/wp-json\/wp\/v2\/product\/10252","targetHints":{"allow":["GET"]}}],"collection":[{"href":"https:\/\/chibolita.es\/index.php\/wp-json\/wp\/v2\/product"}],"about":[{"href":"https:\/\/chibolita.es\/index.php\/wp-json\/wp\/v2\/types\/product"}],"replies":[{"embeddable":true,"href":"https:\/\/chibolita.es\/index.php\/wp-json\/wp\/v2\/comments?post=10252"}],"wp:featuredmedia":[{"embeddable":true,"href":"https:\/\/chibolita.es\/index.php\/wp-json\/wp\/v2\/media\/10254"}],"wp:attachment":[{"href":"https:\/\/chibolita.es\/index.php\/wp-json\/wp\/v2\/media?parent=10252"}],"wp:term":[{"taxonomy":"product_brand","embeddable":true,"href":"https:\/\/chibolita.es\/index.php\/wp-json\/wp\/v2\/product_brand?post=10252"},{"taxonomy":"product_cat","embeddable":true,"href":"https:\/\/chibolita.es\/index.php\/wp-json\/wp\/v2\/product_cat?post=10252"},{"taxonomy":"product_tag","embeddable":true,"href":"https:\/\/chibolita.es\/index.php\/wp-json\/wp\/v2\/product_tag?post=10252"}],"curies":[{"name":"wp","href":"https:\/\/api.w.org\/{rel}","templated":true}]}}