{"id":10126,"date":"2025-11-05T13:32:43","date_gmt":"2025-11-05T13:32:43","guid":{"rendered":"https:\/\/chibolita.es\/?post_type=product&#038;p=10126"},"modified":"2025-11-05T13:32:44","modified_gmt":"2025-11-05T13:32:44","slug":"chilirose-cr-4870-body-crotchless-negro-xl","status":"publish","type":"product","link":"https:\/\/chibolita.es\/index.php\/product\/chilirose-cr-4870-body-crotchless-negro-xl\/","title":{"rendered":"CHILIROSE &#8211; CR 4870 BODY CROTCHLESS NEGRO XL"},"content":{"rendered":"<p><strong>CR 4870\u00a0<\/strong>descubra la lencer\u00eda que combina la delicadeza del encaje con el encanto de la malla transparente.\u00a0Este bodyabierto\u00a0presenta un escote pronunciado y detalles intrincados que acent\u00faan el busto y alargan la silueta.\u00a0La entrepierna abierta a\u00f1ade un toque atrevido, mientras que el corte profundo de la espalda resalta los hombros y los gl\u00fateos.<\/p>\n<p>Las correas ajustables garantizan un ajuste perfecto.\u00a0Un dise\u00f1o hecho para mujeres que quieren sentirse seguras, seductoras e irrestiblemente sexys, ya sea en momentos \u00edntimos o como una capa secreta debajo de un atuendo de noche.<\/p>\n<p><u><strong>CARACTERISTICAS:<\/strong><\/u><\/p>\n<ul>\n<li>Body \u00abOuvert\u00bb con entrepierna abierta\u00a0\u00a0confeccionado en encaje y malla transparente<\/li>\n<li>Escote profundo con copas de encaje.<\/li>\n<li>Frente decorado con paneles de encaje que alargan la silueta.<\/li>\n<li>Correas ajustables.<\/li>\n<li>Entrepierna abierta para un toque sensual.<\/li>\n<li>Composici\u00f3n del tejido:\u00a090% poliamida, 10% elastano<\/li>\n<li>Lavar a mano con agua tibia, no usar blanqueador ni secar en secadora.<\/li>\n<li>Tejido delicado: evitar el contacto con objetos afilados o joyas que puedan da\u00f1ar el material.<\/li>\n<li>Dise\u00f1ado para uso ocasional como lencer\u00eda er\u00f3tica, no para uso diario.<\/li>\n<li>Debido al dise\u00f1o de entrepierna abierta, el cuerpo no brinda protecci\u00f3n higi\u00e9nica completa; se recomienda precauci\u00f3n en caso de uso prolongado.<\/li>\n<li>Colores: Negro y rojo<\/li>\n<\/ul>\n<p>&nbsp;<\/p>\n<p>La marca\u00a0<strong>CHILIROSE\u00a0<\/strong>fue creada en 2008 y nuestra misi\u00f3n es ofrecer lencer\u00eda sensual y excitante a nuestros clientes a un precio competitivo. Ahora, en 2022, despu\u00e9s de 14 a\u00f1os, somos una de las principales empresas de lencer\u00eda ex\u00f3tica y tenemos una gran colecci\u00f3n de ropa de dormir, vestidos, batas, cors\u00e9s, vestidos, ropa de discoteca y m\u00e1s. Nuestro estricto control de calidad garantiza a nuestros clientes la plena satisfacci\u00f3n y hace que vender sea un placer. Cuidamos especialmente la selecci\u00f3n de nuestros materiales y la mano de obra. Ofrecemos muchos estilos nuevos y fant\u00e1sticos con regularidad y esperamos sorprenderlo positivamente cada vez.<\/p>\n","protected":false},"excerpt":{"rendered":"<p>CR 4870\u00a0descubra la lencer\u00eda que combina la delicadeza del encaje con el encanto de la malla transparente.\u00a0Este bodyabierto\u00a0presenta un escote pronunciado y detalles intrincados que acent\u00faan el busto y alargan la silueta.\u00a0La entrepierna abierta a\u00f1ade un toque atrevido, mientras que el corte profundo de la espalda resalta los hombros y los gl\u00fateos. Las correas ajustables [&hellip;]<\/p>\n","protected":false},"featured_media":10128,"comment_status":"open","ping_status":"closed","template":"","meta":{"_eb_attr":"","site-sidebar-layout":"default","site-content-layout":"","ast-site-content-layout":"default","site-content-style":"default","site-sidebar-style":"default","ast-global-header-display":"","ast-banner-title-visibility":"","ast-main-header-display":"","ast-hfb-above-header-display":"","ast-hfb-below-header-display":"","ast-hfb-mobile-header-display":"","site-post-title":"","ast-breadcrumbs-content":"","ast-featured-img":"","footer-sml-layout":"","ast-disable-related-posts":"","theme-transparent-header-meta":"default","adv-header-id-meta":"","stick-header-meta":"","header-above-stick-meta":"","header-main-stick-meta":"","header-below-stick-meta":"","astra-migrate-meta-layouts":"set","ast-page-background-enabled":"default","ast-page-background-meta":{"desktop":{"background-color":"var(--ast-global-color-4)","background-image":"","background-repeat":"repeat","background-position":"center center","background-size":"auto","background-attachment":"scroll","background-type":"","background-media":"","overlay-type":"","overlay-color":"","overlay-opacity":"","overlay-gradient":""},"tablet":{"background-color":"","background-image":"","background-repeat":"repeat","background-position":"center center","background-size":"auto","background-attachment":"scroll","background-type":"","background-media":"","overlay-type":"","overlay-color":"","overlay-opacity":"","overlay-gradient":""},"mobile":{"background-color":"","background-image":"","background-repeat":"repeat","background-position":"center center","background-size":"auto","background-attachment":"scroll","background-type":"","background-media":"","overlay-type":"","overlay-color":"","overlay-opacity":"","overlay-gradient":""}},"ast-content-background-meta":{"desktop":{"background-color":"var(--ast-global-color-5)","background-image":"","background-repeat":"repeat","background-position":"center center","background-size":"auto","background-attachment":"scroll","background-type":"","background-media":"","overlay-type":"","overlay-color":"","overlay-opacity":"","overlay-gradient":""},"tablet":{"background-color":"var(--ast-global-color-5)","background-image":"","background-repeat":"repeat","background-position":"center center","background-size":"auto","background-attachment":"scroll","background-type":"","background-media":"","overlay-type":"","overlay-color":"","overlay-opacity":"","overlay-gradient":""},"mobile":{"background-color":"var(--ast-global-color-5)","background-image":"","background-repeat":"repeat","background-position":"center center","background-size":"auto","background-attachment":"scroll","background-type":"","background-media":"","overlay-type":"","overlay-color":"","overlay-opacity":"","overlay-gradient":""}}},"product_brand":[],"product_cat":[287,288,289,285,290],"product_tag":[],"class_list":{"0":"post-10126","1":"product","2":"type-product","3":"status-publish","4":"has-post-thumbnail","6":"product_cat-babydoll","7":"product_cat-bodystocking","8":"product_cat-conjuntos-varias-piezas","9":"product_cat-lenceria","10":"product_cat-tallas-grandes","11":"desktop-align-left","12":"tablet-align-left","13":"mobile-align-left","15":"first","16":"instock","17":"sale","18":"shipping-taxable","19":"purchasable","20":"product-type-simple"},"_links":{"self":[{"href":"https:\/\/chibolita.es\/index.php\/wp-json\/wp\/v2\/product\/10126","targetHints":{"allow":["GET"]}}],"collection":[{"href":"https:\/\/chibolita.es\/index.php\/wp-json\/wp\/v2\/product"}],"about":[{"href":"https:\/\/chibolita.es\/index.php\/wp-json\/wp\/v2\/types\/product"}],"replies":[{"embeddable":true,"href":"https:\/\/chibolita.es\/index.php\/wp-json\/wp\/v2\/comments?post=10126"}],"wp:featuredmedia":[{"embeddable":true,"href":"https:\/\/chibolita.es\/index.php\/wp-json\/wp\/v2\/media\/10128"}],"wp:attachment":[{"href":"https:\/\/chibolita.es\/index.php\/wp-json\/wp\/v2\/media?parent=10126"}],"wp:term":[{"taxonomy":"product_brand","embeddable":true,"href":"https:\/\/chibolita.es\/index.php\/wp-json\/wp\/v2\/product_brand?post=10126"},{"taxonomy":"product_cat","embeddable":true,"href":"https:\/\/chibolita.es\/index.php\/wp-json\/wp\/v2\/product_cat?post=10126"},{"taxonomy":"product_tag","embeddable":true,"href":"https:\/\/chibolita.es\/index.php\/wp-json\/wp\/v2\/product_tag?post=10126"}],"curies":[{"name":"wp","href":"https:\/\/api.w.org\/{rel}","templated":true}]}}