{"id":10031,"date":"2025-10-12T19:00:48","date_gmt":"2025-10-12T19:00:48","guid":{"rendered":"https:\/\/chibolita.es\/?post_type=product&#038;p=10031"},"modified":"2026-04-18T09:14:25","modified_gmt":"2026-04-18T09:14:25","slug":"super-careforce-super-delay-10-pastillas","status":"publish","type":"product","link":"https:\/\/chibolita.es\/index.php\/product\/super-careforce-super-delay-10-pastillas\/","title":{"rendered":"Super Careforce \u2013 SUPER DELAY \u2013 10 pastillas"},"content":{"rendered":"<p>Bl\u00edster de 10 c\u00e1psulas<\/p>\n<p>Super CAREFORCE \u2013 SUPER DELAY, adem\u00e1s de su acci\u00f3n retardante, es un potenciador que permite erecciones m\u00e1s fuertes y duraderas.<\/p>\n<p>\u00a1Dos efectos\u2026 una sola pastilla!<\/p>\n<p>\u00a1Conf\u00eda en la calidad de Cenforce!<\/p>\n<p>Tomar 60 minutos antes de la actividad sexual.<\/p>\n<p>Dura aproximadamente de 6 a 8 horas, siempre que haya estimulaci\u00f3n.<\/p>\n<p>No se recomienda el consumo de grandes cantidades de alcohol.<\/p>\n<p>El alcohol y los alimentos grasosos reducen la eficacia del preparado.<\/p>\n","protected":false},"excerpt":{"rendered":"<p>Bl\u00edster de 10 c\u00e1psulas Super CAREFORCE \u2013 SUPER DELAY, adem\u00e1s de su acci\u00f3n retardante, es un potenciador que permite erecciones m\u00e1s fuertes y duraderas. \u00a1Dos efectos\u2026 una sola pastilla! \u00a1Conf\u00eda en la calidad de Cenforce! Tomar 60 minutos antes de la actividad sexual. Dura aproximadamente de 6 a 8 horas, siempre que haya estimulaci\u00f3n. No [&hellip;]<\/p>\n","protected":false},"featured_media":10032,"comment_status":"open","ping_status":"closed","template":"","meta":{"_eb_attr":"","site-sidebar-layout":"default","site-content-layout":"","ast-site-content-layout":"default","site-content-style":"default","site-sidebar-style":"default","ast-global-header-display":"","ast-banner-title-visibility":"","ast-main-header-display":"","ast-hfb-above-header-display":"","ast-hfb-below-header-display":"","ast-hfb-mobile-header-display":"","site-post-title":"","ast-breadcrumbs-content":"","ast-featured-img":"","footer-sml-layout":"","ast-disable-related-posts":"","theme-transparent-header-meta":"default","adv-header-id-meta":"","stick-header-meta":"","header-above-stick-meta":"","header-main-stick-meta":"","header-below-stick-meta":"","astra-migrate-meta-layouts":"set","ast-page-background-enabled":"default","ast-page-background-meta":{"desktop":{"background-color":"var(--ast-global-color-4)","background-image":"","background-repeat":"repeat","background-position":"center center","background-size":"auto","background-attachment":"scroll","background-type":"","background-media":"","overlay-type":"","overlay-color":"","overlay-opacity":"","overlay-gradient":""},"tablet":{"background-color":"","background-image":"","background-repeat":"repeat","background-position":"center center","background-size":"auto","background-attachment":"scroll","background-type":"","background-media":"","overlay-type":"","overlay-color":"","overlay-opacity":"","overlay-gradient":""},"mobile":{"background-color":"","background-image":"","background-repeat":"repeat","background-position":"center center","background-size":"auto","background-attachment":"scroll","background-type":"","background-media":"","overlay-type":"","overlay-color":"","overlay-opacity":"","overlay-gradient":""}},"ast-content-background-meta":{"desktop":{"background-color":"var(--ast-global-color-5)","background-image":"","background-repeat":"repeat","background-position":"center center","background-size":"auto","background-attachment":"scroll","background-type":"","background-media":"","overlay-type":"","overlay-color":"","overlay-opacity":"","overlay-gradient":""},"tablet":{"background-color":"var(--ast-global-color-5)","background-image":"","background-repeat":"repeat","background-position":"center center","background-size":"auto","background-attachment":"scroll","background-type":"","background-media":"","overlay-type":"","overlay-color":"","overlay-opacity":"","overlay-gradient":""},"mobile":{"background-color":"var(--ast-global-color-5)","background-image":"","background-repeat":"repeat","background-position":"center center","background-size":"auto","background-attachment":"scroll","background-type":"","background-media":"","overlay-type":"","overlay-color":"","overlay-opacity":"","overlay-gradient":""}}},"product_brand":[],"product_cat":[314,230,236,311],"product_tag":[],"class_list":{"0":"post-10031","1":"product","2":"type-product","3":"status-publish","4":"has-post-thumbnail","6":"product_cat-dapoxetina","7":"product_cat-farmacia","8":"product_cat-retardantes","9":"product_cat-sildenafil","10":"desktop-align-left","11":"tablet-align-left","12":"mobile-align-left","14":"first","15":"instock","16":"shipping-taxable","17":"purchasable","18":"product-type-simple"},"_links":{"self":[{"href":"https:\/\/chibolita.es\/index.php\/wp-json\/wp\/v2\/product\/10031","targetHints":{"allow":["GET"]}}],"collection":[{"href":"https:\/\/chibolita.es\/index.php\/wp-json\/wp\/v2\/product"}],"about":[{"href":"https:\/\/chibolita.es\/index.php\/wp-json\/wp\/v2\/types\/product"}],"replies":[{"embeddable":true,"href":"https:\/\/chibolita.es\/index.php\/wp-json\/wp\/v2\/comments?post=10031"}],"wp:featuredmedia":[{"embeddable":true,"href":"https:\/\/chibolita.es\/index.php\/wp-json\/wp\/v2\/media\/10032"}],"wp:attachment":[{"href":"https:\/\/chibolita.es\/index.php\/wp-json\/wp\/v2\/media?parent=10031"}],"wp:term":[{"taxonomy":"product_brand","embeddable":true,"href":"https:\/\/chibolita.es\/index.php\/wp-json\/wp\/v2\/product_brand?post=10031"},{"taxonomy":"product_cat","embeddable":true,"href":"https:\/\/chibolita.es\/index.php\/wp-json\/wp\/v2\/product_cat?post=10031"},{"taxonomy":"product_tag","embeddable":true,"href":"https:\/\/chibolita.es\/index.php\/wp-json\/wp\/v2\/product_tag?post=10031"}],"curies":[{"name":"wp","href":"https:\/\/api.w.org\/{rel}","templated":true}]}}